{"id":68402,"date":"2024-12-24T08:50:29","date_gmt":"2024-10-25T17:08:50","guid":{"rendered":"https:\/\/langedykvintagewatches.com\/?post_type=product&#038;p=68402"},"modified":"2024-12-24T08:50:29","modified_gmt":"2024-12-24T08:50:29","slug":"rolex-submariner-124060-2","status":"publish","type":"product","link":"https:\/\/langedykvintagewatches.com\/de\/produkt\/rolex-submariner-124060-2\/","title":{"rendered":"Rolex Submariner No-Date 124060 2021 (Vollst\u00e4ndiger Satz)"},"content":{"rendered":"","protected":false},"excerpt":{"rendered":"<p>Rolex ist die ber\u00fchmteste Uhrenmarke aller Zeiten und hat daher eine sehr lange und bedeutende Geschichte. Die Submariner ist seit Jahrzehnten eines der Aush\u00e4ngeschilder der Marke. Mit einer Geschichte, die fast 70 Jahre zur\u00fcckreicht, hat sich diese Uhr immer wieder als die kultigste Taucheruhr auf dem Markt bew\u00e4hrt.<\/p>\n<p>Diese Rolex Submariner 124060 stammt aus dem Jahr 2021 und ist das perfekte Beispiel f\u00fcr eine moderne, zeitlose Uhr. Diese ikonische Uhr hat ein 41-mm-Oyster-Geh\u00e4use aus Edelstahl mit Kronenschutz, um die Krone bei allen Aktivit\u00e4ten gut zu sch\u00fctzen. Das Oyster-Geh\u00e4use, das f\u00fcr seine Wasserdichtigkeit bekannt ist, hat im Fall der Submariner eine Wasserdichtigkeit von bis zu 300 m.<\/p>\n<p>Diese Rolex Submariner hat ein schwarzes Zifferblatt und eine Keramikl\u00fcnette, die ideal f\u00fcr Taucher ist. Unter dem Zifferblatt befindet sich das neue Rolex-Kaliber 3230, ein sehr zuverl\u00e4ssiger Zeitmesser mit einer Gangreserve von etwa 70 Stunden.<\/p>\n<p>Diese Rolex Submariner 124060 wird mit einem Rolex Oyster-Armband mit Gleitschlie\u00dfe geliefert. Die Uhr kommt mit Original-Box, Karte und (Handbuch) Brosch\u00fcren und ist in ausgezeichnetem Zustand, durch dicke, scharfe Fall und solide Oyster-Armband gezeigt. Diese Uhr ist perfekt f\u00fcr alle, die eine ikonische Uhr mit der ultimativen Balance aus moderner Verarbeitungsqualit\u00e4t und Vintage-Charakter suchen.<\/p>\n<p>Jede Uhr, die von Langedyk Vintage Watches verkauft wird, wird mit einer LVW-Uhrenbox, einem Echtheitsbericht und einem kostenlosen weltweiten (versicherten) Versand geliefert. Dar\u00fcber hinaus wird jede gebrauchte Uhr mit unserer 12-monatigen Garantie ab dem Kaufdatum angeboten.<\/p>\n<p>Werfen Sie auch einen Blick auf unsere komplette Kollektion von Rolex Submariner Uhren.<\/p>\n","protected":false},"featured_media":73027,"template":"","meta":{"_acf_changed":false},"product_brand":[],"product_cat":[1909,2022,1910,1914,1915,2001,2021,2600],"product_tag":[],"class_list":{"0":"post-68402","1":"product","2":"type-product","3":"status-publish","4":"has-post-thumbnail","5":"product_cat-herrenuhren","6":"product_cat-armbanduhren","7":"product_cat-neu-eingetroffen","8":"product_cat-rolex-de","9":"product_cat-rolex-brands-de","10":"product_cat-submariner-de","11":"product_cat-unisex-armbanduhren","12":"product_cat-verkaufte-uhren","14":"first","15":"outofstock","16":"taxable","17":"shipping-taxable","18":"purchasable","19":"product-type-simple"},"acf":[],"_links":{"self":[{"href":"https:\/\/langedykvintagewatches.com\/de\/wp-json\/wp\/v2\/product\/68402","targetHints":{"allow":["GET"]}}],"collection":[{"href":"https:\/\/langedykvintagewatches.com\/de\/wp-json\/wp\/v2\/product"}],"about":[{"href":"https:\/\/langedykvintagewatches.com\/de\/wp-json\/wp\/v2\/types\/product"}],"wp:featuredmedia":[{"embeddable":true,"href":"https:\/\/langedykvintagewatches.com\/de\/wp-json\/wp\/v2\/media\/73027"}],"wp:attachment":[{"href":"https:\/\/langedykvintagewatches.com\/de\/wp-json\/wp\/v2\/media?parent=68402"}],"wp:term":[{"taxonomy":"product_brand","embeddable":true,"href":"https:\/\/langedykvintagewatches.com\/de\/wp-json\/wp\/v2\/product_brand?post=68402"},{"taxonomy":"product_cat","embeddable":true,"href":"https:\/\/langedykvintagewatches.com\/de\/wp-json\/wp\/v2\/product_cat?post=68402"},{"taxonomy":"product_tag","embeddable":true,"href":"https:\/\/langedykvintagewatches.com\/de\/wp-json\/wp\/v2\/product_tag?post=68402"}],"curies":[{"name":"wp","href":"https:\/\/api.w.org\/{rel}","templated":true}]}}