{"id":67937,"date":"2024-10-22T07:26:08","date_gmt":"2024-10-17T17:35:15","guid":{"rendered":"https:\/\/langedykvintagewatches.com\/?post_type=product&#038;p=67937"},"modified":"2024-10-22T07:25:08","modified_gmt":"2024-10-22T07:25:08","slug":"rolex-day-date-18239-3","status":"publish","type":"product","link":"https:\/\/langedykvintagewatches.com\/de\/produkt\/rolex-day-date-18239-3\/","title":{"rendered":"Rolex Day-Date Silver Diamond 18239 1995"},"content":{"rendered":"","protected":false},"excerpt":{"rendered":"<p>Rolex Oyster Perpetual Day-Date Referenz 18239 aus dem Jahr 1995. Die Day-Date 18239 misst ein 36mm 18k Wei\u00dfgold Geh\u00e4use, ein 18k Wei\u00dfgold Pr\u00e4sident Armband mit verdeckter Kronenschlie\u00dfe und kannelierte 18k Wei\u00dfgold L\u00fcnette. Diese Day-Date 18239 verf\u00fcgt \u00fcber ein Automatikwerk Kaliber 3155 mit doppelter Schnellverstellung des Datums, ein kratzfestes Saphirglas und ein silbernes Zifferblatt mit Diamantindexen und Tritiumzeigern.<\/p>\n<p>Jede Uhr, die von Langedyk Vintage Watches verkauft wird, wird mit einer LVW-Uhrenbox, einem Echtheitsbericht und einem kostenlosen weltweiten (versicherten) Versand geliefert. Dar\u00fcber hinaus gilt f\u00fcr jede gebrauchte Uhr unsere 12-monatige Garantie ab dem Kaufdatum.<\/p>\n<p>Wenn Sie Fragen haben oder zus\u00e4tzliche Informationen zu dieser Uhr erhalten m\u00f6chten, k\u00f6nnen Sie uns gerne telefonisch oder per E-Mail kontaktieren. Wir werden Ihre Anfrage so schnell wie m\u00f6glich beantworten.<\/p>\n<p>Werfen Sie auch einen Blick auf unsere komplette Kollektion von Rolex <a href=\"https:\/\/langedykvintagewatches.com\/de\/rolex-brands-de\/day-date-de\/\">Day-Date<\/a> Uhren.<\/p>\n","protected":false},"featured_media":68314,"template":"","meta":{"_acf_changed":false},"product_brand":[],"product_cat":[1914,1955,2022,2023,1951,1909,1910,1915,2021,2600],"product_tag":[],"class_list":{"0":"post-67937","1":"product","2":"type-product","3":"status-publish","4":"has-post-thumbnail","5":"product_cat-rolex-de","6":"product_cat-18239-de","7":"product_cat-armbanduhren","8":"product_cat-damenuhren","9":"product_cat-day-date-de","10":"product_cat-herrenuhren","11":"product_cat-neu-eingetroffen","12":"product_cat-rolex-brands-de","13":"product_cat-unisex-armbanduhren","14":"product_cat-verkaufte-uhren","16":"first","17":"outofstock","18":"taxable","19":"shipping-taxable","20":"purchasable","21":"product-type-simple"},"acf":[],"_links":{"self":[{"href":"https:\/\/langedykvintagewatches.com\/de\/wp-json\/wp\/v2\/product\/67937","targetHints":{"allow":["GET"]}}],"collection":[{"href":"https:\/\/langedykvintagewatches.com\/de\/wp-json\/wp\/v2\/product"}],"about":[{"href":"https:\/\/langedykvintagewatches.com\/de\/wp-json\/wp\/v2\/types\/product"}],"wp:featuredmedia":[{"embeddable":true,"href":"https:\/\/langedykvintagewatches.com\/de\/wp-json\/wp\/v2\/media\/68314"}],"wp:attachment":[{"href":"https:\/\/langedykvintagewatches.com\/de\/wp-json\/wp\/v2\/media?parent=67937"}],"wp:term":[{"taxonomy":"product_brand","embeddable":true,"href":"https:\/\/langedykvintagewatches.com\/de\/wp-json\/wp\/v2\/product_brand?post=67937"},{"taxonomy":"product_cat","embeddable":true,"href":"https:\/\/langedykvintagewatches.com\/de\/wp-json\/wp\/v2\/product_cat?post=67937"},{"taxonomy":"product_tag","embeddable":true,"href":"https:\/\/langedykvintagewatches.com\/de\/wp-json\/wp\/v2\/product_tag?post=67937"}],"curies":[{"name":"wp","href":"https:\/\/api.w.org\/{rel}","templated":true}]}}