{"id":66875,"date":"2024-10-01T07:34:16","date_gmt":"2024-09-26T14:15:18","guid":{"rendered":"https:\/\/langedykvintagewatches.com\/?post_type=product&#038;p=66875"},"modified":"2024-10-01T07:33:18","modified_gmt":"2024-10-01T07:33:18","slug":"rolex-oysterquartz-17000","status":"publish","type":"product","link":"https:\/\/langedykvintagewatches.com\/de\/produkt\/rolex-oysterquartz-17000\/","title":{"rendered":"Rolex Oysterquartz Galaxy Dial 17000 1978 (Vollst\u00e4ndiger Satz)"},"content":{"rendered":"","protected":false},"excerpt":{"rendered":"<div>Rolex Oysterquartz Referenz 17000 mit komplettem Set. Die Oysterquartz Referenz 17000 misst ein 36mm Edelstahlgeh\u00e4use, ein Edelstahl-Oyster-Armband mit Oysterclasp und glatter Edelstahll\u00fcnette. Die Oysterquartz Referenz 17000 verf\u00fcgt \u00fcber ein Quarzwerk Kaliber 5035, ein kratzfestes Saphirglas und ein galaktisches Zifferblatt mit silbernen Markierungen.<\/div>\n<div><\/div>\n<div>Auf jede gebrauchte Uhr, die wir verkaufen, gew\u00e4hren wir 12 Monate Garantie ab Kaufdatum.Jede Uhr, die von Langedyk Vintage Watches verkauft wird, wird mit einer LVW-Uhrenbox, einem Echtheitsbericht und einem kostenlosen weltweiten (versicherten) Versand geliefert.<\/div>\n<p>Auf jede gebrauchte Uhr, die wir verkaufen, gew\u00e4hren wir 12 Monate Garantie ab Kaufdatum. Jede von Langedyk Vintage Watches verkaufte Uhr wird mit einer LVW-Uhrenbox, einem Echtheitsbericht und einem kostenlosen weltweiten (versicherten) Versand geliefert.<\/p>\n<p>Wenn Sie Fragen haben oder weitere Informationen zu dieser Uhr erhalten m\u00f6chten, k\u00f6nnen Sie uns gerne telefonisch oder per E-Mail kontaktieren. Wir werden so schnell wie m\u00f6glich auf Ihre Anfrage reagieren.<\/p>\n<p>Werfen Sie auch einen Blick auf unsere komplette Kollektion von Rolex <a href=\"https:\/\/langedykvintagewatches.com\/de\/rolex-brands-de\/oyster-perpetual-de\/\">Oyster Perpetual<\/a> Uhren.<\/p>\n","protected":false},"featured_media":67004,"template":"","meta":{"_acf_changed":false},"product_brand":[],"product_cat":[2022,1909,1910,1914,1915],"product_tag":[],"class_list":{"0":"post-66875","1":"product","2":"type-product","3":"status-publish","4":"has-post-thumbnail","5":"product_cat-armbanduhren","6":"product_cat-herrenuhren","7":"product_cat-neu-eingetroffen","8":"product_cat-rolex-de","9":"product_cat-rolex-brands-de","11":"first","12":"outofstock","13":"taxable","14":"shipping-taxable","15":"purchasable","16":"product-type-simple"},"acf":[],"_links":{"self":[{"href":"https:\/\/langedykvintagewatches.com\/de\/wp-json\/wp\/v2\/product\/66875","targetHints":{"allow":["GET"]}}],"collection":[{"href":"https:\/\/langedykvintagewatches.com\/de\/wp-json\/wp\/v2\/product"}],"about":[{"href":"https:\/\/langedykvintagewatches.com\/de\/wp-json\/wp\/v2\/types\/product"}],"wp:featuredmedia":[{"embeddable":true,"href":"https:\/\/langedykvintagewatches.com\/de\/wp-json\/wp\/v2\/media\/67004"}],"wp:attachment":[{"href":"https:\/\/langedykvintagewatches.com\/de\/wp-json\/wp\/v2\/media?parent=66875"}],"wp:term":[{"taxonomy":"product_brand","embeddable":true,"href":"https:\/\/langedykvintagewatches.com\/de\/wp-json\/wp\/v2\/product_brand?post=66875"},{"taxonomy":"product_cat","embeddable":true,"href":"https:\/\/langedykvintagewatches.com\/de\/wp-json\/wp\/v2\/product_cat?post=66875"},{"taxonomy":"product_tag","embeddable":true,"href":"https:\/\/langedykvintagewatches.com\/de\/wp-json\/wp\/v2\/product_tag?post=66875"}],"curies":[{"name":"wp","href":"https:\/\/api.w.org\/{rel}","templated":true}]}}