{"id":66869,"date":"2024-10-01T07:34:19","date_gmt":"2024-09-26T13:55:52","guid":{"rendered":"https:\/\/langedykvintagewatches.com\/?post_type=product&#038;p=66869"},"modified":"2024-10-01T07:33:20","modified_gmt":"2024-10-01T07:33:20","slug":"rolex-submariner-16800","status":"publish","type":"product","link":"https:\/\/langedykvintagewatches.com\/de\/produkt\/rolex-submariner-16800\/","title":{"rendered":"Rolex Submariner Date Tropical Zorro 168000 1988 (Vollst\u00e4ndiger Satz)"},"content":{"rendered":"","protected":false},"excerpt":{"rendered":"<p>Rolex Oyster Perpetual Submariner Date Reference 168000 aus dem Jahr 1988 mit komplettem Set. Die Submariner 168000 misst ein 40mm Edelstahlgeh\u00e4use, ein Edelstahl-Oyster-Armband mit Fliplock-Schlie\u00dfe und schwarzer drehbarer L\u00fcnette. Die Submariner 168000 verf\u00fcgt \u00fcber ein Automatikkaliber 3035 mit Schnellverstellung des Datums, ein kratzfestes Saphirglas und ein Tropical Zorro Zifferblat.<\/p>\n<p>Jede Uhr, die von Langedyk Vintage Watches verkauft wird, wird mit einer LVW-Uhrenbox, einem Echtheitsbericht und einem kostenlosen weltweiten (versicherten) Versand geliefert. Dar\u00fcber hinaus wird jede gebrauchte Uhr mit unserer 12-monatigen Garantie ab dem Kaufdatum angeboten.<\/p>\n<p>Werfen Sie auch einen Blick auf unsere komplette Kollektion von Rolex <a href=\"https:\/\/langedykvintagewatches.com\/de\/rolex-brands-de\/submariner-de\/\">Submariner<\/a> Uhren.<\/p>\n","protected":false},"featured_media":66908,"template":"","meta":{"_acf_changed":false},"product_brand":[],"product_cat":[2022,1909,1910,1914,1915,2001,2021,2600],"product_tag":[],"class_list":{"0":"post-66869","1":"product","2":"type-product","3":"status-publish","4":"has-post-thumbnail","5":"product_cat-armbanduhren","6":"product_cat-herrenuhren","7":"product_cat-neu-eingetroffen","8":"product_cat-rolex-de","9":"product_cat-rolex-brands-de","10":"product_cat-submariner-de","11":"product_cat-unisex-armbanduhren","12":"product_cat-verkaufte-uhren","14":"first","15":"outofstock","16":"taxable","17":"shipping-taxable","18":"purchasable","19":"product-type-simple"},"acf":[],"_links":{"self":[{"href":"https:\/\/langedykvintagewatches.com\/de\/wp-json\/wp\/v2\/product\/66869","targetHints":{"allow":["GET"]}}],"collection":[{"href":"https:\/\/langedykvintagewatches.com\/de\/wp-json\/wp\/v2\/product"}],"about":[{"href":"https:\/\/langedykvintagewatches.com\/de\/wp-json\/wp\/v2\/types\/product"}],"wp:featuredmedia":[{"embeddable":true,"href":"https:\/\/langedykvintagewatches.com\/de\/wp-json\/wp\/v2\/media\/66908"}],"wp:attachment":[{"href":"https:\/\/langedykvintagewatches.com\/de\/wp-json\/wp\/v2\/media?parent=66869"}],"wp:term":[{"taxonomy":"product_brand","embeddable":true,"href":"https:\/\/langedykvintagewatches.com\/de\/wp-json\/wp\/v2\/product_brand?post=66869"},{"taxonomy":"product_cat","embeddable":true,"href":"https:\/\/langedykvintagewatches.com\/de\/wp-json\/wp\/v2\/product_cat?post=66869"},{"taxonomy":"product_tag","embeddable":true,"href":"https:\/\/langedykvintagewatches.com\/de\/wp-json\/wp\/v2\/product_tag?post=66869"}],"curies":[{"name":"wp","href":"https:\/\/api.w.org\/{rel}","templated":true}]}}