{"id":66860,"date":"2024-10-01T07:34:22","date_gmt":"2024-09-26T13:20:06","guid":{"rendered":"https:\/\/langedykvintagewatches.com\/?post_type=product&#038;p=66860"},"modified":"2024-10-01T07:33:23","modified_gmt":"2024-10-01T07:33:23","slug":"rolex-submariner-16803","status":"publish","type":"product","link":"https:\/\/langedykvintagewatches.com\/de\/produkt\/rolex-submariner-16803\/","title":{"rendered":"Rolex Submariner Date Spider 16803 1984 (Vollst\u00e4ndiger Satz)"},"content":{"rendered":"","protected":false},"excerpt":{"rendered":"<div>Rolex Oyster Perpetual Submariner Date Referenz 16803 aus dem Jahr 1984 mit komplettem Set. Die Submariner 16803 misst ein 40mm Edelstahl\/Gold Geh\u00e4use, ein Edelstahl\/Gold Oyster Armband mit Fliplock Schlie\u00dfe und schwarzer drehbarer L\u00fcnette. Die Submariner 16803 verf\u00fcgt \u00fcber ein Automatikkaliber 3035 mit Schnellverstellung des Datums, ein kratzfestes Saphirglas und ein schwarzes Spinnenzifferblatt mit Tritiumzeigern.<\/div>\n<p>Jede Uhr, die von Langedyk Vintage Watches verkauft wird, wird mit einer LVW-Uhrenbox, einem Echtheitsbericht und einem kostenlosen weltweiten (versicherten) Versand geliefert. Dar\u00fcber hinaus gilt f\u00fcr jede gebrauchte Uhr unsere 12-monatige Garantie ab dem Kaufdatum.<\/p>\n<p>Wenn Sie Fragen haben oder zus\u00e4tzliche Informationen zu dieser Uhr erhalten m\u00f6chten, k\u00f6nnen Sie uns gerne telefonisch oder per E-Mail kontaktieren. Wir werden Ihre Anfrage so schnell wie m\u00f6glich beantworten.<\/p>\n<p>Werfen Sie auch einen Blick auf unser komplettes Angebot an <a href=\"https:\/\/langedykvintagewatches.com\/rolex-brands\/submariner\/\">Rolex Submariner<\/a> Uhren.<\/p>\n","protected":false},"featured_media":66884,"template":"","meta":{"_acf_changed":false},"product_brand":[],"product_cat":[1909,2022,1910,1914,1915,2001,2021],"product_tag":[],"class_list":{"0":"post-66860","1":"product","2":"type-product","3":"status-publish","4":"has-post-thumbnail","5":"product_cat-herrenuhren","6":"product_cat-armbanduhren","7":"product_cat-neu-eingetroffen","8":"product_cat-rolex-de","9":"product_cat-rolex-brands-de","10":"product_cat-submariner-de","11":"product_cat-unisex-armbanduhren","13":"first","14":"outofstock","15":"taxable","16":"shipping-taxable","17":"purchasable","18":"product-type-simple"},"acf":[],"_links":{"self":[{"href":"https:\/\/langedykvintagewatches.com\/de\/wp-json\/wp\/v2\/product\/66860","targetHints":{"allow":["GET"]}}],"collection":[{"href":"https:\/\/langedykvintagewatches.com\/de\/wp-json\/wp\/v2\/product"}],"about":[{"href":"https:\/\/langedykvintagewatches.com\/de\/wp-json\/wp\/v2\/types\/product"}],"wp:featuredmedia":[{"embeddable":true,"href":"https:\/\/langedykvintagewatches.com\/de\/wp-json\/wp\/v2\/media\/66884"}],"wp:attachment":[{"href":"https:\/\/langedykvintagewatches.com\/de\/wp-json\/wp\/v2\/media?parent=66860"}],"wp:term":[{"taxonomy":"product_brand","embeddable":true,"href":"https:\/\/langedykvintagewatches.com\/de\/wp-json\/wp\/v2\/product_brand?post=66860"},{"taxonomy":"product_cat","embeddable":true,"href":"https:\/\/langedykvintagewatches.com\/de\/wp-json\/wp\/v2\/product_cat?post=66860"},{"taxonomy":"product_tag","embeddable":true,"href":"https:\/\/langedykvintagewatches.com\/de\/wp-json\/wp\/v2\/product_tag?post=66860"}],"curies":[{"name":"wp","href":"https:\/\/api.w.org\/{rel}","templated":true}]}}