{"id":66801,"date":"2024-09-24T12:04:28","date_gmt":"2024-09-24T12:04:28","guid":{"rendered":"https:\/\/langedykvintagewatches.com\/?post_type=product&#038;p=66801"},"modified":"2025-01-22T12:31:34","modified_gmt":"2025-01-22T12:31:34","slug":"rolex-oyster-perpetual-124300-tiffany","status":"publish","type":"product","link":"https:\/\/langedykvintagewatches.com\/de\/produkt\/rolex-oyster-perpetual-124300-tiffany\/","title":{"rendered":"Rolex Oyster Perpetual Tiffany 41 124300 2020 (Vollst\u00e4ndiger Satz)"},"content":{"rendered":"","protected":false},"excerpt":{"rendered":"<p>Rolex Oyster Perpetual Referenz 124300 Tiffany inklusive Komplettset. Die Oyster Perpetual Referenz 124300 misst ein 41mm Edelstahlgeh\u00e4use, ein Edelstahl-Oyster-Armband mit Oysterclasp und glatter Edelstahll\u00fcnette. Die Oyster Perpetual Referenz 124300 besitzt ein Automatikwerk Kaliber 3230, ein kratzfestes Saphirglas und ein Tiffany Zifferblatt mit Chromalight-Anzeige.<\/p>\n<p>Auf jede gebrauchte Uhr, die wir verkaufen, gew\u00e4hren wir 12 Monate Garantie ab Kaufdatum. Jede von Langedyk Vintage Watches verkaufte Uhr wird mit einer LVW-Uhrenbox, einem Echtheitsbericht und einem kostenlosen weltweiten (versicherten) Versand geliefert.<\/p>\n<p>Wenn Sie Fragen haben oder weitere Informationen zu dieser Uhr erhalten m\u00f6chten, k\u00f6nnen Sie uns gerne telefonisch oder per E-Mail kontaktieren. Wir werden so schnell wie m\u00f6glich auf Ihre Anfrage reagieren.<\/p>\n<p>Werfen Sie auch einen Blick auf unsere komplette Kollektion von Rolex <a href=\"https:\/\/langedykvintagewatches.com\/de\/rolex-brands-de\/oyster-perpetual-de\/\">Oyster Perpetual<\/a> Uhren.<\/p>\n","protected":false},"featured_media":66804,"template":"","meta":{"_acf_changed":false},"product_brand":[],"product_cat":[1909,2822,2022,1910,1988,1914,1915],"product_tag":[],"class_list":{"0":"post-66801","1":"product","2":"type-product","3":"status-publish","4":"has-post-thumbnail","5":"product_cat-herrenuhren","6":"product_cat-124300-de","7":"product_cat-armbanduhren","8":"product_cat-neu-eingetroffen","9":"product_cat-oyster-perpetual-de","10":"product_cat-rolex-de","11":"product_cat-rolex-brands-de","13":"first","14":"outofstock","15":"taxable","16":"shipping-taxable","17":"purchasable","18":"product-type-simple"},"acf":[],"_links":{"self":[{"href":"https:\/\/langedykvintagewatches.com\/de\/wp-json\/wp\/v2\/product\/66801","targetHints":{"allow":["GET"]}}],"collection":[{"href":"https:\/\/langedykvintagewatches.com\/de\/wp-json\/wp\/v2\/product"}],"about":[{"href":"https:\/\/langedykvintagewatches.com\/de\/wp-json\/wp\/v2\/types\/product"}],"wp:featuredmedia":[{"embeddable":true,"href":"https:\/\/langedykvintagewatches.com\/de\/wp-json\/wp\/v2\/media\/66804"}],"wp:attachment":[{"href":"https:\/\/langedykvintagewatches.com\/de\/wp-json\/wp\/v2\/media?parent=66801"}],"wp:term":[{"taxonomy":"product_brand","embeddable":true,"href":"https:\/\/langedykvintagewatches.com\/de\/wp-json\/wp\/v2\/product_brand?post=66801"},{"taxonomy":"product_cat","embeddable":true,"href":"https:\/\/langedykvintagewatches.com\/de\/wp-json\/wp\/v2\/product_cat?post=66801"},{"taxonomy":"product_tag","embeddable":true,"href":"https:\/\/langedykvintagewatches.com\/de\/wp-json\/wp\/v2\/product_tag?post=66801"}],"curies":[{"name":"wp","href":"https:\/\/api.w.org\/{rel}","templated":true}]}}