{"id":66291,"date":"2026-03-24T11:39:38","date_gmt":"2026-03-24T10:39:38","guid":{"rendered":"https:\/\/langedykvintagewatches.com\/?post_type=product&#038;p=66291"},"modified":"2026-03-24T11:39:39","modified_gmt":"2026-03-24T10:39:39","slug":"rolex-gmt-master-ii-126710","status":"publish","type":"product","link":"https:\/\/langedykvintagewatches.com\/de\/produkt\/rolex-gmt-master-ii-126710\/","title":{"rendered":"Rolex GMT-Master II Pepsi 126710BLRO 2020 (Vollst\u00e4ndiger Satz)"},"content":{"rendered":"","protected":false},"excerpt":{"rendered":"<p class=\"p1\">Rolex Oyster Perpetual GMT-Master II Referenz 126710BLRO aus dem Jahr 2020 inklusive Box und Papieren. Die GMT-Master II misst ein 40mm Edelstahlgeh\u00e4use, Edelstahl-Jubil\u00e4umsarmband mit Fliplock-Schlie\u00dfe und eine drehbare &#8222;Pepsi&#8220; L\u00fcnette. Die GMT-Master II 126710BLRO verf\u00fcgt \u00fcber ein Automatikwerk Kaliber 3285 mit GMT-Funktion, ein kratzfestes Saphirglas und ein schwarzes Stabzifferblatt mit Chromalight.<\/p>\n<p>Jede Uhr, die von Langedyk Vintage Watches verkauft wird, wird mit einer LVW-Uhrenbox, einem Echtheitsbericht und einem kostenlosen weltweiten (versicherten) Versand geliefert. Dar\u00fcber hinaus wird jede gebrauchte Uhr mit unserer 12-monatigen Garantie ab dem Kaufdatum angeboten.<\/p>\n<p>Wenn Sie Fragen haben oder zus\u00e4tzliche Informationen zu dieser Uhr erhalten m\u00f6chten, k\u00f6nnen Sie uns gerne telefonisch oder per E-Mail kontaktieren. Wir werden Ihre Anfrage so schnell wie m\u00f6glich beantworten.<\/p>\n<p>Werfen Sie auch einen Blick auf unser komplettes Angebot an Rolex <a href=\"https:\/\/langedykvintagewatches.com\/de\/rolex-brands-de\/gmt-master-ii-de\/\">GMT-Master<\/a> II Uhren.<\/p>\n","protected":false},"featured_media":105721,"template":"","meta":{"_acf_changed":false},"product_brand":[],"product_cat":[1979,3257,2022,1909,1910,1914,1915,2600],"product_tag":[],"class_list":{"0":"post-66291","1":"product","2":"type-product","3":"status-publish","4":"has-post-thumbnail","5":"product_cat-gmt-master-ii-de","6":"product_cat-126710blro","7":"product_cat-armbanduhren","8":"product_cat-herrenuhren","9":"product_cat-neu-eingetroffen","10":"product_cat-rolex-de","11":"product_cat-rolex-brands-de","12":"product_cat-verkaufte-uhren","14":"first","15":"outofstock","16":"taxable","17":"shipping-taxable","18":"purchasable","19":"product-type-simple"},"acf":[],"_links":{"self":[{"href":"https:\/\/langedykvintagewatches.com\/de\/wp-json\/wp\/v2\/product\/66291","targetHints":{"allow":["GET"]}}],"collection":[{"href":"https:\/\/langedykvintagewatches.com\/de\/wp-json\/wp\/v2\/product"}],"about":[{"href":"https:\/\/langedykvintagewatches.com\/de\/wp-json\/wp\/v2\/types\/product"}],"wp:featuredmedia":[{"embeddable":true,"href":"https:\/\/langedykvintagewatches.com\/de\/wp-json\/wp\/v2\/media\/105721"}],"wp:attachment":[{"href":"https:\/\/langedykvintagewatches.com\/de\/wp-json\/wp\/v2\/media?parent=66291"}],"wp:term":[{"taxonomy":"product_brand","embeddable":true,"href":"https:\/\/langedykvintagewatches.com\/de\/wp-json\/wp\/v2\/product_brand?post=66291"},{"taxonomy":"product_cat","embeddable":true,"href":"https:\/\/langedykvintagewatches.com\/de\/wp-json\/wp\/v2\/product_cat?post=66291"},{"taxonomy":"product_tag","embeddable":true,"href":"https:\/\/langedykvintagewatches.com\/de\/wp-json\/wp\/v2\/product_tag?post=66291"}],"curies":[{"name":"wp","href":"https:\/\/api.w.org\/{rel}","templated":true}]}}