{"id":66288,"date":"2024-10-25T06:42:56","date_gmt":"2024-09-21T08:15:09","guid":{"rendered":"https:\/\/langedykvintagewatches.com\/?post_type=product&#038;p=66288"},"modified":"2024-09-24T06:42:57","modified_gmt":"2024-09-24T06:42:57","slug":"rolex-datejust-126231-2","status":"publish","type":"product","link":"https:\/\/langedykvintagewatches.com\/de\/produkt\/rolex-datejust-126231-2\/","title":{"rendered":"Rolex Oyster Perpetual Datejust Wimbledon 126331 2010 (Vollst\u00e4ndiger Satz)"},"content":{"rendered":"","protected":false},"excerpt":{"rendered":"<p>Rolex Oyster Perpetual Datejust Referenz 126331 aus dem Jahr 2019 inklusive komplettem Set. Die Datejust 126331 misst ein 41-mm-Edelstahlgeh\u00e4use, ein Ros\u00e9gold\/Edelstahl-Jubilee-Armband mit Oysterclasp und eine Ros\u00e9gold geriffelte L\u00fcnette. Diese Datejust 126331 verf\u00fcgt \u00fcber ein Automatikwerk Kaliber 3235 mit Quickset-Datum-Funktion, kratzfestes Saphirglas und ein Wimbledon Zifferblatt mit R\u00f6mische markierungen.<\/p>\n<p>Auf jede gebrauchte Uhr, die wir verkaufen, gew\u00e4hren wir 12 Monate Garantie ab Kaufdatum. Jede Uhr, die von Langedyk Vintage Watches verkauft wird, wird mit einer LVW-Uhrenbox, einem Echtheitsbericht und einem kostenlosen weltweiten (versicherten) Versand geliefert.<\/p>\n<p>Wenn Sie Fragen haben oder weitere Informationen zu dieser Uhr erhalten m\u00f6chten, k\u00f6nnen Sie uns gerne telefonisch oder per E-Mail kontaktieren. Wir werden so schnell wie m\u00f6glich auf Ihre Anfrage reagieren.<\/p>\n<p>Bitte schauen Sie sich auch unsere komplette Kollektion von Rolex <a href=\"https:\/\/langedykvintagewatches.com\/de\/rolex-brands-de\/datejust-de\/\">Datejust<\/a> Uhren an.<\/p>\n","protected":false},"featured_media":66463,"template":"","meta":{"_acf_changed":false},"product_brand":[],"product_cat":[1940,2022,2023,1922,1909,1910,1914,1915,2021,2600],"product_tag":[],"class_list":{"0":"post-66288","1":"product","2":"type-product","3":"status-publish","4":"has-post-thumbnail","5":"product_cat-126331-de","6":"product_cat-armbanduhren","7":"product_cat-damenuhren","8":"product_cat-datejust-de","9":"product_cat-herrenuhren","10":"product_cat-neu-eingetroffen","11":"product_cat-rolex-de","12":"product_cat-rolex-brands-de","13":"product_cat-unisex-armbanduhren","14":"product_cat-verkaufte-uhren","16":"first","17":"outofstock","18":"taxable","19":"shipping-taxable","20":"purchasable","21":"product-type-simple"},"acf":[],"_links":{"self":[{"href":"https:\/\/langedykvintagewatches.com\/de\/wp-json\/wp\/v2\/product\/66288","targetHints":{"allow":["GET"]}}],"collection":[{"href":"https:\/\/langedykvintagewatches.com\/de\/wp-json\/wp\/v2\/product"}],"about":[{"href":"https:\/\/langedykvintagewatches.com\/de\/wp-json\/wp\/v2\/types\/product"}],"wp:featuredmedia":[{"embeddable":true,"href":"https:\/\/langedykvintagewatches.com\/de\/wp-json\/wp\/v2\/media\/66463"}],"wp:attachment":[{"href":"https:\/\/langedykvintagewatches.com\/de\/wp-json\/wp\/v2\/media?parent=66288"}],"wp:term":[{"taxonomy":"product_brand","embeddable":true,"href":"https:\/\/langedykvintagewatches.com\/de\/wp-json\/wp\/v2\/product_brand?post=66288"},{"taxonomy":"product_cat","embeddable":true,"href":"https:\/\/langedykvintagewatches.com\/de\/wp-json\/wp\/v2\/product_cat?post=66288"},{"taxonomy":"product_tag","embeddable":true,"href":"https:\/\/langedykvintagewatches.com\/de\/wp-json\/wp\/v2\/product_tag?post=66288"}],"curies":[{"name":"wp","href":"https:\/\/api.w.org\/{rel}","templated":true}]}}