{"id":65453,"date":"2024-09-17T08:44:20","date_gmt":"2024-08-29T12:13:52","guid":{"rendered":"https:\/\/langedykvintagewatches.com\/?post_type=product&#038;p=65453"},"modified":"2024-09-17T08:44:20","modified_gmt":"2024-09-17T08:44:20","slug":"rolex-lady-datejust-279173","status":"publish","type":"product","link":"https:\/\/langedykvintagewatches.com\/de\/produkt\/rolex-lady-datejust-279173\/","title":{"rendered":"Rolex Lady-Datejust White Roman 279173 2023 (Vollst\u00e4ndiger Satz)"},"content":{"rendered":"","protected":false},"excerpt":{"rendered":"<p>Rolex Oyster Perpetual Lady-Datejust Referenz 279173 aus dem Jahr 2023 mit komplettem Set. Die Lady-Datejust 279173 hat ein 26-mm-Geh\u00e4use aus gelbgold und Edelstahl, ein zweifarbiges Jubil\u00e4umsarmband mit verdeckter Kronenschlie\u00dfe und eine L\u00fcnette aus 18 Karat Gelbgold. Diese Lady-Datejust 279173 verf\u00fcgt \u00fcber ein Automatikwerk Kaliber 2236 mit Schnellverstellung des Datums, ein kratzfestes Saphirglas und ein wei\u00dfes Zifferblatt mit R\u00f6mischen markierungen.<\/p>\n<p>Jede Uhr, die von Langedyk Vintage Watches verkauft wird, wird mit einer LVW-Uhrenbox, einem Echtheitsbericht und einem kostenlosen weltweiten (versicherten) Versand geliefert. Dar\u00fcber hinaus wird jede gebrauchte Uhr mit unserer 12-monatigen Garantie ab dem Kaufdatum angeboten.<\/p>\n<p>Wenn Sie Fragen haben oder zus\u00e4tzliche Informationen zu dieser Uhr erhalten m\u00f6chten, k\u00f6nnen Sie uns gerne telefonisch oder per E-Mail kontaktieren. Wir werden Ihre Anfrage so schnell wie m\u00f6glich beantworten.<\/p>\n<p>Werfen Sie auch einen Blick auf unser komplettes Angebot an Rolex <a href=\"https:\/\/langedykvintagewatches.com\/de\/rolex-brands-de\/datejust-lady-de\/\">Datejust<\/a> Uhren.<\/p>\n","protected":false},"featured_media":66200,"template":"","meta":{"_acf_changed":false},"product_brand":[],"product_cat":[1910,2022,2023,1943,1914,1915,2021,2600],"product_tag":[],"class_list":{"0":"post-65453","1":"product","2":"type-product","3":"status-publish","4":"has-post-thumbnail","5":"product_cat-neu-eingetroffen","6":"product_cat-armbanduhren","7":"product_cat-damenuhren","8":"product_cat-datejust-lady-de","9":"product_cat-rolex-de","10":"product_cat-rolex-brands-de","11":"product_cat-unisex-armbanduhren","12":"product_cat-verkaufte-uhren","14":"first","15":"outofstock","16":"taxable","17":"shipping-taxable","18":"purchasable","19":"product-type-simple"},"acf":[],"_links":{"self":[{"href":"https:\/\/langedykvintagewatches.com\/de\/wp-json\/wp\/v2\/product\/65453","targetHints":{"allow":["GET"]}}],"collection":[{"href":"https:\/\/langedykvintagewatches.com\/de\/wp-json\/wp\/v2\/product"}],"about":[{"href":"https:\/\/langedykvintagewatches.com\/de\/wp-json\/wp\/v2\/types\/product"}],"wp:featuredmedia":[{"embeddable":true,"href":"https:\/\/langedykvintagewatches.com\/de\/wp-json\/wp\/v2\/media\/66200"}],"wp:attachment":[{"href":"https:\/\/langedykvintagewatches.com\/de\/wp-json\/wp\/v2\/media?parent=65453"}],"wp:term":[{"taxonomy":"product_brand","embeddable":true,"href":"https:\/\/langedykvintagewatches.com\/de\/wp-json\/wp\/v2\/product_brand?post=65453"},{"taxonomy":"product_cat","embeddable":true,"href":"https:\/\/langedykvintagewatches.com\/de\/wp-json\/wp\/v2\/product_cat?post=65453"},{"taxonomy":"product_tag","embeddable":true,"href":"https:\/\/langedykvintagewatches.com\/de\/wp-json\/wp\/v2\/product_tag?post=65453"}],"curies":[{"name":"wp","href":"https:\/\/api.w.org\/{rel}","templated":true}]}}