{"id":64894,"date":"2026-03-03T09:59:24","date_gmt":"2026-03-03T08:59:24","guid":{"rendered":"https:\/\/langedykvintagewatches.com\/?post_type=product&#038;p=64894"},"modified":"2026-03-03T09:59:25","modified_gmt":"2026-03-03T08:59:25","slug":"rolex-lady-datejust-69178-14","status":"publish","type":"product","link":"https:\/\/langedykvintagewatches.com\/de\/produkt\/rolex-lady-datejust-69178-14\/","title":{"rendered":"Rolex Lady-Datejust Grey Diamond 69178 1988 (Vollst\u00e4ndiger Satz)"},"content":{"rendered":"","protected":false},"excerpt":{"rendered":"<p>Rolex Oyster Perpetual Lady-Datejust Referenz 69178 aus dem Jahr 1988 mit komplettem Set. Die Lady-Datejust 69178 misst ein 26-mm-Goldgeh\u00e4use, ein goldenes Jubil\u00e4umsarmband und eine kannelierte L\u00fcnette aus 18 Karat Gelbgold. Diese Lady-Datejust 69178 verf\u00fcgt \u00fcber ein Automatikwerk Kaliber 2135 mit Quickset-Datum-Funktion, Saphirglas und ein graues Zifferblatt mit Diamantmarkierungen.<\/p>\n<p>Jede Uhr, die von Langedyk Vintage Watches verkauft wird, wird mit einer LVW-Uhrenbox, einem Echtheitsbericht und einem kostenlosen weltweiten (versicherten) Versand geliefert. Dar\u00fcber hinaus wird jede gebrauchte Uhr mit unserer 12-monatigen Garantie ab dem Kaufdatum angeboten.<\/p>\n<p>Wenn Sie Fragen haben oder zus\u00e4tzliche Informationen zu dieser Uhr erhalten m\u00f6chten, k\u00f6nnen Sie uns gerne telefonisch oder per E-Mail kontaktieren. Wir werden Ihre Anfrage so schnell wie m\u00f6glich beantworten.<\/p>\n<p>Werfen Sie auch einen Blick auf unser komplettes Angebot an Rolex <a href=\"https:\/\/langedykvintagewatches.com\/de\/rolex-brands-de\/datejust-lady-de\/\">Lady-Datejust<\/a> Uhren.<\/p>\n","protected":false},"featured_media":105283,"template":"","meta":{"_acf_changed":false},"product_brand":[],"product_cat":[1910,1947,2022,2023,1943,1915,1914,2021,2600],"product_tag":[],"class_list":{"0":"post-64894","1":"product","2":"type-product","3":"status-publish","4":"has-post-thumbnail","5":"product_cat-neu-eingetroffen","6":"product_cat-69178-de","7":"product_cat-armbanduhren","8":"product_cat-damenuhren","9":"product_cat-datejust-lady-de","10":"product_cat-rolex-brands-de","11":"product_cat-rolex-de","12":"product_cat-unisex-armbanduhren","13":"product_cat-verkaufte-uhren","15":"first","16":"outofstock","17":"taxable","18":"shipping-taxable","19":"purchasable","20":"product-type-simple"},"acf":[],"_links":{"self":[{"href":"https:\/\/langedykvintagewatches.com\/de\/wp-json\/wp\/v2\/product\/64894","targetHints":{"allow":["GET"]}}],"collection":[{"href":"https:\/\/langedykvintagewatches.com\/de\/wp-json\/wp\/v2\/product"}],"about":[{"href":"https:\/\/langedykvintagewatches.com\/de\/wp-json\/wp\/v2\/types\/product"}],"wp:featuredmedia":[{"embeddable":true,"href":"https:\/\/langedykvintagewatches.com\/de\/wp-json\/wp\/v2\/media\/105283"}],"wp:attachment":[{"href":"https:\/\/langedykvintagewatches.com\/de\/wp-json\/wp\/v2\/media?parent=64894"}],"wp:term":[{"taxonomy":"product_brand","embeddable":true,"href":"https:\/\/langedykvintagewatches.com\/de\/wp-json\/wp\/v2\/product_brand?post=64894"},{"taxonomy":"product_cat","embeddable":true,"href":"https:\/\/langedykvintagewatches.com\/de\/wp-json\/wp\/v2\/product_cat?post=64894"},{"taxonomy":"product_tag","embeddable":true,"href":"https:\/\/langedykvintagewatches.com\/de\/wp-json\/wp\/v2\/product_tag?post=64894"}],"curies":[{"name":"wp","href":"https:\/\/api.w.org\/{rel}","templated":true}]}}