{"id":64412,"date":"2024-08-06T09:38:57","date_gmt":"2024-08-06T09:39:00","guid":{"rendered":"https:\/\/langedykvintagewatches.com\/?post_type=product&#038;p=64412"},"modified":"2024-08-06T09:59:18","modified_gmt":"2024-08-06T09:59:18","slug":"rolex-submariner-1680-red-mk-iv-dial","status":"publish","type":"product","link":"https:\/\/langedykvintagewatches.com\/de\/produkt\/rolex-submariner-1680-red-mk-iv-dial\/","title":{"rendered":"Rolex Submariner 1680 Red MK IV Dial"},"content":{"rendered":"","protected":false},"excerpt":{"rendered":"<p>Rolex Submariner Date Referenz 1680 von 1971. Die Submariner 1680 misst ein 40-mm-Edelstahlgeh\u00e4use, ein Oyster-Edelstahlarmband mit Fliplock-Schlie\u00dfe und ein mattschwarzes Zifferblatt. Submariner Reference 1680 verf\u00fcgt \u00fcber ein automatisches Kaliber 1575 mit einem Plexiglas und drehbare L\u00fcnette gekr\u00f6nt.<\/p>\n<p>Jede Uhr, die von Langedyk Vintage Watches verkauft wird, wird mit einer LVW-Uhrenbox, einem Echtheitsbericht und einem kostenlosen weltweiten (versicherten) Versand geliefert. Dar\u00fcber hinaus wird jede gebrauchte Uhr mit unserer 12-monatigen Garantie ab dem Kaufdatum angeboten.<\/p>\n<p>Werfen Sie auch einen Blick auf unsere komplette Kollektion von Rolex <a href=\"https:\/\/langedykvintagewatches.com\/de\/rolex-brands-de\/submariner-de\/\">Submariner<\/a> Uhren.<\/p>\n","protected":false},"featured_media":64415,"template":"","meta":{"_acf_changed":false},"product_brand":[],"product_cat":[1909,2805,2022,1910,1914,1915,2001,2021],"product_tag":[],"class_list":{"0":"post-64412","1":"product","2":"type-product","3":"status-publish","4":"has-post-thumbnail","5":"product_cat-herrenuhren","6":"product_cat-1680-de","7":"product_cat-armbanduhren","8":"product_cat-neu-eingetroffen","9":"product_cat-rolex-de","10":"product_cat-rolex-brands-de","11":"product_cat-submariner-de","12":"product_cat-unisex-armbanduhren","14":"first","15":"outofstock","16":"taxable","17":"shipping-taxable","18":"purchasable","19":"product-type-simple"},"acf":[],"_links":{"self":[{"href":"https:\/\/langedykvintagewatches.com\/de\/wp-json\/wp\/v2\/product\/64412","targetHints":{"allow":["GET"]}}],"collection":[{"href":"https:\/\/langedykvintagewatches.com\/de\/wp-json\/wp\/v2\/product"}],"about":[{"href":"https:\/\/langedykvintagewatches.com\/de\/wp-json\/wp\/v2\/types\/product"}],"wp:featuredmedia":[{"embeddable":true,"href":"https:\/\/langedykvintagewatches.com\/de\/wp-json\/wp\/v2\/media\/64415"}],"wp:attachment":[{"href":"https:\/\/langedykvintagewatches.com\/de\/wp-json\/wp\/v2\/media?parent=64412"}],"wp:term":[{"taxonomy":"product_brand","embeddable":true,"href":"https:\/\/langedykvintagewatches.com\/de\/wp-json\/wp\/v2\/product_brand?post=64412"},{"taxonomy":"product_cat","embeddable":true,"href":"https:\/\/langedykvintagewatches.com\/de\/wp-json\/wp\/v2\/product_cat?post=64412"},{"taxonomy":"product_tag","embeddable":true,"href":"https:\/\/langedykvintagewatches.com\/de\/wp-json\/wp\/v2\/product_tag?post=64412"}],"curies":[{"name":"wp","href":"https:\/\/api.w.org\/{rel}","templated":true}]}}