{"id":62775,"date":"2025-03-04T08:43:15","date_gmt":"2024-07-18T13:38:38","guid":{"rendered":"https:\/\/langedykvintagewatches.com\/?post_type=product&#038;p=62775"},"modified":"2025-03-04T08:43:15","modified_gmt":"2025-03-04T08:43:15","slug":"rolex-gmt-master-ii-16713-2","status":"publish","type":"product","link":"https:\/\/langedykvintagewatches.com\/de\/produkt\/rolex-gmt-master-ii-16713-2\/","title":{"rendered":"Rolex GMT-Master II Black 16713 1989"},"content":{"rendered":"","protected":false},"excerpt":{"rendered":"<p>Rolex GMT-Master II Referenz 16713 aus dem Jahr 1989. Die GMT-Master II 16713 misst ein 40mm Gold- und Edelstahlgeh\u00e4use, ein zweifarbiges Oyster-Armband mit Oyster-Schlie\u00dfe und schwarzes-L\u00fcnette. Die GMT-Master II 16713 verf\u00fcgt \u00fcber ein Automatikkaliber 3185 mit GMT-Funktion, ein kratzfestes Saphirglas und ein Schwarzes Zifferblatt mit Tritium-Anzeige.<\/p>\n<p>]Jede Uhr, die von Langedyk Vintage Watches verkauft wird, wird mit einer LVW-Uhrenbox, einem Echtheitsbericht und einem kostenlosen weltweiten (versicherten) Versand geliefert. Dar\u00fcber hinaus wird jede gebrauchte Uhr mit unserer 12-monatigen Garantie ab dem Kaufdatum angeboten.<\/p>\n<p>Wenn Sie Fragen haben oder zus\u00e4tzliche Informationen zu dieser Uhr erhalten m\u00f6chten, k\u00f6nnen Sie uns gerne telefonisch oder per E-Mail kontaktieren. Wir werden Ihre Anfrage so schnell wie m\u00f6glich beantworten.<\/p>\n<p>Werfen Sie auch einen Blick auf unser komplettes Angebot an Rolex <a href=\"https:\/\/langedykvintagewatches.com\/de\/rolex-brands-de\/gmt-master-ii-de\/\">GMT-Master II<\/a> Uhren.<\/p>\n","protected":false},"featured_media":77547,"template":"","meta":{"_acf_changed":false},"product_brand":[],"product_cat":[1977],"product_tag":[],"class_list":{"0":"post-62775","1":"product","2":"type-product","3":"status-publish","4":"has-post-thumbnail","5":"product_cat-gmt-master-de","7":"first","8":"outofstock","9":"taxable","10":"shipping-taxable","11":"purchasable","12":"product-type-simple"},"acf":[],"_links":{"self":[{"href":"https:\/\/langedykvintagewatches.com\/de\/wp-json\/wp\/v2\/product\/62775","targetHints":{"allow":["GET"]}}],"collection":[{"href":"https:\/\/langedykvintagewatches.com\/de\/wp-json\/wp\/v2\/product"}],"about":[{"href":"https:\/\/langedykvintagewatches.com\/de\/wp-json\/wp\/v2\/types\/product"}],"wp:featuredmedia":[{"embeddable":true,"href":"https:\/\/langedykvintagewatches.com\/de\/wp-json\/wp\/v2\/media\/77547"}],"wp:attachment":[{"href":"https:\/\/langedykvintagewatches.com\/de\/wp-json\/wp\/v2\/media?parent=62775"}],"wp:term":[{"taxonomy":"product_brand","embeddable":true,"href":"https:\/\/langedykvintagewatches.com\/de\/wp-json\/wp\/v2\/product_brand?post=62775"},{"taxonomy":"product_cat","embeddable":true,"href":"https:\/\/langedykvintagewatches.com\/de\/wp-json\/wp\/v2\/product_cat?post=62775"},{"taxonomy":"product_tag","embeddable":true,"href":"https:\/\/langedykvintagewatches.com\/de\/wp-json\/wp\/v2\/product_tag?post=62775"}],"curies":[{"name":"wp","href":"https:\/\/api.w.org\/{rel}","templated":true}]}}