{"id":61959,"date":"2024-07-09T08:03:08","date_gmt":"2024-07-04T12:22:10","guid":{"rendered":"https:\/\/langedykvintagewatches.com\/?post_type=product&#038;p=61959"},"modified":"2024-07-09T08:03:09","modified_gmt":"2024-07-09T08:03:09","slug":"rolex-lady-datejust-69173-24","status":"publish","type":"product","link":"https:\/\/langedykvintagewatches.com\/de\/produkt\/rolex-lady-datejust-69173-24\/","title":{"rendered":"Rolex Lady-Datejust Blue Diamond 69173 1996 (Vollst\u00e4ndiger Satz)"},"content":{"rendered":"","protected":false},"excerpt":{"rendered":"<p>Rolex Oyster Perpetual Lady-Datejust Referenz 69173 aus dem Jahr 1996 einschlie\u00dflich der kompletten Satz. Die Lady-Datejust 69173 misst eine 26mm Gold und Edelstahl Geh\u00e4use, zweifarbige Jubil\u00e4um Armband und kannelierte 14k Gold L\u00fcnette. Diese Lady-Datejust 69173 verf\u00fcgt \u00fcber ein Automatikwerk Kaliber 2135 mit Schnellverstellung des Datums, ein kratzfestes Saphirglas und ein blaues Zifferblatt Diamantmarkierungen.<\/p>\n<p>Jede Uhr, die von Langedyk Vintage Watches verkauft wird, wird mit einer LVW-Uhrenbox, einem Echtheitsbericht und einem kostenlosen weltweiten (versicherten) Versand geliefert. Dar\u00fcber hinaus wird jede gebrauchte Uhr mit unserer 12-monatigen Garantie ab dem Kaufdatum angeboten.<\/p>\n<p>Wenn Sie Fragen haben oder zus\u00e4tzliche Informationen zu dieser Uhr erhalten m\u00f6chten, k\u00f6nnen Sie uns gerne telefonisch oder per E-Mail kontaktieren. Wir werden Ihre Anfrage so schnell wie m\u00f6glich beantworten.<\/p>\n<p>Werfen Sie auch einen Blick auf unsere komplette Kollektion von Rolex <a href=\"https:\/\/langedykvintagewatches.com\/de\/rolex-brands-de\/datejust-lady-de\/\">Lady-Datejust <\/a>Uhren.<\/p>\n","protected":false},"featured_media":62319,"template":"","meta":{"_acf_changed":false},"product_brand":[],"product_cat":[1946,2022,2023,1943,1910,1915,1914,2600],"product_tag":[],"class_list":{"0":"post-61959","1":"product","2":"type-product","3":"status-publish","4":"has-post-thumbnail","5":"product_cat-69173-de","6":"product_cat-armbanduhren","7":"product_cat-damenuhren","8":"product_cat-datejust-lady-de","9":"product_cat-neu-eingetroffen","10":"product_cat-rolex-brands-de","11":"product_cat-rolex-de","12":"product_cat-verkaufte-uhren","14":"first","15":"outofstock","16":"taxable","17":"shipping-taxable","18":"purchasable","19":"product-type-simple"},"acf":[],"_links":{"self":[{"href":"https:\/\/langedykvintagewatches.com\/de\/wp-json\/wp\/v2\/product\/61959","targetHints":{"allow":["GET"]}}],"collection":[{"href":"https:\/\/langedykvintagewatches.com\/de\/wp-json\/wp\/v2\/product"}],"about":[{"href":"https:\/\/langedykvintagewatches.com\/de\/wp-json\/wp\/v2\/types\/product"}],"wp:featuredmedia":[{"embeddable":true,"href":"https:\/\/langedykvintagewatches.com\/de\/wp-json\/wp\/v2\/media\/62319"}],"wp:attachment":[{"href":"https:\/\/langedykvintagewatches.com\/de\/wp-json\/wp\/v2\/media?parent=61959"}],"wp:term":[{"taxonomy":"product_brand","embeddable":true,"href":"https:\/\/langedykvintagewatches.com\/de\/wp-json\/wp\/v2\/product_brand?post=61959"},{"taxonomy":"product_cat","embeddable":true,"href":"https:\/\/langedykvintagewatches.com\/de\/wp-json\/wp\/v2\/product_cat?post=61959"},{"taxonomy":"product_tag","embeddable":true,"href":"https:\/\/langedykvintagewatches.com\/de\/wp-json\/wp\/v2\/product_tag?post=61959"}],"curies":[{"name":"wp","href":"https:\/\/api.w.org\/{rel}","templated":true}]}}