{"id":61458,"date":"2024-06-25T08:47:26","date_gmt":"2024-06-20T12:39:20","guid":{"rendered":"https:\/\/langedykvintagewatches.com\/?post_type=product&#038;p=61458"},"modified":"2024-06-25T08:47:27","modified_gmt":"2024-06-25T08:47:27","slug":"rolex-oyster-perpetual-datejust-silver-116234-2006-vollstandiger-satz-copy","status":"publish","type":"product","link":"https:\/\/langedykvintagewatches.com\/de\/produkt\/rolex-oyster-perpetual-datejust-silver-116234-2006-vollstandiger-satz-copy\/","title":{"rendered":"Rolex Oyster Perpetual Datejust White 116234 2018 (Vollst\u00e4ndiger Satz)"},"content":{"rendered":"<p><strong>Rolex Datejust Referenz 116234<\/strong><\/p>\n<p>Die Rolex Datejust Referenz 116234 ist eine Kombination aus dem zeitlosen Vintage-Look der urspr\u00fcnglichen Datejust mit einer modernen Ausstrahlung. Das Modell Datejust wird von vielen Uhrenliebhabern als die Rolex gew\u00e4hlt, die man zu jedem Anlass tr\u00e4gt. Dieses Modell, das 1945 anl\u00e4sslich des 40-j\u00e4hrigen Firmenjubil\u00e4ums auf den Markt kam, wurde von dem Moment an, als es zum ersten Mal auf der Welt verkauft wurde, zu einem echten Klassiker.<\/p>\n<p>Die Rolex Datejust 116234 ist wirklich eine legend\u00e4re Uhr f\u00fcr jedermann, die sowohl die Eleganz eines Abends im feinsten Smoking als auch die Sportlichkeit eines Tages auf dem Golfplatz bietet. Ausgestattet mit automatischem Aufzug, Quickset, kratzfestem Saphirglas und einer wasserdichten, verschraubten Krone, wird die Datejust 116234 von einem 31-steinigen Uhrwerk angetrieben.<\/p>\n<p>Erleben Sie den Unterschied in Klasse, Stil und Handwerkskunst mit der Rolex Datejust 116234 und entdecken Sie wahre Vielseitigkeit und Glanz an Ihrem Handgelenk<\/p>\n","protected":false},"excerpt":{"rendered":"<p>Rolex Oyster Perpetual Datejust Referenz 116234 aus dem Jahr 2018 mit komplettem Set. Die Datejust 116234 misst ein 36-mm-Edelstahlgeh\u00e4use, ein Edelstahl-Jubil\u00e4umsarmband mit verdeckter Kronenschlie\u00dfe und eine kannelierte L\u00fcnette aus 18 Karat Wei\u00dfgold. Diese Datejust 116234 verf\u00fcgt \u00fcber ein Automatikwerk Kaliber 3135 mit Quickset-Datum-Funktion, ein kratzfestes Saphirglas und eine wei\u00dfes Stick-Zifferblatt mit chromalight Index.<\/p>\n<p>Auf jede gebrauchte Uhr, die wir verkaufen, gew\u00e4hren wir eine 12-monatige Garantie ab dem Kaufdatum. Jede Uhr, die von Langedyk Vintage Watches verkauft wird, wird mit einer LVW-Uhrenbox, einem Echtheitsbericht und einem kostenlosen weltweiten (versicherten) Versand geliefert.<\/p>\n<p>Wenn Sie Fragen haben oder zus\u00e4tzliche Informationen zu dieser Uhr erhalten m\u00f6chten, k\u00f6nnen Sie uns gerne telefonisch oder per E-Mail kontaktieren. Wir werden Ihre Anfrage so schnell wie m\u00f6glich beantworten.<\/p>\n<p>Werfen Sie bitte auch einen Blick auf unser komplettes Angebot an Rolex\u00a0<a href=\"https:\/\/langedykvintagewatches.com\/de\/rolex-brands-de\/datejust-de\/\">Datejust<\/a>\u00a0Uhren.<\/p>\n","protected":false},"featured_media":61692,"template":"","meta":{"_acf_changed":false},"product_brand":[],"product_cat":[1933,2022,2023,1922,1909,1910,1914,1915,2021,2600],"product_tag":[],"class_list":{"0":"post-61458","1":"product","2":"type-product","3":"status-publish","4":"has-post-thumbnail","5":"product_cat-116234-de","6":"product_cat-armbanduhren","7":"product_cat-damenuhren","8":"product_cat-datejust-de","9":"product_cat-herrenuhren","10":"product_cat-neu-eingetroffen","11":"product_cat-rolex-de","12":"product_cat-rolex-brands-de","13":"product_cat-unisex-armbanduhren","14":"product_cat-verkaufte-uhren","16":"first","17":"outofstock","18":"taxable","19":"shipping-taxable","20":"purchasable","21":"product-type-simple"},"acf":[],"_links":{"self":[{"href":"https:\/\/langedykvintagewatches.com\/de\/wp-json\/wp\/v2\/product\/61458","targetHints":{"allow":["GET"]}}],"collection":[{"href":"https:\/\/langedykvintagewatches.com\/de\/wp-json\/wp\/v2\/product"}],"about":[{"href":"https:\/\/langedykvintagewatches.com\/de\/wp-json\/wp\/v2\/types\/product"}],"wp:featuredmedia":[{"embeddable":true,"href":"https:\/\/langedykvintagewatches.com\/de\/wp-json\/wp\/v2\/media\/61692"}],"wp:attachment":[{"href":"https:\/\/langedykvintagewatches.com\/de\/wp-json\/wp\/v2\/media?parent=61458"}],"wp:term":[{"taxonomy":"product_brand","embeddable":true,"href":"https:\/\/langedykvintagewatches.com\/de\/wp-json\/wp\/v2\/product_brand?post=61458"},{"taxonomy":"product_cat","embeddable":true,"href":"https:\/\/langedykvintagewatches.com\/de\/wp-json\/wp\/v2\/product_cat?post=61458"},{"taxonomy":"product_tag","embeddable":true,"href":"https:\/\/langedykvintagewatches.com\/de\/wp-json\/wp\/v2\/product_tag?post=61458"}],"curies":[{"name":"wp","href":"https:\/\/api.w.org\/{rel}","templated":true}]}}