{"id":61208,"date":"2024-06-11T06:38:12","date_gmt":"2024-06-10T19:29:10","guid":{"rendered":"https:\/\/langedykvintagewatches.com\/?post_type=product&#038;p=61208"},"modified":"2024-06-11T06:38:13","modified_gmt":"2024-06-11T06:38:13","slug":"rolex-datejust-116233-3","status":"publish","type":"product","link":"https:\/\/langedykvintagewatches.com\/de\/produkt\/rolex-datejust-116233-3\/","title":{"rendered":"Rolex Oyster Perpetual Datejust Silver 116233 2015 (Vollst\u00e4ndiger Satz)"},"content":{"rendered":"","protected":false},"excerpt":{"rendered":"<p class=\"p1\">Rolex Oyster Perpetual Datejust Referenz 116233 aus dem Jahr 2015 einschlie\u00dflich voller Satz. Die Datejust 116233 misst eine 36mm Gold und Edelstahl Geh\u00e4use, eine zweifarbige Jubilee Armband mit Kronenverschluss und kannelierte 18k Gold L\u00fcnette. Diese Datejust 116233 verf\u00fcgt \u00fcber ein Automatikwerk Kaliber 3135 mit Quickset-Datum-Funktion, ein kratzfestes Saphirglas und ein silberfarbenes Stick-Zifferblatt mit Chromalight-Anzeige.<\/p>\n<p class=\"p1\">Jede Uhr, die von Langedyk Vintage Watches verkauft wird, wird mit einer LVW-Uhrenbox, einem Echtheitsbericht und einem kostenlosen weltweiten (versicherten) Versand geliefert. Dar\u00fcber hinaus wird jede gebrauchte Uhr mit unserer 12-monatigen Garantie ab Kaufdatum angeboten.<\/p>\n<p class=\"p1\">Wenn Sie Fragen haben oder zus\u00e4tzliche Informationen zu dieser Uhr erhalten m\u00f6chten, k\u00f6nnen Sie uns gerne telefonisch oder per E-Mail kontaktieren. Wir werden Ihre Anfrage so schnell wie m\u00f6glich beantworten.<\/p>\n<p class=\"p1\">Werfen Sie auch einen Blick auf unser komplettes Angebot an Rolex Datejust Uhren.<\/p>\n","protected":false},"featured_media":61211,"template":"","meta":{"_acf_changed":false},"product_brand":[],"product_cat":[1932,2022,1922,1909,1910,1915,1914,2021,2600],"product_tag":[],"class_list":{"0":"post-61208","1":"product","2":"type-product","3":"status-publish","4":"has-post-thumbnail","5":"product_cat-116233-de","6":"product_cat-armbanduhren","7":"product_cat-datejust-de","8":"product_cat-herrenuhren","9":"product_cat-neu-eingetroffen","10":"product_cat-rolex-brands-de","11":"product_cat-rolex-de","12":"product_cat-unisex-armbanduhren","13":"product_cat-verkaufte-uhren","15":"first","16":"outofstock","17":"taxable","18":"shipping-taxable","19":"purchasable","20":"product-type-simple"},"acf":[],"_links":{"self":[{"href":"https:\/\/langedykvintagewatches.com\/de\/wp-json\/wp\/v2\/product\/61208","targetHints":{"allow":["GET"]}}],"collection":[{"href":"https:\/\/langedykvintagewatches.com\/de\/wp-json\/wp\/v2\/product"}],"about":[{"href":"https:\/\/langedykvintagewatches.com\/de\/wp-json\/wp\/v2\/types\/product"}],"wp:featuredmedia":[{"embeddable":true,"href":"https:\/\/langedykvintagewatches.com\/de\/wp-json\/wp\/v2\/media\/61211"}],"wp:attachment":[{"href":"https:\/\/langedykvintagewatches.com\/de\/wp-json\/wp\/v2\/media?parent=61208"}],"wp:term":[{"taxonomy":"product_brand","embeddable":true,"href":"https:\/\/langedykvintagewatches.com\/de\/wp-json\/wp\/v2\/product_brand?post=61208"},{"taxonomy":"product_cat","embeddable":true,"href":"https:\/\/langedykvintagewatches.com\/de\/wp-json\/wp\/v2\/product_cat?post=61208"},{"taxonomy":"product_tag","embeddable":true,"href":"https:\/\/langedykvintagewatches.com\/de\/wp-json\/wp\/v2\/product_tag?post=61208"}],"curies":[{"name":"wp","href":"https:\/\/api.w.org\/{rel}","templated":true}]}}