{"id":60122,"date":"2025-02-28T06:23:21","date_gmt":"2025-02-28T06:23:21","guid":{"rendered":"https:\/\/langedykvintagewatches.com\/?post_type=product&#038;p=60122"},"modified":"2025-02-28T09:44:25","modified_gmt":"2025-02-28T09:44:25","slug":"rolex-lady-datejust-silver-diamond-179179-2002-box-copy","status":"publish","type":"product","link":"https:\/\/langedykvintagewatches.com\/de\/produkt\/rolex-lady-datejust-silver-diamond-179179-2002-box-copy\/","title":{"rendered":"Rolex Lady-Datejust Purple 178274 2015 (Vollst\u00e4ndiger Satz)"},"content":{"rendered":"","protected":false},"excerpt":{"rendered":"<p class=\"p2\">Rolex Oyster Perpetual Lady-Datejust Referenz 178274G aus dem Jahr 2015 einschlie\u00dflich voller Satz. Die Lady-Datejust 178274G misst ein 31mm Edelstahl \/ Wei\u00dfgold Geh\u00e4use, ein Edelstahl \/ Wei\u00dfgold Jubil\u00e4umsarmband mit verdeckter Kronenschlie\u00dfe, und eine kannelierte18k Wei\u00dfgold L\u00fcnette. Diese Lady-Datejust 178274G verf\u00fcgt \u00fcber ein Automatikwerk Kaliber 2235 mit Schnellverstellung des Datums, ein kratzfestes Saphirglas und ein rosafarbenes Zifferblatt mit r\u00f6mischen VI Diamanten.<\/p>\n<p>Jede Uhr, die von Langedyk Vintage Watches verkauft wird, wird mit einer LVW-Uhrenbox, einem Echtheitsbericht und einem kostenlosen weltweiten (versicherten) Versand geliefert. Dar\u00fcber hinaus wird jede gebrauchte Uhr mit unserer 12-monatigen Garantie ab dem Kaufdatum angeboten.<\/p>\n<p>Wenn Sie Fragen haben oder zus\u00e4tzliche Informationen zu dieser Uhr erhalten m\u00f6chten, k\u00f6nnen Sie uns gerne telefonisch oder per E-Mail kontaktieren. Wir werden Ihre Anfrage so schnell wie m\u00f6glich beantworten.<\/p>\n<p>Werfen Sie auch einen Blick auf unser komplettes Angebot an Rolex <a href=\"https:\/\/langedykvintagewatches.com\/de\/rolex-brands-de\/datejust-lady-de\/\">Datejust<\/a> Uhren.<\/p>\n","protected":false},"featured_media":60315,"template":"","meta":{"_acf_changed":false},"product_brand":[],"product_cat":[1910,2022,2023,1943,1914,1915,2021,2600],"product_tag":[],"class_list":{"0":"post-60122","1":"product","2":"type-product","3":"status-publish","4":"has-post-thumbnail","5":"product_cat-neu-eingetroffen","6":"product_cat-armbanduhren","7":"product_cat-damenuhren","8":"product_cat-datejust-lady-de","9":"product_cat-rolex-de","10":"product_cat-rolex-brands-de","11":"product_cat-unisex-armbanduhren","12":"product_cat-verkaufte-uhren","14":"first","15":"outofstock","16":"taxable","17":"shipping-taxable","18":"purchasable","19":"product-type-simple"},"acf":[],"_links":{"self":[{"href":"https:\/\/langedykvintagewatches.com\/de\/wp-json\/wp\/v2\/product\/60122","targetHints":{"allow":["GET"]}}],"collection":[{"href":"https:\/\/langedykvintagewatches.com\/de\/wp-json\/wp\/v2\/product"}],"about":[{"href":"https:\/\/langedykvintagewatches.com\/de\/wp-json\/wp\/v2\/types\/product"}],"wp:featuredmedia":[{"embeddable":true,"href":"https:\/\/langedykvintagewatches.com\/de\/wp-json\/wp\/v2\/media\/60315"}],"wp:attachment":[{"href":"https:\/\/langedykvintagewatches.com\/de\/wp-json\/wp\/v2\/media?parent=60122"}],"wp:term":[{"taxonomy":"product_brand","embeddable":true,"href":"https:\/\/langedykvintagewatches.com\/de\/wp-json\/wp\/v2\/product_brand?post=60122"},{"taxonomy":"product_cat","embeddable":true,"href":"https:\/\/langedykvintagewatches.com\/de\/wp-json\/wp\/v2\/product_cat?post=60122"},{"taxonomy":"product_tag","embeddable":true,"href":"https:\/\/langedykvintagewatches.com\/de\/wp-json\/wp\/v2\/product_tag?post=60122"}],"curies":[{"name":"wp","href":"https:\/\/api.w.org\/{rel}","templated":true}]}}