{"id":59429,"date":"2024-05-28T05:50:38","date_gmt":"2024-05-27T15:45:50","guid":{"rendered":"https:\/\/langedykvintagewatches.com\/?post_type=product&#038;p=59429"},"modified":"2024-05-28T05:55:05","modified_gmt":"2024-05-28T05:55:05","slug":"patek-philippe-aquanaut-5167r","status":"publish","type":"product","link":"https:\/\/langedykvintagewatches.com\/de\/produkt\/patek-philippe-aquanaut-5167r\/","title":{"rendered":"Patek Philippe Aquanaut 5167R 2022 (Vollst\u00e4ndiger Satz)"},"content":{"rendered":"","protected":false},"excerpt":{"rendered":"<div>Patek Philippe Aquanaut Referenz 5167R aus dem Jahr 2022 inklusive Komplettset. Die Aquanaut 5167R hat ein Geh\u00e4use aus 18kt Rose Gold (40mm), ein Kautschukband mit Faltschlie\u00dfe aus 18kt Rose Gold und eine L\u00fcnette aus Rose Gold. Die Aquanaut 5167R verf\u00fcgt \u00fcber ein Automatikkaliber 324SC mit Schnellverstellung des Datums, ein kratzfestes Saphirglas und ein schokoladenbraunes Zifferblatt mit Chromalight-Anzeige.<\/div>\n<div><\/div>\n<div>Wenn Sie Fragen haben oder weitere Informationen zu dieser Uhr erhalten m\u00f6chten, k\u00f6nnen Sie uns gerne telefonisch oder per E-Mail kontaktieren. Wir werden Ihre Anfrage so schnell wie m\u00f6glich beantworten.<\/div>\n","protected":false},"featured_media":59432,"template":"","meta":{"_acf_changed":false},"product_brand":[],"product_cat":[1909,2022,1910,2021,2600],"product_tag":[],"class_list":{"0":"post-59429","1":"product","2":"type-product","3":"status-publish","4":"has-post-thumbnail","5":"product_cat-herrenuhren","6":"product_cat-armbanduhren","7":"product_cat-neu-eingetroffen","8":"product_cat-unisex-armbanduhren","9":"product_cat-verkaufte-uhren","11":"first","12":"outofstock","13":"taxable","14":"shipping-taxable","15":"purchasable","16":"product-type-simple"},"acf":[],"_links":{"self":[{"href":"https:\/\/langedykvintagewatches.com\/de\/wp-json\/wp\/v2\/product\/59429","targetHints":{"allow":["GET"]}}],"collection":[{"href":"https:\/\/langedykvintagewatches.com\/de\/wp-json\/wp\/v2\/product"}],"about":[{"href":"https:\/\/langedykvintagewatches.com\/de\/wp-json\/wp\/v2\/types\/product"}],"wp:featuredmedia":[{"embeddable":true,"href":"https:\/\/langedykvintagewatches.com\/de\/wp-json\/wp\/v2\/media\/59432"}],"wp:attachment":[{"href":"https:\/\/langedykvintagewatches.com\/de\/wp-json\/wp\/v2\/media?parent=59429"}],"wp:term":[{"taxonomy":"product_brand","embeddable":true,"href":"https:\/\/langedykvintagewatches.com\/de\/wp-json\/wp\/v2\/product_brand?post=59429"},{"taxonomy":"product_cat","embeddable":true,"href":"https:\/\/langedykvintagewatches.com\/de\/wp-json\/wp\/v2\/product_cat?post=59429"},{"taxonomy":"product_tag","embeddable":true,"href":"https:\/\/langedykvintagewatches.com\/de\/wp-json\/wp\/v2\/product_tag?post=59429"}],"curies":[{"name":"wp","href":"https:\/\/api.w.org\/{rel}","templated":true}]}}