{"id":59421,"date":"2024-05-28T05:50:32","date_gmt":"2024-05-23T14:02:34","guid":{"rendered":"https:\/\/langedykvintagewatches.com\/?post_type=product&#038;p=59421"},"modified":"2024-05-28T05:58:06","modified_gmt":"2024-05-28T05:58:06","slug":"rolex-day-date-champagne-18238-1991-vollstandiger-satz-copy","status":"publish","type":"product","link":"https:\/\/langedykvintagewatches.com\/de\/produkt\/rolex-day-date-champagne-18238-1991-vollstandiger-satz-copy\/","title":{"rendered":"Rolex Day-Date Champagne Diamond 18388 1995 (Vollst\u00e4ndiger Satz)"},"content":{"rendered":"","protected":false},"excerpt":{"rendered":"<p class=\"p1\">Rolex Oyster Perpetual Day-Date Referenz 18388 aus dem Jahr 1995 mit komplettem Set. Die Day-Date 18388 misst ein 36-mm-Geh\u00e4use aus 18-kar\u00e4tigem Gold mit Diamanteinlage, ein 18-kar\u00e4tiges Pr\u00e4sidentenarmband mit Kronenschlie\u00dfe und kannelierter 18-kar\u00e4tiger L\u00fcnette mit Diamanteinlage. Die Day-Date 18388 verf\u00fcgt \u00fcber ein Automatikwerk Kaliber 3155 mit einer doppelten Schnellverstellung von Datum und Wochentag, ein kratzfestes Saphirglas und ein champagnerfarbenes Zifferblatt mit Diamantindex.<\/p>\n<p>Jede von Langedyk Vintage Watches verkaufte Uhr wird mit einer LVW-Uhrenbox, einem Echtheitsbericht und einem kostenlosen weltweiten (versicherten) Versand geliefert. Dar\u00fcber hinaus wird jede gebrauchte Uhr mit unserer 12-monatigen Garantie ab dem Kaufdatum angeboten.<\/p>\n<p>Wenn Sie Fragen haben oder weitere Informationen zu dieser Uhr erhalten m\u00f6chten, k\u00f6nnen Sie uns gerne telefonisch oder per E-Mail kontaktieren. Wir werden so schnell wie m\u00f6glich auf Ihre Anfrage reagieren.<\/p>\n<p>Bitte schauen Sie sich auch unsere komplette Kollektion von Rolex <a href=\"https:\/\/langedykvintagewatches.com\/de\/day-date-de\/\">Day-Date<\/a> Uhren an.<\/p>\n","protected":false},"featured_media":59723,"template":"","meta":{"_acf_changed":false},"product_brand":[],"product_cat":[1909,2751,2022,2023,1951,1910,1914,1915,2021],"product_tag":[],"class_list":{"0":"post-59421","1":"product","2":"type-product","3":"status-publish","4":"has-post-thumbnail","5":"product_cat-herrenuhren","6":"product_cat-18338-de","7":"product_cat-armbanduhren","8":"product_cat-damenuhren","9":"product_cat-day-date-de","10":"product_cat-neu-eingetroffen","11":"product_cat-rolex-de","12":"product_cat-rolex-brands-de","13":"product_cat-unisex-armbanduhren","15":"first","16":"outofstock","17":"purchasable","18":"product-type-simple"},"acf":[],"_links":{"self":[{"href":"https:\/\/langedykvintagewatches.com\/de\/wp-json\/wp\/v2\/product\/59421","targetHints":{"allow":["GET"]}}],"collection":[{"href":"https:\/\/langedykvintagewatches.com\/de\/wp-json\/wp\/v2\/product"}],"about":[{"href":"https:\/\/langedykvintagewatches.com\/de\/wp-json\/wp\/v2\/types\/product"}],"wp:featuredmedia":[{"embeddable":true,"href":"https:\/\/langedykvintagewatches.com\/de\/wp-json\/wp\/v2\/media\/59723"}],"wp:attachment":[{"href":"https:\/\/langedykvintagewatches.com\/de\/wp-json\/wp\/v2\/media?parent=59421"}],"wp:term":[{"taxonomy":"product_brand","embeddable":true,"href":"https:\/\/langedykvintagewatches.com\/de\/wp-json\/wp\/v2\/product_brand?post=59421"},{"taxonomy":"product_cat","embeddable":true,"href":"https:\/\/langedykvintagewatches.com\/de\/wp-json\/wp\/v2\/product_cat?post=59421"},{"taxonomy":"product_tag","embeddable":true,"href":"https:\/\/langedykvintagewatches.com\/de\/wp-json\/wp\/v2\/product_tag?post=59421"}],"curies":[{"name":"wp","href":"https:\/\/api.w.org\/{rel}","templated":true}]}}