{"id":59416,"date":"2024-05-28T05:40:02","date_gmt":"2024-05-23T13:46:58","guid":{"rendered":"https:\/\/langedykvintagewatches.com\/?post_type=product&#038;p=59416"},"modified":"2024-05-28T05:40:03","modified_gmt":"2024-05-28T05:40:03","slug":"rolex-lady-datejust-pyramid-roman-69173-1993-vollstandiger-satz","status":"publish","type":"product","link":"https:\/\/langedykvintagewatches.com\/de\/produkt\/rolex-lady-datejust-pyramid-roman-69173-1993-vollstandiger-satz\/","title":{"rendered":"Rolex Lady-Datejust Pyramid Roman 69173 1993 (Vollst\u00e4ndiger Satz)"},"content":{"rendered":"<p>Wenn Sie die Lady-Datejust 69713 betrachten, wissen Sie die Handwerkskunst und das durchdachte Design der Uhrenmarke Rolex sehr zu sch\u00e4tzen. Wenn Sie sich f\u00fcr den Kauf eines solchen klassischen Zeitmessers entscheiden, um Ihr Handgelenk zu schm\u00fccken, reihen Sie sich in die Riege der Frauen ein, die f\u00fcr ihren zeitlosen Stil und ihren Sinn f\u00fcr Klasse bekannt sind, wie Charlize Theron, Jennifer Aniston und Victoria Beckham. Die Investition in eine Rolex Datejust-Lady Uhr ist sicherlich eine modische Entscheidung.<\/p>\n<p>Das meisterhafte Design der Rolex Datejust-Lady 69173 macht sie zu einer zuverl\u00e4ssigen Wahl einer Armbanduhr f\u00fcr Frauen auf der ganzen Welt, die mit ihrer Wahl eines tragbaren Zeitmessers ein mutiges Statement abgeben m\u00f6chten. Dieses Damenmodell der Rolex Datejust-Kollektion wurde nach denselben sorgf\u00e4ltig entwickelten Standards wie die Herrenlinie hergestellt, jedoch in einem zierlicheren 26-mm-Geh\u00e4use, das sich dem kleineren Handgelenk einer Frau anpasst. Ihr Styling erm\u00f6glicht ein vielseitiges Tragen, da sie sowohl f\u00fcr legere als auch f\u00fcr formelle Anl\u00e4sse geeignet ist. Sie ist wirklich die perfekte Rolex f\u00fcr Ihr Schmuckk\u00e4stchen.<\/p>\n<p>Die Datejust-Lady 69173 ist in verschiedenen Armbandvarianten erh\u00e4ltlich, die das patentierte Rolesor-Finish von Rolex zur Geltung bringen, bei dem Gelbgold und Edelstahl miteinander verschmelzen und das Teil des Rolex-Stils ist. Dar\u00fcber hinaus verf\u00fcgt dieses Modell \u00fcber das automatische Perpetual-Uhrwerk der Marke und ein wechselndes Datumsfenster. Das Uhrwerk der 69173 l\u00e4uft mit 28.800 Halbschwingungen pro Stunde und erm\u00f6glicht so ein perfektes Gleiten des Sekundenzeigers, der mit einer zuverl\u00e4ssigen Gangreserve von 42 Stunden f\u00fcr eine perfekte Zeitanzeige sorgt. Dies sind nur einige der Gr\u00fcnde, warum die Datejust-Lady zu den absoluten Top-Sellern der Marke Rolex geh\u00f6rt.<\/p>\n<p>Erleben Sie den bemerkenswerten Unterschied in der Kunstfertigkeit, dem Stil und der Liebe zum Detail, den die Datejust-Lady 69173 bietet, w\u00e4hrend sie Ihnen ein St\u00fcck in Erbst\u00fcckqualit\u00e4t bietet, das zu fast jedem Outfit passt, das Sie tragen m\u00f6chten.<\/p>\n","protected":false},"excerpt":{"rendered":"<p>Rolex Oyster Perpetual Lady-Datejust Referenz 69173 aus dem Jahr 1993 einschlie\u00dflich der vollst\u00e4ndigen Satz. Die Lady-Datejust 69173 misst eine 26mm Gold und Edelstahl-Geh\u00e4use, zwei-Ton-Jubil\u00e4um Armband und geriffelte 14k Gold L\u00fcnette. Diese Lady-Datejust 69173 verf\u00fcgt \u00fcber ein Automatikwerk Kaliber 2135 mit Quickset Datum Funktion, eine Kratzfestigkeit Saphirglas und ein Pyramiden Zifferblatt w \/ Tritium Zeiger und R\u00f6mischen Markierungen.<\/p>\n<p>Jede Uhr, die von Langedyk Vintage Watches verkauft wird, wird mit einer LVW-Uhrenbox, einem Echtheitsbericht und einem kostenlosen weltweiten (versicherten) Versand geliefert. Dar\u00fcber hinaus wird jede gebrauchte Uhr mit unserer 12-monatigen Garantie ab dem Kaufdatum angeboten.<\/p>\n<p>Wenn Sie Fragen haben oder zus\u00e4tzliche Informationen zu dieser Uhr erhalten m\u00f6chten, k\u00f6nnen Sie uns gerne telefonisch oder per E-Mail kontaktieren. Wir werden Ihre Anfrage so schnell wie m\u00f6glich beantworten.<\/p>\n<p>Werfen Sie auch einen Blick auf unser komplettes Angebot an Rolex <a href=\"https:\/\/langedykvintagewatches.com\/de\/rolex-brands-de\/datejust-lady-de\/\">Lady-Datejust<\/a> Uhren.<\/p>\n","protected":false},"featured_media":59699,"template":"","meta":{"_acf_changed":false},"product_brand":[],"product_cat":[1946,2022,2023,1943,1910,1915,1914,2021,2600],"product_tag":[],"class_list":{"0":"post-59416","1":"product","2":"type-product","3":"status-publish","4":"has-post-thumbnail","5":"product_cat-69173-de","6":"product_cat-armbanduhren","7":"product_cat-damenuhren","8":"product_cat-datejust-lady-de","9":"product_cat-neu-eingetroffen","10":"product_cat-rolex-brands-de","11":"product_cat-rolex-de","12":"product_cat-unisex-armbanduhren","13":"product_cat-verkaufte-uhren","15":"first","16":"outofstock","17":"taxable","18":"shipping-taxable","19":"purchasable","20":"product-type-simple"},"acf":[],"_links":{"self":[{"href":"https:\/\/langedykvintagewatches.com\/de\/wp-json\/wp\/v2\/product\/59416","targetHints":{"allow":["GET"]}}],"collection":[{"href":"https:\/\/langedykvintagewatches.com\/de\/wp-json\/wp\/v2\/product"}],"about":[{"href":"https:\/\/langedykvintagewatches.com\/de\/wp-json\/wp\/v2\/types\/product"}],"wp:featuredmedia":[{"embeddable":true,"href":"https:\/\/langedykvintagewatches.com\/de\/wp-json\/wp\/v2\/media\/59699"}],"wp:attachment":[{"href":"https:\/\/langedykvintagewatches.com\/de\/wp-json\/wp\/v2\/media?parent=59416"}],"wp:term":[{"taxonomy":"product_brand","embeddable":true,"href":"https:\/\/langedykvintagewatches.com\/de\/wp-json\/wp\/v2\/product_brand?post=59416"},{"taxonomy":"product_cat","embeddable":true,"href":"https:\/\/langedykvintagewatches.com\/de\/wp-json\/wp\/v2\/product_cat?post=59416"},{"taxonomy":"product_tag","embeddable":true,"href":"https:\/\/langedykvintagewatches.com\/de\/wp-json\/wp\/v2\/product_tag?post=59416"}],"curies":[{"name":"wp","href":"https:\/\/api.w.org\/{rel}","templated":true}]}}