{"id":58560,"date":"2024-05-28T05:39:49","date_gmt":"2024-04-25T12:38:37","guid":{"rendered":"https:\/\/langedykvintagewatches.com\/?post_type=product&#038;p=58560"},"modified":"2024-05-28T05:39:50","modified_gmt":"2024-05-28T05:39:50","slug":"rolex-oyster-perpetual-datejust-blue-16220-2000-vollstandiger-satz-copy","status":"publish","type":"product","link":"https:\/\/langedykvintagewatches.com\/de\/produkt\/rolex-oyster-perpetual-datejust-blue-16220-2000-vollstandiger-satz-copy\/","title":{"rendered":"Rolex Oyster Perpetual Datejust Blue 16220 2002"},"content":{"rendered":"<p>Von Winston Churchill \u00fcber FDR bis hin zu James Bond sind Rolex-Uhren zu einem Symbol f\u00fcr Eleganz, Klasse und Pr\u00e4zisionsdesign f\u00fcr die einflussreichsten Pers\u00f6nlichkeiten der Welt geworden, ob in der Realit\u00e4t oder im Film. Sie sind wahrhaftig eine unverwechselbare Uhr, die mit der meisterhaftesten Handwerkskunst hergestellt wird, die man in einem Zeitmesser finden kann.<\/p>\n<p>Das ist bei der Rolex Datejust 16220 nicht anders. Dieses besondere Modell der Rolex-Uhren ist in der Regel die von erstmaligen Rolex-Kunden f\u00fcr seinen Stil, Luxus und Vielseitigkeit als eine Uhr, die von gekleidet bis gekleidet nach unten, von Black-Tie zu T-Shirts getragen werden kann gew\u00e4hlt; es wirklich f\u00fcgt zu jeder Kleidung. Die Datejust 16220 verf\u00fcgt \u00fcber ein wasserdichtes 36-mm-Edelstahlgeh\u00e4use, ein 5-teiliges Edelstahl-Jubil\u00e4umsarmband und eine Mischung aus verschiedenen Zifferblattdesigns, um sie abzurunden. Vergessen Sie nicht die schwer zu findende motorgedrehte Edelstahll\u00fcnette, die im Rolex-Katalog nicht mehr so h\u00e4ufig zu finden ist.<\/p>\n<p>Die Rolex Datejust 16220 ist mit dem ber\u00fchmten Automatikwerk Kaliber 3135 von Rolex ausgestattet und verf\u00fcgt \u00fcber die innovative und seiner Zeit vorausschauende Quickset-Funktion f\u00fcr den sofortigen Datumswechsel. \u00c4ndern Sie einfach das Datum, indem Sie die Krone herausziehen und eineinhalb Mal gegen den Uhrzeigersinn drehen, anstatt die Zeiger 24 Stunden lang aufzuziehen. Das Uhrwerk 3135 arbeitet mit 28.800 Halbschwingungen pro Stunde, was eine zuverl\u00e4ssige Gangreserve von 48 Stunden erm\u00f6glicht und dieses Modell zu einem Muss f\u00fcr jeden Rolex Fan und Sammler macht.<\/p>\n<p>Erleben Sie den Unterschied in Luxus, Stil und Design, den eine Rolex Datejust 16220 bietet, w\u00e4hrend Sie die M\u00f6glichkeit haben, vielseitig zu sein, wie und wo Sie Ihre Uhr tragen. Diese Rolex-Uhr der Einstiegsklasse ist eine gro\u00dfartige Erg\u00e4nzung f\u00fcr jede Uhrensammlung.<\/p>\n","protected":false},"excerpt":{"rendered":"<p>Rolex Oyster Perpetual Datejust Referenz 16220 aus dem Jahr 2002. Die Datejust 16220 hat ein 36 mm gro\u00dfes Edelstahlgeh\u00e4use, ein Jubil\u00e4umsarmband aus Edelstahl und eine gedrehte L\u00fcnette. Die 16220 verf\u00fcgt \u00fcber ein Automatikwerk Kaliber 3135 Quickset Datum Funktion, Wasserdichtigkeit Saphirglas und blau gef\u00e4rbtes Zifferblatt mit Tritium Zeiger.<\/p>\n<p>Jede Uhr, die von Langedyk Vintage Watches verkauft wird, wird mit einer LVW-Uhrenbox, einem Echtheitsbericht und einem kostenlosen weltweiten (versicherten) Versand geliefert. Dar\u00fcber hinaus wird jede gebrauchte Uhr mit unserer 12-monatigen Garantie ab dem Kaufdatum angeboten.<\/p>\n<p>Wenn Sie Fragen haben oder zus\u00e4tzliche Informationen zu dieser Uhr erhalten m\u00f6chten, k\u00f6nnen Sie uns gerne telefonisch oder per E-Mail kontaktieren. Wir werden Ihre Anfrage so schnell wie m\u00f6glich beantworten.<\/p>\n<p>Werfen Sie bitte auch einen Blick auf unser komplettes Angebot an Rolex <a href=\"https:\/\/langedykvintagewatches.com\/de\/rolex-brands-de\/datejust-de\/\">Datejust<\/a> Uhren.<\/p>\n","protected":false},"featured_media":59888,"template":"","meta":{"_acf_changed":false},"product_brand":[],"product_cat":[2022,2023,1922,1909,1910,1914,1915,2021,2600],"product_tag":[],"class_list":{"0":"post-58560","1":"product","2":"type-product","3":"status-publish","4":"has-post-thumbnail","5":"product_cat-armbanduhren","6":"product_cat-damenuhren","7":"product_cat-datejust-de","8":"product_cat-herrenuhren","9":"product_cat-neu-eingetroffen","10":"product_cat-rolex-de","11":"product_cat-rolex-brands-de","12":"product_cat-unisex-armbanduhren","13":"product_cat-verkaufte-uhren","15":"first","16":"outofstock","17":"taxable","18":"shipping-taxable","19":"purchasable","20":"product-type-simple"},"acf":[],"_links":{"self":[{"href":"https:\/\/langedykvintagewatches.com\/de\/wp-json\/wp\/v2\/product\/58560","targetHints":{"allow":["GET"]}}],"collection":[{"href":"https:\/\/langedykvintagewatches.com\/de\/wp-json\/wp\/v2\/product"}],"about":[{"href":"https:\/\/langedykvintagewatches.com\/de\/wp-json\/wp\/v2\/types\/product"}],"wp:featuredmedia":[{"embeddable":true,"href":"https:\/\/langedykvintagewatches.com\/de\/wp-json\/wp\/v2\/media\/59888"}],"wp:attachment":[{"href":"https:\/\/langedykvintagewatches.com\/de\/wp-json\/wp\/v2\/media?parent=58560"}],"wp:term":[{"taxonomy":"product_brand","embeddable":true,"href":"https:\/\/langedykvintagewatches.com\/de\/wp-json\/wp\/v2\/product_brand?post=58560"},{"taxonomy":"product_cat","embeddable":true,"href":"https:\/\/langedykvintagewatches.com\/de\/wp-json\/wp\/v2\/product_cat?post=58560"},{"taxonomy":"product_tag","embeddable":true,"href":"https:\/\/langedykvintagewatches.com\/de\/wp-json\/wp\/v2\/product_tag?post=58560"}],"curies":[{"name":"wp","href":"https:\/\/api.w.org\/{rel}","templated":true}]}}