{"id":57963,"date":"2024-04-16T10:24:47","date_gmt":"2024-04-16T10:24:50","guid":{"rendered":"https:\/\/langedykvintagewatches.com\/?post_type=product&#038;p=57963"},"modified":"2024-04-16T10:27:36","modified_gmt":"2024-04-16T10:27:36","slug":"nue-rolex-submariner-starbucks-126610lv-2022-vollstandiger-satz-copy","status":"publish","type":"product","link":"https:\/\/langedykvintagewatches.com\/de\/produkt\/nue-rolex-submariner-starbucks-126610lv-2022-vollstandiger-satz-copy\/","title":{"rendered":"NUE Rolex Submariner &#8222;Starbucks&#8220; 126610LV 2022 (Vollst\u00e4ndiger Satz) (Copy)"},"content":{"rendered":"","protected":false},"excerpt":{"rendered":"<p>Rolex Submariner Date &#8222;Starbucks&#8220; Referenz 126610LV aus dem Jahr 2022 inklusive Komplettset. Die Submariner Date Starbucks misst ein 41mm Edelstahlgeh\u00e4use, ein Edelstahl-Oyster-Armband mit Oysterlock-Schlie\u00dfe und eine drehbare Keramikl\u00fcnette. Die Submariner Date 126610LV verf\u00fcgt \u00fcber ein Automatikwerk Kaliber 3235, ein kratzfestes Saphirglas und ein schwarzes Zifferblatt mit Chroma Light Anzeige.<\/p>\n<p>Jede Uhr, die von Langedyk Vintage Watches verkauft wird, wird mit einer LVW-Uhrenbox, einem Echtheitsbericht und einem kostenlosen weltweiten (versicherten) Versand geliefert. Dar\u00fcber hinaus wird jede gebrauchte Uhr mit unserer 12-monatigen Garantie ab Kaufdatum angeboten.<\/p>\n<p>Wenn Sie Fragen haben oder weitere Informationen zu dieser Uhr erhalten m\u00f6chten, kontaktieren Sie uns bitte per Telefon oder E-Mail. Wir werden Ihre Anfrage so schnell wie m\u00f6glich beantworten.<\/p>\n<p>Werfen Sie auch einen Blick auf unser komplettes Angebot an Rolex <a href=\"https:\/\/langedykvintagewatches.com\/de\/rolex-brands-de\/submariner-de\/\">Submariner<\/a> Uhren.<\/p>\n","protected":false},"featured_media":57967,"template":"","meta":{"_acf_changed":false},"product_brand":[],"product_cat":[1979,2009,1980,2022,1909,1910,1914,1915,2001,2600],"product_tag":[],"class_list":{"0":"post-57963","1":"product","2":"type-product","3":"status-publish","4":"has-post-thumbnail","5":"product_cat-gmt-master-ii-de","6":"product_cat-126610-de","7":"product_cat-16710-de","8":"product_cat-armbanduhren","9":"product_cat-herrenuhren","10":"product_cat-neu-eingetroffen","11":"product_cat-rolex-de","12":"product_cat-rolex-brands-de","13":"product_cat-submariner-de","14":"product_cat-verkaufte-uhren","16":"first","17":"outofstock","18":"taxable","19":"shipping-taxable","20":"purchasable","21":"product-type-simple"},"acf":[],"_links":{"self":[{"href":"https:\/\/langedykvintagewatches.com\/de\/wp-json\/wp\/v2\/product\/57963","targetHints":{"allow":["GET"]}}],"collection":[{"href":"https:\/\/langedykvintagewatches.com\/de\/wp-json\/wp\/v2\/product"}],"about":[{"href":"https:\/\/langedykvintagewatches.com\/de\/wp-json\/wp\/v2\/types\/product"}],"wp:featuredmedia":[{"embeddable":true,"href":"https:\/\/langedykvintagewatches.com\/de\/wp-json\/wp\/v2\/media\/57967"}],"wp:attachment":[{"href":"https:\/\/langedykvintagewatches.com\/de\/wp-json\/wp\/v2\/media?parent=57963"}],"wp:term":[{"taxonomy":"product_brand","embeddable":true,"href":"https:\/\/langedykvintagewatches.com\/de\/wp-json\/wp\/v2\/product_brand?post=57963"},{"taxonomy":"product_cat","embeddable":true,"href":"https:\/\/langedykvintagewatches.com\/de\/wp-json\/wp\/v2\/product_cat?post=57963"},{"taxonomy":"product_tag","embeddable":true,"href":"https:\/\/langedykvintagewatches.com\/de\/wp-json\/wp\/v2\/product_tag?post=57963"}],"curies":[{"name":"wp","href":"https:\/\/api.w.org\/{rel}","templated":true}]}}