{"id":57355,"date":"2024-04-23T06:04:42","date_gmt":"2024-04-04T12:33:28","guid":{"rendered":"https:\/\/langedykvintagewatches.com\/?post_type=product&#038;p=57355"},"modified":"2024-04-23T06:04:43","modified_gmt":"2024-04-23T06:04:43","slug":"rolex-sea-dweller-126660-2","status":"publish","type":"product","link":"https:\/\/langedykvintagewatches.com\/de\/produkt\/rolex-sea-dweller-126660-2\/","title":{"rendered":"Rolex Sea-Dweller 126660 2021 (V\u00f6llstandiger Satz)"},"content":{"rendered":"","protected":false},"excerpt":{"rendered":"<p>Rolex Oyster Perpetual Sea-Dweller Referenz 126660 aus dem Jahr 2021. Die Rolex Sea-Dweller 126660 hat ein 44-mm-Stahlgeh\u00e4use, ein Oyster-Stahlband mit Oyster-Schlie\u00dfe und eine drehbare Aluminiuml\u00fcnette (schwarze L\u00fcnette). Die Sea-Dweller 126660 verf\u00fcgt \u00fcber ein Automatikwerk Kaliber 3235 mit Schnellverstellung des Datums, ein kratzfreies Saphirglas und ein blaues Zifferblatt mit Chromalight-Anzeige. Diese Uhr wird mit der Originalbox, der Rolex-Karte, den Handb\u00fcchern und der 4-Jahres-Garantie von Rolex geliefert.<\/p>\n<p>Jede Uhr aus unserer Kollektion wird mit einer LVW-Uhrenbox, einem Echtheitszertifikat und einer 12-monatigen Garantie geliefert. Dar\u00fcber hinaus werden alle unsere Uhren innerhalb Europas kostenlos und versichert versandt. Haben Sie Fragen oder m\u00f6chten Sie weitere Informationen zu dieser Uhr erhalten?<\/p>\n<p>Bitte z\u00f6gern Sie nicht, uns telefonisch zu kontaktieren oder uns eine E-Mail zu schicken. Wir werden versuchen, Ihre Anfrage so schnell wie m\u00f6glich innerhalb von 24 Stunden zu beantworten. Werfen Sie auch einen Blick auf unser komplettes Angebot an Rolex <a href=\"https:\/\/langedykvintagewatches.com\/de\/rolex-brands-de\/sea-dweller-de\/\">Sea-Dweller<\/a> Uhren.<\/p>\n","protected":false},"featured_media":58407,"template":"","meta":{"_acf_changed":false},"product_brand":[],"product_cat":[2022,1909,1910,1914,1915,1993,2600],"product_tag":[],"class_list":{"0":"post-57355","1":"product","2":"type-product","3":"status-publish","4":"has-post-thumbnail","5":"product_cat-armbanduhren","6":"product_cat-herrenuhren","7":"product_cat-neu-eingetroffen","8":"product_cat-rolex-de","9":"product_cat-rolex-brands-de","10":"product_cat-sea-dweller-de","11":"product_cat-verkaufte-uhren","13":"first","14":"outofstock","15":"taxable","16":"shipping-taxable","17":"purchasable","18":"product-type-simple"},"acf":[],"_links":{"self":[{"href":"https:\/\/langedykvintagewatches.com\/de\/wp-json\/wp\/v2\/product\/57355","targetHints":{"allow":["GET"]}}],"collection":[{"href":"https:\/\/langedykvintagewatches.com\/de\/wp-json\/wp\/v2\/product"}],"about":[{"href":"https:\/\/langedykvintagewatches.com\/de\/wp-json\/wp\/v2\/types\/product"}],"wp:featuredmedia":[{"embeddable":true,"href":"https:\/\/langedykvintagewatches.com\/de\/wp-json\/wp\/v2\/media\/58407"}],"wp:attachment":[{"href":"https:\/\/langedykvintagewatches.com\/de\/wp-json\/wp\/v2\/media?parent=57355"}],"wp:term":[{"taxonomy":"product_brand","embeddable":true,"href":"https:\/\/langedykvintagewatches.com\/de\/wp-json\/wp\/v2\/product_brand?post=57355"},{"taxonomy":"product_cat","embeddable":true,"href":"https:\/\/langedykvintagewatches.com\/de\/wp-json\/wp\/v2\/product_cat?post=57355"},{"taxonomy":"product_tag","embeddable":true,"href":"https:\/\/langedykvintagewatches.com\/de\/wp-json\/wp\/v2\/product_tag?post=57355"}],"curies":[{"name":"wp","href":"https:\/\/api.w.org\/{rel}","templated":true}]}}