{"id":57160,"date":"2024-04-02T05:16:26","date_gmt":"2024-03-28T14:11:27","guid":{"rendered":"https:\/\/langedykvintagewatches.com\/?post_type=product&#038;p=57160"},"modified":"2024-06-13T08:24:35","modified_gmt":"2024-06-13T08:24:35","slug":"rolex-day-date-18238-13","status":"publish","type":"product","link":"https:\/\/langedykvintagewatches.com\/de\/produkt\/rolex-day-date-18238-13\/","title":{"rendered":"Rolex Day-Date Wood Dial 18238 1990"},"content":{"rendered":"<p>Die Rolex Day-Date Uhrenkollektion ist seit jeher als Pr\u00e4sident f\u00fcr die Menschen bekannt, die diese eleganten Zeitmesser tragen. Sie sind wahrhaftig der Rolls Royce unter den Armbanduhren und das schon seit der Einf\u00fchrung der Day-Date im Jahr 1956. Die Rolex Day-Date ref 18238 ist mit ihrem automatischen Aufzug, dem wasserdichten Geh\u00e4use und dem Zifferblatt mit ausgeschriebener Datums- und Tagesanzeige keine Ausnahme.<\/p>\n<p>Die Rolex Day-Date 18238, die f\u00fcr immer als die ultimative Uhr f\u00fcr die Garderobe bekannt sein wird, ist ein echtes Schmuckst\u00fcck, das aus feinster Qualit\u00e4t gefertigt ist und als Erbst\u00fcck gilt. Im Gegensatz zu den Datejust-Modellen enthalten die Day-Date-Modelle keinen Edelstahl, da diese Zeitmesser ausschlie\u00dflich und vollst\u00e4ndig aus Edelmetallen gefertigt werden, von allen drei Goldarten bis hin zu noch mehr Edelmetallen. Wenn Sie durch die Hallen der Macht schreiten oder in Ihre n\u00e4chste Vorstandssitzung gehen, k\u00f6nnen Sie diese Uhr nicht mit einem Meisterwerk verwechseln, denn diese Zeitmesser stehen f\u00fcr sich allein.<\/p>\n<p>Mit der Ver\u00f6ffentlichung der Rolex President 18238 in den sp\u00e4ten 80er Jahren stellte Rolex eine neue Kraft f\u00fcr seine kultigen Luxusuhren vor. Sie verbesserten die mechanische Genialit\u00e4t der Day-Date mit dem m\u00e4chtigen Cal. 3155 Perpetual Uhrwerk in Kombination mit der Double Quickset Funktion. Mit dieser Funktion k\u00f6nnen Sie sowohl das Datum als auch den Wochentag wechseln, ohne die Uhrzeit zu ver\u00e4ndern. Drehen Sie die Krone in eine Richtung, um das Datum zu \u00e4ndern, drehen Sie sie in die andere Richtung, um den Tag zu \u00e4ndern. Wahrlich so einfach wie elegant.<\/p>\n<p>Erleben Sie den pr\u00e4sidialen Unterschied, der mit dem Luxus und der Eleganz dieses charakteristischen Zeitmessers von Rolex einhergeht.<\/p>\n","protected":false},"excerpt":{"rendered":"<p>Rolex Oyster Perpetual Day-Date Referenz 18238 aus dem Jahr 1990. Die Day-Date 18238 misst ein 36mm 18k Goldgeh\u00e4use, ein 18k Gold Pr\u00e4sident Armband mit Crownclasp und 18k Gold geriffelte L\u00fcnette. Die Day-Date 18238 verf\u00fcgt \u00fcber ein Automatikwerk Kaliber 3155 mit einer doppelten Schnellverstellung von Datum und Wochentag, ein kratzfestes Saphirglas und ein Holzzifferblatt mit Tritiumzeigern.<\/p>\n<p>Jede Uhr, die von Langedyk Vintage Watches verkauft wird, wird mit einer LVW-Uhrenbox, einem Echtheitsbericht und einem kostenlosen weltweiten (versicherten) Versand geliefert. Dar\u00fcber hinaus gilt f\u00fcr jede gebrauchte Uhr unsere 12-monatige Garantie ab dem Kaufdatum.<\/p>\n<p>Wenn Sie Fragen haben oder weitere Informationen zu dieser Uhr erhalten m\u00f6chten, k\u00f6nnen Sie uns gerne telefonisch oder per E-Mail kontaktieren. Wir werden so schnell wie m\u00f6glich auf Ihre Anfrage reagieren.<\/p>\n<p>Bitte schauen Sie sich auch unsere komplette Kollektion von Rolex\u00a0<a href=\"https:\/\/langedykvintagewatches.com\/de\/day-date-de\/\">Day-Date<\/a>\u00a0Uhren an.<\/p>\n","protected":false},"featured_media":57313,"template":"","meta":{"_acf_changed":false},"product_brand":[],"product_cat":[1954,2022,2023,1951,1909,1910,1914,1915,2021,2600],"product_tag":[],"class_list":{"0":"post-57160","1":"product","2":"type-product","3":"status-publish","4":"has-post-thumbnail","5":"product_cat-18238-de","6":"product_cat-armbanduhren","7":"product_cat-damenuhren","8":"product_cat-day-date-de","9":"product_cat-herrenuhren","10":"product_cat-neu-eingetroffen","11":"product_cat-rolex-de","12":"product_cat-rolex-brands-de","13":"product_cat-unisex-armbanduhren","14":"product_cat-verkaufte-uhren","16":"first","17":"outofstock","18":"purchasable","19":"product-type-simple"},"acf":[],"_links":{"self":[{"href":"https:\/\/langedykvintagewatches.com\/de\/wp-json\/wp\/v2\/product\/57160","targetHints":{"allow":["GET"]}}],"collection":[{"href":"https:\/\/langedykvintagewatches.com\/de\/wp-json\/wp\/v2\/product"}],"about":[{"href":"https:\/\/langedykvintagewatches.com\/de\/wp-json\/wp\/v2\/types\/product"}],"wp:featuredmedia":[{"embeddable":true,"href":"https:\/\/langedykvintagewatches.com\/de\/wp-json\/wp\/v2\/media\/57313"}],"wp:attachment":[{"href":"https:\/\/langedykvintagewatches.com\/de\/wp-json\/wp\/v2\/media?parent=57160"}],"wp:term":[{"taxonomy":"product_brand","embeddable":true,"href":"https:\/\/langedykvintagewatches.com\/de\/wp-json\/wp\/v2\/product_brand?post=57160"},{"taxonomy":"product_cat","embeddable":true,"href":"https:\/\/langedykvintagewatches.com\/de\/wp-json\/wp\/v2\/product_cat?post=57160"},{"taxonomy":"product_tag","embeddable":true,"href":"https:\/\/langedykvintagewatches.com\/de\/wp-json\/wp\/v2\/product_tag?post=57160"}],"curies":[{"name":"wp","href":"https:\/\/api.w.org\/{rel}","templated":true}]}}