{"id":56621,"date":"2024-03-19T07:02:13","date_gmt":"2024-03-14T15:34:39","guid":{"rendered":"https:\/\/langedykvintagewatches.com\/?post_type=product&#038;p=56621"},"modified":"2024-03-19T07:02:13","modified_gmt":"2024-03-19T07:02:13","slug":"rolex-datejust-68273-5","status":"publish","type":"product","link":"https:\/\/langedykvintagewatches.com\/de\/produkt\/rolex-datejust-68273-5\/","title":{"rendered":"Rolex Oyster Perpetual Datejust Mid-Size MOP Roman 68273 1995 (Vollst\u00e4ndiger Satz)"},"content":{"rendered":"","protected":false},"excerpt":{"rendered":"<p>Rolex Oyster Perpetual Datejust Mid-Size Referenz 68273 aus dem Jahr 1995 mit komplettem Set. Die Datejust 68273 misst ein 31mm Gold\/Edelstahl-Geh\u00e4use, ein Gold\/Edelstahl-Jubilee-Armband und eine geriffelte 18k Goldl\u00fcnette. Diese Datejust 68273 verf\u00fcgt \u00fcber ein Automatikwerk Kaliber 3135 mit Schnellverstellung des Datums, ein kratzfestes Saphirglas und ein MOP Zifferblatt mit Tritiumzeigern und R\u00f6mischen markierungen.<\/p>\n<p>Auf jede gebrauchte Uhr, die wir verkaufen, gew\u00e4hren wir 12 Monate Garantie ab Kaufdatum. Jede von Langedyk Vintage Watches verkaufte Uhr wird mit einer LVW-Uhrenbox, einem Echtheitsbericht und einem kostenlosen weltweiten (versicherten) Versand geliefert.<\/p>\n<p>Wenn Sie Fragen haben oder weitere Informationen zu dieser Uhr erhalten m\u00f6chten, k\u00f6nnen Sie uns gerne telefonisch oder per E-Mail kontaktieren. Wir werden so schnell wie m\u00f6glich auf Ihre Anfrage reagieren.<\/p>\n<p>Bitte schauen Sie sich auch unsere komplette Kollektion von Rolex <a href=\"https:\/\/langedykvintagewatches.com\/de\/rolex-brands-de\/datejust-de\/\">Datejust<\/a> Uhren an.<\/p>\n","protected":false},"featured_media":56841,"template":"","meta":{"_acf_changed":false},"product_brand":[],"product_cat":[1944,1922,1943,2600],"product_tag":[],"class_list":{"0":"post-56621","1":"product","2":"type-product","3":"status-publish","4":"has-post-thumbnail","5":"product_cat-68273-de","6":"product_cat-datejust-de","7":"product_cat-datejust-lady-de","8":"product_cat-verkaufte-uhren","10":"first","11":"outofstock","12":"virtual","13":"taxable","14":"purchasable","15":"product-type-simple"},"acf":[],"_links":{"self":[{"href":"https:\/\/langedykvintagewatches.com\/de\/wp-json\/wp\/v2\/product\/56621","targetHints":{"allow":["GET"]}}],"collection":[{"href":"https:\/\/langedykvintagewatches.com\/de\/wp-json\/wp\/v2\/product"}],"about":[{"href":"https:\/\/langedykvintagewatches.com\/de\/wp-json\/wp\/v2\/types\/product"}],"wp:featuredmedia":[{"embeddable":true,"href":"https:\/\/langedykvintagewatches.com\/de\/wp-json\/wp\/v2\/media\/56841"}],"wp:attachment":[{"href":"https:\/\/langedykvintagewatches.com\/de\/wp-json\/wp\/v2\/media?parent=56621"}],"wp:term":[{"taxonomy":"product_brand","embeddable":true,"href":"https:\/\/langedykvintagewatches.com\/de\/wp-json\/wp\/v2\/product_brand?post=56621"},{"taxonomy":"product_cat","embeddable":true,"href":"https:\/\/langedykvintagewatches.com\/de\/wp-json\/wp\/v2\/product_cat?post=56621"},{"taxonomy":"product_tag","embeddable":true,"href":"https:\/\/langedykvintagewatches.com\/de\/wp-json\/wp\/v2\/product_tag?post=56621"}],"curies":[{"name":"wp","href":"https:\/\/api.w.org\/{rel}","templated":true}]}}