{"id":56091,"date":"2024-03-12T05:11:47","date_gmt":"2024-03-09T12:00:20","guid":{"rendered":"https:\/\/langedykvintagewatches.com\/?post_type=product&#038;p=56091"},"modified":"2024-03-12T05:11:48","modified_gmt":"2024-03-12T05:11:48","slug":"rolex-submariner-116610lv-2","status":"publish","type":"product","link":"https:\/\/langedykvintagewatches.com\/de\/produkt\/rolex-submariner-116610lv-2\/","title":{"rendered":"Rolex Submariner Hulk 116610LV 2018 (Vollst\u00e4ndiger Satz)"},"content":{"rendered":"","protected":false},"excerpt":{"rendered":"<p>Rolex Oyster Perpetual Submariner Referenz 116610LV aus dem Jahr 2018 inklusive Komplettset. Die Submariner 116610LV misst ein 40mm Edelstahlgeh\u00e4use, ein Edelstahl-Oyster-Armband mit Fliplock-Schlie\u00dfe und gr\u00fcner drehbarer L\u00fcnette. Die Submariner 116610LV verf\u00fcgt \u00fcber ein Automatikkaliber 3135 mit Quickset-Datumsfunktion, ein kratzfestes Saphirglas und ein gr\u00fcnes Zifferblatt mit Chromalight-Anzeige.<\/p>\n<p>Jede Uhr, die von Langedyk Vintage Watches verkauft wird, wird mit einer LVW-Uhrenbox, einem Echtheitsbericht und einem kostenlosen weltweiten (versicherten) Versand geliefert. Dar\u00fcber hinaus wird jede gebrauchte Uhr mit unserer 12-monatigen Garantie ab dem Kaufdatum angeboten.<\/p>\n<p>Werfen Sie auch einen Blick auf unsere komplette Kollektion von Rolex <a href=\"https:\/\/langedykvintagewatches.com\/de\/rolex-brands-de\/submariner-de\/\">Submariner<\/a> Uhren.<\/p>\n","protected":false},"featured_media":56369,"template":"","meta":{"_acf_changed":false},"product_brand":[],"product_cat":[1909,2008,2022,1910,1914,1915,2001,2021,2600],"product_tag":[],"class_list":{"0":"post-56091","1":"product","2":"type-product","3":"status-publish","4":"has-post-thumbnail","5":"product_cat-herrenuhren","6":"product_cat-116610lv-de","7":"product_cat-armbanduhren","8":"product_cat-neu-eingetroffen","9":"product_cat-rolex-de","10":"product_cat-rolex-brands-de","11":"product_cat-submariner-de","12":"product_cat-unisex-armbanduhren","13":"product_cat-verkaufte-uhren","15":"first","16":"outofstock","17":"taxable","18":"shipping-taxable","19":"purchasable","20":"product-type-simple"},"acf":[],"_links":{"self":[{"href":"https:\/\/langedykvintagewatches.com\/de\/wp-json\/wp\/v2\/product\/56091","targetHints":{"allow":["GET"]}}],"collection":[{"href":"https:\/\/langedykvintagewatches.com\/de\/wp-json\/wp\/v2\/product"}],"about":[{"href":"https:\/\/langedykvintagewatches.com\/de\/wp-json\/wp\/v2\/types\/product"}],"wp:featuredmedia":[{"embeddable":true,"href":"https:\/\/langedykvintagewatches.com\/de\/wp-json\/wp\/v2\/media\/56369"}],"wp:attachment":[{"href":"https:\/\/langedykvintagewatches.com\/de\/wp-json\/wp\/v2\/media?parent=56091"}],"wp:term":[{"taxonomy":"product_brand","embeddable":true,"href":"https:\/\/langedykvintagewatches.com\/de\/wp-json\/wp\/v2\/product_brand?post=56091"},{"taxonomy":"product_cat","embeddable":true,"href":"https:\/\/langedykvintagewatches.com\/de\/wp-json\/wp\/v2\/product_cat?post=56091"},{"taxonomy":"product_tag","embeddable":true,"href":"https:\/\/langedykvintagewatches.com\/de\/wp-json\/wp\/v2\/product_tag?post=56091"}],"curies":[{"name":"wp","href":"https:\/\/api.w.org\/{rel}","templated":true}]}}