{"id":55341,"date":"2024-02-27T08:11:30","date_gmt":"2024-02-22T16:38:18","guid":{"rendered":"https:\/\/langedykvintagewatches.com\/?post_type=product&#038;p=55341"},"modified":"2024-02-27T08:11:31","modified_gmt":"2024-02-27T08:11:31","slug":"rolex-oyster-perpetual-114300","status":"publish","type":"product","link":"https:\/\/langedykvintagewatches.com\/de\/produkt\/rolex-oyster-perpetual-114300\/","title":{"rendered":"Rolex Oyster Perpetual Rhodium 114300 2016"},"content":{"rendered":"","protected":false},"excerpt":{"rendered":"<p>Rolex Oyster Perpetual Referenz 114300 aus dem Jahr 2016. Die Oyster Perpetual Referenz 114300 misst ein 39-mm-Edelstahlgeh\u00e4use, ein Oyster-Edelstahlarmband mit Oyster-Schlie\u00dfe und eine glatte Edelstahll\u00fcnette. Die Oyster Perpetual Referenz 114300 verf\u00fcgt \u00fcber ein Automatikwerk Kaliber 3132, ein kratzfestes Saphirglas und ein Rhodium Zifferblatt.<\/p>\n<p>Auf jede gebrauchte Uhr, die wir verkaufen, gew\u00e4hren wir 12 Monate Garantie ab Kaufdatum. Jede von Langedyk Vintage Watches verkaufte Uhr wird mit einer LVW-Uhrenbox, einem Echtheitsbericht und einem kostenlosen weltweiten (versicherten) Versand geliefert.<\/p>\n<p>Wenn Sie Fragen haben oder weitere Informationen zu dieser Uhr erhalten m\u00f6chten, k\u00f6nnen Sie uns gerne telefonisch oder per E-Mail kontaktieren. Wir werden so schnell wie m\u00f6glich auf Ihre Anfrage reagieren.<\/p>\n<p>Werfen Sie auch einen Blick auf unsere komplette Kollektion von Rolex <a href=\"https:\/\/langedykvintagewatches.com\/de\/rolex-brands-de\/oyster-perpetual-de\/\">Oyster Perpetual<\/a> Uhren.<\/p>\n","protected":false},"featured_media":55625,"template":"","meta":{"_acf_changed":false},"product_brand":[],"product_cat":[1990,2022,1909,1910,1988,1914,1915,2600],"product_tag":[],"class_list":{"0":"post-55341","1":"product","2":"type-product","3":"status-publish","4":"has-post-thumbnail","5":"product_cat-114300-de","6":"product_cat-armbanduhren","7":"product_cat-herrenuhren","8":"product_cat-neu-eingetroffen","9":"product_cat-oyster-perpetual-de","10":"product_cat-rolex-de","11":"product_cat-rolex-brands-de","12":"product_cat-verkaufte-uhren","14":"first","15":"outofstock","16":"taxable","17":"shipping-taxable","18":"purchasable","19":"product-type-simple"},"acf":[],"_links":{"self":[{"href":"https:\/\/langedykvintagewatches.com\/de\/wp-json\/wp\/v2\/product\/55341","targetHints":{"allow":["GET"]}}],"collection":[{"href":"https:\/\/langedykvintagewatches.com\/de\/wp-json\/wp\/v2\/product"}],"about":[{"href":"https:\/\/langedykvintagewatches.com\/de\/wp-json\/wp\/v2\/types\/product"}],"wp:featuredmedia":[{"embeddable":true,"href":"https:\/\/langedykvintagewatches.com\/de\/wp-json\/wp\/v2\/media\/55625"}],"wp:attachment":[{"href":"https:\/\/langedykvintagewatches.com\/de\/wp-json\/wp\/v2\/media?parent=55341"}],"wp:term":[{"taxonomy":"product_brand","embeddable":true,"href":"https:\/\/langedykvintagewatches.com\/de\/wp-json\/wp\/v2\/product_brand?post=55341"},{"taxonomy":"product_cat","embeddable":true,"href":"https:\/\/langedykvintagewatches.com\/de\/wp-json\/wp\/v2\/product_cat?post=55341"},{"taxonomy":"product_tag","embeddable":true,"href":"https:\/\/langedykvintagewatches.com\/de\/wp-json\/wp\/v2\/product_tag?post=55341"}],"curies":[{"name":"wp","href":"https:\/\/api.w.org\/{rel}","templated":true}]}}