{"id":55335,"date":"2024-02-27T08:11:32","date_gmt":"2024-02-22T16:17:23","guid":{"rendered":"https:\/\/langedykvintagewatches.com\/?post_type=product&#038;p=55335"},"modified":"2024-02-27T08:11:33","modified_gmt":"2024-02-27T08:11:33","slug":"rolex-explorer-ii-216570","status":"publish","type":"product","link":"https:\/\/langedykvintagewatches.com\/de\/produkt\/rolex-explorer-ii-216570\/","title":{"rendered":"Rolex Oyster Perpetual Explorer II White 216570 2019 (Vollst\u00e4ndiger Satz)"},"content":{"rendered":"","protected":false},"excerpt":{"rendered":"<p>Rolex Oyster Perpetual Explorer II Referenz 216570 aus dem Jahr 2019 mit komplettem Set. Die Explorer II 216570 misst ein 42mm Edelstahlgeh\u00e4use, ein Edelstahl Oyster Armband mit Fliplock Schlie\u00dfe und eine Edelstahl 24h-L\u00fcnette. Die Explorer II 216570 verf\u00fcgt \u00fcber ein Automatikwerk Kaliber 3187 mit einem wasserdichten Saphirglas und wei\u00dfem Zifferblatt.<\/p>\n<p>Auf jede gebrauchte Uhr, die wir verkaufen, gew\u00e4hren wir eine 12-monatige Garantie ab dem Kaufdatum. Jede von Langedyk Vintage Watches verkaufte Uhr wird mit einer LVW-Uhrenbox, einem Echtheitsbericht und einem kostenlosen weltweiten (versicherten) Versand geliefert.<\/p>\n<p>Wenn Sie Fragen haben oder weitere Informationen zu dieser Uhr erhalten m\u00f6chten, k\u00f6nnen Sie uns gerne telefonisch oder per E-Mail kontaktieren. Wir werden so schnell wie m\u00f6glich auf Ihre Anfrage reagieren.<\/p>\n<p>Bitte schauen Sie sich auch unsere komplette Kollektion von Rolex <a href=\"https:\/\/langedykvintagewatches.com\/de\/rolex-brands-de\/explorer-de\/\">Explorer<\/a> Uhren an.<\/p>\n","protected":false},"featured_media":55559,"template":"","meta":{"_acf_changed":false},"product_brand":[],"product_cat":[2022,1975,1909,1910,1915,1914,2021],"product_tag":[],"class_list":{"0":"post-55335","1":"product","2":"type-product","3":"status-publish","4":"has-post-thumbnail","5":"product_cat-armbanduhren","6":"product_cat-explorer-ii-de","7":"product_cat-herrenuhren","8":"product_cat-neu-eingetroffen","9":"product_cat-rolex-brands-de","10":"product_cat-rolex-de","11":"product_cat-unisex-armbanduhren","13":"first","14":"outofstock","15":"taxable","16":"shipping-taxable","17":"purchasable","18":"product-type-simple"},"acf":[],"_links":{"self":[{"href":"https:\/\/langedykvintagewatches.com\/de\/wp-json\/wp\/v2\/product\/55335","targetHints":{"allow":["GET"]}}],"collection":[{"href":"https:\/\/langedykvintagewatches.com\/de\/wp-json\/wp\/v2\/product"}],"about":[{"href":"https:\/\/langedykvintagewatches.com\/de\/wp-json\/wp\/v2\/types\/product"}],"wp:featuredmedia":[{"embeddable":true,"href":"https:\/\/langedykvintagewatches.com\/de\/wp-json\/wp\/v2\/media\/55559"}],"wp:attachment":[{"href":"https:\/\/langedykvintagewatches.com\/de\/wp-json\/wp\/v2\/media?parent=55335"}],"wp:term":[{"taxonomy":"product_brand","embeddable":true,"href":"https:\/\/langedykvintagewatches.com\/de\/wp-json\/wp\/v2\/product_brand?post=55335"},{"taxonomy":"product_cat","embeddable":true,"href":"https:\/\/langedykvintagewatches.com\/de\/wp-json\/wp\/v2\/product_cat?post=55335"},{"taxonomy":"product_tag","embeddable":true,"href":"https:\/\/langedykvintagewatches.com\/de\/wp-json\/wp\/v2\/product_tag?post=55335"}],"curies":[{"name":"wp","href":"https:\/\/api.w.org\/{rel}","templated":true}]}}