{"id":54511,"date":"2025-12-23T09:31:38","date_gmt":"2025-12-23T08:31:38","guid":{"rendered":"https:\/\/langedykvintagewatches.com\/?post_type=product&#038;p=54511"},"modified":"2025-12-23T09:31:46","modified_gmt":"2025-12-23T08:31:46","slug":"rolex-datejust-16233-22","status":"publish","type":"product","link":"https:\/\/langedykvintagewatches.com\/de\/produkt\/rolex-datejust-16233-22\/","title":{"rendered":"Rolex Oyster Perpetual Datejust Champagne Roman 16233 1991 (Vollst\u00e4ndiger Satz)"},"content":{"rendered":"<p>Von der kannelierten L\u00fcnette aus 18-kar\u00e4tigem Gold \u00fcber die 3-Stunden-Datumslupe mit Cyclops-Auge bis hin zur kunstvoll gestalteten Kombination aus Edelstahl und Gelbgold (18-kar\u00e4tig) ist die Rolex Datejust 16233 der wahre Inbegriff der ikonischen Rolex-Uhren. Dieses Modell erschien 1988 zum ersten Mal in den Juwelierl\u00e4den und wurde mit der neuen Referenznummer 16233&#8243; auf den neuesten Stand der Technik gebracht. Rolex ersetzte zum ersten Mal das \u00fcbliche Acrylglas und stattete die Datejust mit einem Saphirglas aus, was sie etwas moderner erscheinen l\u00e4sst.<\/p>\n<p>Die Datejust 16233 schreit wie kaum ein anderes Modell nach Rolex und wurde in unz\u00e4hligen Filmen und Fernsehserien zur ikonischen und stets erkennbaren Version der Uhr. Die Datejust 16233 ist ein Synonym f\u00fcr Luxus und verf\u00fcgt \u00fcber ein Automatikwerk des Kalibers 3135 mit der seiner Zeit vorausweisenden Quickset-Funktion f\u00fcr den sofortigen Datumswechsel. Das Rolex-Kaliber 3135 arbeitet mit 28.800 Schl\u00e4gen pro Stunde, was eine zuverl\u00e4ssige Gangreserve von 48 Stunden erm\u00f6glicht und dieses Datejust-Modell zu einem Muss f\u00fcr jeden Rolex-Liebhaber macht.<\/p>\n<p>Von Winston Churchill \u00fcber FDR bis hin zu James Bond &#8211; Rolex-Uhren aller Marken und Modelle sind f\u00fcr die einflussreichsten und innovativsten Menschen der Welt zu einem Symbol f\u00fcr Eleganz, Klasse und Pr\u00e4zisionsdesign geworden. Sie sind in der Tat eine zeitlose Armbanduhr, die mit der meisterhaften Handwerkskunst hergestellt wird, die Sie in einem Zeitmesser von h\u00f6chster Erbst\u00fcckqualit\u00e4t finden k\u00f6nnen. Erleben Sie den Unterschied in Klasse, Stil und Handwerkskunst, der mit der Rolex Datejust 16233 einhergeht, und entdecken Sie die wahre Vielseitigkeit an Ihrem Handgelenk.<\/p>\n","protected":false},"excerpt":{"rendered":"<p>Rolex Oyster Perpetual Datejust reference 16233 from 1996 including full set. The Datejust 16233 measures a 36mm gold and stainless steel case, two-tone Jubilee bracelet and fluted 18k gold bezel. This Datejust 16233 features an automatic movement caliber 3135 with a quickset date function, a scratch resistance sapphire crystal and a champagne dial.<\/p>\n<p>Every watch sold by Langedyk Vintage Watches is included with a LVW watch box, Authenticity report and free worldwide (insured) shipment. In addition, every pre-owned watch is offered with our 12-month warranty from the date of purchase.<br \/>\nIf you have any inquiries or would like to receive additional information about this watch, please feel free to contact us by phone or email. We will respond to your request as soon as possible.<br \/>\nPlease also have a look at our full collection of Rolex Datejust watches.<\/p>\n","protected":false},"featured_media":100055,"template":"","meta":{"_acf_changed":false},"product_brand":[],"product_cat":[1909,1928,2022,2023,1922,1910,1914,1915,2021,2600],"product_tag":[],"class_list":{"0":"post-54511","1":"product","2":"type-product","3":"status-publish","4":"has-post-thumbnail","5":"product_cat-herrenuhren","6":"product_cat-16233-de","7":"product_cat-armbanduhren","8":"product_cat-damenuhren","9":"product_cat-datejust-de","10":"product_cat-neu-eingetroffen","11":"product_cat-rolex-de","12":"product_cat-rolex-brands-de","13":"product_cat-unisex-armbanduhren","14":"product_cat-verkaufte-uhren","16":"first","17":"outofstock","18":"taxable","19":"shipping-taxable","20":"purchasable","21":"product-type-simple"},"acf":[],"_links":{"self":[{"href":"https:\/\/langedykvintagewatches.com\/de\/wp-json\/wp\/v2\/product\/54511","targetHints":{"allow":["GET"]}}],"collection":[{"href":"https:\/\/langedykvintagewatches.com\/de\/wp-json\/wp\/v2\/product"}],"about":[{"href":"https:\/\/langedykvintagewatches.com\/de\/wp-json\/wp\/v2\/types\/product"}],"wp:featuredmedia":[{"embeddable":true,"href":"https:\/\/langedykvintagewatches.com\/de\/wp-json\/wp\/v2\/media\/100055"}],"wp:attachment":[{"href":"https:\/\/langedykvintagewatches.com\/de\/wp-json\/wp\/v2\/media?parent=54511"}],"wp:term":[{"taxonomy":"product_brand","embeddable":true,"href":"https:\/\/langedykvintagewatches.com\/de\/wp-json\/wp\/v2\/product_brand?post=54511"},{"taxonomy":"product_cat","embeddable":true,"href":"https:\/\/langedykvintagewatches.com\/de\/wp-json\/wp\/v2\/product_cat?post=54511"},{"taxonomy":"product_tag","embeddable":true,"href":"https:\/\/langedykvintagewatches.com\/de\/wp-json\/wp\/v2\/product_tag?post=54511"}],"curies":[{"name":"wp","href":"https:\/\/api.w.org\/{rel}","templated":true}]}}