{"id":54476,"date":"2024-07-22T08:12:24","date_gmt":"2024-07-22T08:12:24","guid":{"rendered":"https:\/\/langedykvintagewatches.com\/?post_type=product&#038;p=54476"},"modified":"2026-03-25T11:29:52","modified_gmt":"2026-03-25T10:29:52","slug":"rolex-daytona-16523-2","status":"publish","type":"product","link":"https:\/\/langedykvintagewatches.com\/de\/produkt\/rolex-daytona-16523-2\/","title":{"rendered":"Rolex Daytona Zenith Champagne Diamond 16523 1996 (Vollst\u00e4ndiger Setz)"},"content":{"rendered":"","protected":false},"excerpt":{"rendered":"<p>Rolex Daytona Zenith 16523 mit Champagner-Zifferblatt mit diamantindexen von 1996. Die Rolex Daytona Referenz 16523 misst ein 40mm Edelstahlgeh\u00e4use, ein 18k Gelbgold \/ Edelstahl Oyster-Armband und 18k Gelbgold Tachymeter L\u00fcnette. Die Daytona 16523 wird von einem automatischen Zenith Uhrwerk Kaliber 4030 angetrieben und verf\u00fcgt \u00fcber ein kratzfestes Saphirglas.<\/p>\n<p>Jede Uhr, die von Langedyk Vintage Watches verkauft wird, wird mit einer LVW-Uhrenbox, einem Echtheitsbericht und einem kostenlosen weltweiten (versicherten) Versand geliefert. Dar\u00fcber hinaus gilt f\u00fcr jede gebrauchte Uhr unsere 12-monatige Garantie ab dem Kaufdatum.<\/p>\n<p>Wenn Sie Fragen haben oder zus\u00e4tzliche Informationen zu dieser Uhr erhalten m\u00f6chten, k\u00f6nnen Sie uns gerne telefonisch oder per E-Mail kontaktieren. Wir werden Ihre Anfrage so schnell wie m\u00f6glich beantworten.<\/p>\n<p>Werfen Sie bitte auch einen Blick auf unser komplettes Angebot an Rolex <a href=\"https:\/\/langedykvintagewatches.com\/de\/rolex-brands-de\/daytona-de\/\">Daytona<\/a> Uhren.<\/p>\n","protected":false},"featured_media":54929,"template":"","meta":{"_acf_changed":false},"product_brand":[],"product_cat":[1909,1965,2022,1963,1910,1914,1915],"product_tag":[],"class_list":{"0":"post-54476","1":"product","2":"type-product","3":"status-publish","4":"has-post-thumbnail","5":"product_cat-herrenuhren","6":"product_cat-16523-de","7":"product_cat-armbanduhren","8":"product_cat-daytona-de","9":"product_cat-neu-eingetroffen","10":"product_cat-rolex-de","11":"product_cat-rolex-brands-de","13":"first","14":"instock","15":"taxable","16":"shipping-taxable","17":"purchasable","18":"product-type-simple"},"acf":[],"_links":{"self":[{"href":"https:\/\/langedykvintagewatches.com\/de\/wp-json\/wp\/v2\/product\/54476","targetHints":{"allow":["GET"]}}],"collection":[{"href":"https:\/\/langedykvintagewatches.com\/de\/wp-json\/wp\/v2\/product"}],"about":[{"href":"https:\/\/langedykvintagewatches.com\/de\/wp-json\/wp\/v2\/types\/product"}],"wp:featuredmedia":[{"embeddable":true,"href":"https:\/\/langedykvintagewatches.com\/de\/wp-json\/wp\/v2\/media\/54929"}],"wp:attachment":[{"href":"https:\/\/langedykvintagewatches.com\/de\/wp-json\/wp\/v2\/media?parent=54476"}],"wp:term":[{"taxonomy":"product_brand","embeddable":true,"href":"https:\/\/langedykvintagewatches.com\/de\/wp-json\/wp\/v2\/product_brand?post=54476"},{"taxonomy":"product_cat","embeddable":true,"href":"https:\/\/langedykvintagewatches.com\/de\/wp-json\/wp\/v2\/product_cat?post=54476"},{"taxonomy":"product_tag","embeddable":true,"href":"https:\/\/langedykvintagewatches.com\/de\/wp-json\/wp\/v2\/product_tag?post=54476"}],"curies":[{"name":"wp","href":"https:\/\/api.w.org\/{rel}","templated":true}]}}