{"id":54036,"date":"2024-02-06T08:52:33","date_gmt":"2024-02-01T13:22:14","guid":{"rendered":"https:\/\/langedykvintagewatches.com\/?post_type=product&#038;p=54036"},"modified":"2024-02-06T08:57:39","modified_gmt":"2024-02-06T08:57:39","slug":"rolex-day-date-228238","status":"publish","type":"product","link":"https:\/\/langedykvintagewatches.com\/de\/produkt\/rolex-day-date-228238\/","title":{"rendered":"NUE Rolex Day-Date 40 Onyx Baguette 228238 2022 (Vollst\u00e4ndiger Satz)"},"content":{"rendered":"","protected":false},"excerpt":{"rendered":"<p>NUE Rolex Oyster Perpetual Day-Date Referenz 228238 aus dem Jahr 2022 inklusive Komplettset. Die Day-Date 228238 misst ein 40mm 18k Goldgeh\u00e4use, ein 18k Gold Pr\u00e4sident Armband mit Crownclasp und kannelierte 18k Gold L\u00fcnette. Die Day-Date 228238 verf\u00fcgt \u00fcber ein Automatikwerk Kaliber 3255 mit doppelter Schnellverstellung von Datum und Wochentag, ein kratzfestes Saphirglas und ein Onyx-Zifferblatt mit Baguettes.<\/p>\n<p>Jede Uhr, die von Langedyk Vintage Watches verkauft wird, wird mit einer LVW-Uhrenbox, einem Echtheitsbericht und einem kostenlosen weltweiten (versicherten) Versand geliefert. Dar\u00fcber hinaus gilt f\u00fcr jede gebrauchte Uhr unsere 12-monatige Garantie ab dem Kaufdatum.<\/p>\n<p>Wenn Sie Fragen haben oder zus\u00e4tzliche Informationen zu dieser Uhr erhalten m\u00f6chten, k\u00f6nnen Sie uns gerne telefonisch oder per E-Mail kontaktieren. Wir werden Ihre Anfrage so schnell wie m\u00f6glich beantworten.<\/p>\n<p>Werfen Sie auch einen Blick auf unsere komplette Kollektion von Rolex <a href=\"https:\/\/langedykvintagewatches.com\/de\/rolex-brands-de\/day-date-de\/\">Day-Date<\/a> Uhren.<\/p>\n","protected":false},"featured_media":54286,"template":"","meta":{"_acf_changed":false},"product_brand":[],"product_cat":[1962,2022,2023,1951,1909,1910,1914,1915,2021,2600],"product_tag":[],"class_list":{"0":"post-54036","1":"product","2":"type-product","3":"status-publish","4":"has-post-thumbnail","5":"product_cat-228238-de","6":"product_cat-armbanduhren","7":"product_cat-damenuhren","8":"product_cat-day-date-de","9":"product_cat-herrenuhren","10":"product_cat-neu-eingetroffen","11":"product_cat-rolex-de","12":"product_cat-rolex-brands-de","13":"product_cat-unisex-armbanduhren","14":"product_cat-verkaufte-uhren","16":"first","17":"outofstock","18":"purchasable","19":"product-type-simple"},"acf":[],"_links":{"self":[{"href":"https:\/\/langedykvintagewatches.com\/de\/wp-json\/wp\/v2\/product\/54036","targetHints":{"allow":["GET"]}}],"collection":[{"href":"https:\/\/langedykvintagewatches.com\/de\/wp-json\/wp\/v2\/product"}],"about":[{"href":"https:\/\/langedykvintagewatches.com\/de\/wp-json\/wp\/v2\/types\/product"}],"wp:featuredmedia":[{"embeddable":true,"href":"https:\/\/langedykvintagewatches.com\/de\/wp-json\/wp\/v2\/media\/54286"}],"wp:attachment":[{"href":"https:\/\/langedykvintagewatches.com\/de\/wp-json\/wp\/v2\/media?parent=54036"}],"wp:term":[{"taxonomy":"product_brand","embeddable":true,"href":"https:\/\/langedykvintagewatches.com\/de\/wp-json\/wp\/v2\/product_brand?post=54036"},{"taxonomy":"product_cat","embeddable":true,"href":"https:\/\/langedykvintagewatches.com\/de\/wp-json\/wp\/v2\/product_cat?post=54036"},{"taxonomy":"product_tag","embeddable":true,"href":"https:\/\/langedykvintagewatches.com\/de\/wp-json\/wp\/v2\/product_tag?post=54036"}],"curies":[{"name":"wp","href":"https:\/\/api.w.org\/{rel}","templated":true}]}}