{"id":53492,"date":"2024-01-20T12:44:09","date_gmt":"2024-01-20T12:44:12","guid":{"rendered":"https:\/\/langedykvintagewatches.com\/?post_type=product&#038;p=53492"},"modified":"2024-01-22T08:06:36","modified_gmt":"2024-01-22T08:06:36","slug":"rolex-gmt-master-ii-16710-3","status":"publish","type":"product","link":"https:\/\/langedykvintagewatches.com\/de\/produkt\/rolex-gmt-master-ii-16710-3\/","title":{"rendered":"Rolex GMT-Master II &#8222;Stick Zifferblatt &#8220; 16710 2006 (Vollst\u00e4ndiger Satz)"},"content":{"rendered":"<p>Die GMT-Master-Kollektion von Rolex blickt auf eine lange Geschichte zur\u00fcck. Sie begann 1955 mit der allerersten Fliegeruhr, die speziell f\u00fcr Pan Am Airlines hergestellt wurde. In den folgenden 40 Jahren waren die GMT-Master Uhren f\u00fchrend in Sachen Luxus, Klasse und Eleganz, auf die Sie sich bei Rolex verlassen k\u00f6nnen.<\/p>\n<p>Diese Uhren wurden urspr\u00fcnglich f\u00fcr Piloten entwickelt, um zwei verschiedene Zeitzonen gleichzeitig im Auge zu behalten. Sie verf\u00fcgten \u00fcber einen raffiniert konstruierten zus\u00e4tzlichen Stundenzeiger, der alle 24 Stunden eine vollst\u00e4ndige Umdrehung machte. Um eine zweite Zeitzone im Auge zu behalten, musste der Pilot also nur die L\u00fcnette drehen, um die entsprechende Ziffer mit dem 24-Stunden-Zeiger auf dem Zifferblatt in \u00dcbereinstimmung zu bringen.<\/p>\n<p>Wenn es um Fliegeruhren geht, gibt es nichts Besseres als die GMT-Master II ref 16710. Erstmals 1989 vorgestellt und mit einer drehbaren L\u00fcnette aus Aluminium versehen, verf\u00fcgt dieser makellose Zeitmesser \u00fcber ein gr\u00f6\u00dferes 40-mm-Geh\u00e4use und ein Saphirglas sowie \u00fcber ein brandneues Uhrwerk, das es in der GMT-Master-Linie von Rolex noch nicht gab. Diese Uhr bietet dem Tr\u00e4ger die M\u00f6glichkeit, den 12-Stunden-Zeiger unabh\u00e4ngig einzustellen, ohne die L\u00fcnette verstellen zu m\u00fcssen. Das Uhrwerk der GMT-Master II 16710 wird von dem Kal. 3185 angetrieben, das dieses Rolex-Modell zu einem wahren Meisterwerk macht.<\/p>\n<p>Erleben Sie den Unterschied in Design, Haltbarkeit und Luxus, den eine Rolex GMT-Master II ausmacht.<\/p>\n","protected":false},"excerpt":{"rendered":"<p>Rolex Oyster Perpetual GMT-Master II &#8222;Pepsi&#8220; Referenz 16710 von 2006 inklusive Box und Papieren. Die GMT-Master II misst ein 40mm Edelstahlgeh\u00e4use, Edelstahl Oyster Armband mit Fliplock Schlie\u00dfe und drehbare L\u00fcnette mit Pepsi Inlay. Die GMT-Master II 16710 verf\u00fcgt \u00fcber ein Automatikwerk Kaliber 3185 mit GMT-Funktion, ein kratzfestes Saphirglas und ein schwarzes Zifferblatt mit superluminova.<\/p>\n<p>Jede Uhr, die von Langedyk Vintage Watches verkauft wird, wird mit einer LVW-Uhrenbox, einem Echtheitsbericht und einem kostenlosen weltweiten (versicherten) Versand geliefert. Dar\u00fcber hinaus wird jede gebrauchte Uhr mit unserer 12-monatigen Garantie ab dem Kaufdatum angeboten.<\/p>\n<p>Wenn Sie Fragen haben oder zus\u00e4tzliche Informationen zu dieser Uhr erhalten m\u00f6chten, k\u00f6nnen Sie uns gerne telefonisch oder per E-Mail kontaktieren. Wir werden Ihre Anfrage so schnell wie m\u00f6glich beantworten.<\/p>\n<p>Werfen Sie auch einen Blick auf unser komplettes Angebot an Rolex <a href=\"https:\/\/langedykvintagewatches.com\/de\/rolex-brands-de\/gmt-master-ii-de\/\">GMT-Master<\/a> II Uhren.<\/p>\n","protected":false},"featured_media":53592,"template":"","meta":{"_acf_changed":false},"product_brand":[],"product_cat":[1979,1980,2022,1909,1910,1914,1915,2600],"product_tag":[],"class_list":{"0":"post-53492","1":"product","2":"type-product","3":"status-publish","4":"has-post-thumbnail","5":"product_cat-gmt-master-ii-de","6":"product_cat-16710-de","7":"product_cat-armbanduhren","8":"product_cat-herrenuhren","9":"product_cat-neu-eingetroffen","10":"product_cat-rolex-de","11":"product_cat-rolex-brands-de","12":"product_cat-verkaufte-uhren","14":"first","15":"outofstock","16":"taxable","17":"shipping-taxable","18":"purchasable","19":"product-type-simple"},"acf":[],"_links":{"self":[{"href":"https:\/\/langedykvintagewatches.com\/de\/wp-json\/wp\/v2\/product\/53492","targetHints":{"allow":["GET"]}}],"collection":[{"href":"https:\/\/langedykvintagewatches.com\/de\/wp-json\/wp\/v2\/product"}],"about":[{"href":"https:\/\/langedykvintagewatches.com\/de\/wp-json\/wp\/v2\/types\/product"}],"wp:featuredmedia":[{"embeddable":true,"href":"https:\/\/langedykvintagewatches.com\/de\/wp-json\/wp\/v2\/media\/53592"}],"wp:attachment":[{"href":"https:\/\/langedykvintagewatches.com\/de\/wp-json\/wp\/v2\/media?parent=53492"}],"wp:term":[{"taxonomy":"product_brand","embeddable":true,"href":"https:\/\/langedykvintagewatches.com\/de\/wp-json\/wp\/v2\/product_brand?post=53492"},{"taxonomy":"product_cat","embeddable":true,"href":"https:\/\/langedykvintagewatches.com\/de\/wp-json\/wp\/v2\/product_cat?post=53492"},{"taxonomy":"product_tag","embeddable":true,"href":"https:\/\/langedykvintagewatches.com\/de\/wp-json\/wp\/v2\/product_tag?post=53492"}],"curies":[{"name":"wp","href":"https:\/\/api.w.org\/{rel}","templated":true}]}}