{"id":52378,"date":"2023-12-27T10:11:39","date_gmt":"2023-12-21T14:55:03","guid":{"rendered":"https:\/\/langedykvintagewatches.com\/?post_type=product&#038;p=52378"},"modified":"2023-12-27T10:11:40","modified_gmt":"2023-12-27T10:11:40","slug":"rolex-datejust-1601","status":"publish","type":"product","link":"https:\/\/langedykvintagewatches.com\/de\/produkt\/rolex-datejust-1601\/","title":{"rendered":"Rolex Oyster Perpetual Datejust Silver 1601 1973"},"content":{"rendered":"<p>Die Rolex Datejust 16014 hatte eine kurze Produktionszeit von 11 Jahren, aber in dieser Zeit wurde sie schnell zu einem der bekanntesten und beliebtesten Modelle von Rolex. W\u00e4hrend die Datejust im Jahr 1945 eingef\u00fchrt wurde, kamen das Modell 16014 und das Design erst 1977 auf den Markt. In dieser Zeit hatte Rolex reichlich Zeit, diese zeitlosen Modelle in einer Vielzahl von Metallen, Zifferblattfarben, L\u00fcnetten- und Armbandkombinationen herauszubringen. So ist die Datejust 16014 ein wahres Cham\u00e4leon unter den Uhren und passt zu jeder Art von Kleidung, von der Sportkleidung bis zum Smoking.<\/p>\n<p>Die Uhr verf\u00fcgt \u00fcber ein automatisch wechselndes Datumsfenster auf der 3-Stunden-Marke und ein vergr\u00f6\u00dferbares Zyklopglas. Mit dem Modell 16014 der Datejust wurde ein neuer Kalibermechanismus eingef\u00fchrt, und dieses Modell verf\u00fcgt \u00fcber das aktualisierte Automatikwerk 3035, das COSC-zertifiziert ist, um Ihnen jedes Mal, wenn Sie es tragen, die genaueste Anzeige zu bieten.<\/p>\n<p>\u00dcberzeugen Sie sich selbst von dieser unverzichtbaren Uhr f\u00fcr jeden Tag und entdecken Sie den Unterschied, den eine alte Rolex ausmacht. Da die Datejust 16014 in einer Vielzahl von Zifferbl\u00e4ttern erh\u00e4ltlich ist, k\u00f6nnen Sie ganz einfach die perfekte Uhr f\u00fcr Ihren Geschmack finden. Dank des meisterhaft konstruierten Uhrwerks von Rolex zeigt diese zeitlose Uhr am Handgelenk die genaueste Zeit an, die Sie je erlebt haben.<\/p>\n","protected":false},"excerpt":{"rendered":"<p>Rolex Oyster Perpetual Datejust Referenz 1601 von 1973. Die Datejust 1601 misst ein 36-mm-Edelstahlgeh\u00e4use mit einer 18-kar\u00e4tigen Wei\u00dfgoldl\u00fcnette und einem Jubil\u00e4umsarmband aus Edelstahl. Die Datejust 1601 verf\u00fcgt \u00fcber ein Automatikwerk Kaliber 1570, ein wasserdichtes Plexiglas und ein silbernes Zifferblatt mit Tritiumzeigern.<\/p>\n<p>Jede Uhr, die von Langedyk Vintage Watches verkauft wird, wird mit einer LVW-Uhrenbox, einem Echtheitsbericht und einem kostenlosen weltweiten (versicherten) Versand geliefert. Dar\u00fcber hinaus gilt f\u00fcr jede gebrauchte Uhr unsere 12-monatige Garantie ab dem Kaufdatum.<\/p>\n<p>Wenn Sie Fragen haben oder zus\u00e4tzliche Informationen zu dieser Uhr erhalten m\u00f6chten, k\u00f6nnen Sie uns gerne telefonisch oder per E-Mail kontaktieren. Wir werden Ihre Anfrage so schnell wie m\u00f6glich beantworten.<\/p>\n<p>Werfen Sie bitte auch einen Blick auf unser komplettes Angebot an Rolex <a href=\"https:\/\/langedykvintagewatches.com\/de\/rolex-brands-de\/datejust-de\/\">Datejust<\/a> Uhren.<\/p>\n","protected":false},"featured_media":52585,"template":"","meta":{"_acf_changed":false},"product_brand":[],"product_cat":[2653,2022,2023,1922,1909,1910,1914,1915,2021],"product_tag":[],"class_list":{"0":"post-52378","1":"product","2":"type-product","3":"status-publish","4":"has-post-thumbnail","5":"product_cat-1601-de","6":"product_cat-armbanduhren","7":"product_cat-damenuhren","8":"product_cat-datejust-de","9":"product_cat-herrenuhren","10":"product_cat-neu-eingetroffen","11":"product_cat-rolex-de","12":"product_cat-rolex-brands-de","13":"product_cat-unisex-armbanduhren","15":"first","16":"outofstock","17":"taxable","18":"shipping-taxable","19":"purchasable","20":"product-type-simple"},"acf":[],"_links":{"self":[{"href":"https:\/\/langedykvintagewatches.com\/de\/wp-json\/wp\/v2\/product\/52378","targetHints":{"allow":["GET"]}}],"collection":[{"href":"https:\/\/langedykvintagewatches.com\/de\/wp-json\/wp\/v2\/product"}],"about":[{"href":"https:\/\/langedykvintagewatches.com\/de\/wp-json\/wp\/v2\/types\/product"}],"wp:featuredmedia":[{"embeddable":true,"href":"https:\/\/langedykvintagewatches.com\/de\/wp-json\/wp\/v2\/media\/52585"}],"wp:attachment":[{"href":"https:\/\/langedykvintagewatches.com\/de\/wp-json\/wp\/v2\/media?parent=52378"}],"wp:term":[{"taxonomy":"product_brand","embeddable":true,"href":"https:\/\/langedykvintagewatches.com\/de\/wp-json\/wp\/v2\/product_brand?post=52378"},{"taxonomy":"product_cat","embeddable":true,"href":"https:\/\/langedykvintagewatches.com\/de\/wp-json\/wp\/v2\/product_cat?post=52378"},{"taxonomy":"product_tag","embeddable":true,"href":"https:\/\/langedykvintagewatches.com\/de\/wp-json\/wp\/v2\/product_tag?post=52378"}],"curies":[{"name":"wp","href":"https:\/\/api.w.org\/{rel}","templated":true}]}}