{"id":52375,"date":"2025-02-04T08:34:24","date_gmt":"2023-12-21T14:16:02","guid":{"rendered":"https:\/\/langedykvintagewatches.com\/?post_type=product&#038;p=52375"},"modified":"2026-02-11T15:32:53","modified_gmt":"2026-02-11T14:32:53","slug":"rolex-submariner-16610-5","status":"publish","type":"product","link":"https:\/\/langedykvintagewatches.com\/de\/produkt\/rolex-submariner-16610-5\/","title":{"rendered":"Rolex Oyster Perpetual Submariner 16610 1991"},"content":{"rendered":"<div>\n<p>Die Rolex Submariner 16610 ist eine Uhr, in die es sich zu investieren lohnt, wenn Sie Ihre Sammlung um eine atemberaubende Vintage-Uhr erg\u00e4nzen m\u00f6chten. Die Submariner-Linie der Herrenuhren entstand in den fr\u00fchen 1950er Jahren, als der begeisterte Taucher und Rolex-Vorstandsmitglied Rene-Paul Jeanneret seinen Mitarbeitern die Idee pr\u00e4sentierte, einen eleganten Zeitmesser zu entwickeln und herzustellen, der auch wasserdicht und extrem haltbar sein w\u00fcrde. Seine Mitarbeiter waren sich einig, dass dies die perfekte Erg\u00e4nzung der Rolex-Linie w\u00e4re, und so wurde die Submariner-Linie ins Leben gerufen.<\/p>\n<p>Die Submariner 16610 wurde von 1988 bis 2010 produziert und ist ein Vorg\u00e4ngermodell der 116610. Die Submariner 16610 zeichnet sich dadurch aus, dass sie einige der wichtigsten \u00c4nderungen gegen\u00fcber fr\u00fcheren Versionen dieser Linie aufweist. Dazu geh\u00f6ren der Wechsel zu einer Keramikl\u00fcnette, ein gr\u00f6\u00dferer Kronenschutz und gr\u00f6\u00dfere Bandanst\u00f6\u00dfe. Diese robuste Luxus-Taucheruhr zeigt ein eleganteres und dezenteres Design mit einer kleineren Krone und schlankeren Bandanst\u00f6\u00dfen sowie kleineren Indexen und Zeigern. Diese \u00c4nderungen f\u00fcgen sich nahtlos in das klassisch komfortable und attraktive Rolex 3-Glieder-Oyster-Armband ein.<\/p>\n<\/div>\n<p>Die Sub 16610 ist eine perfekte Mischung aus alt und neu, die die klassischen Modelle dieser Linie mit einem Hauch von moderner Funktionalit\u00e4t verbindet. Dieses Submariner-Uhrenmodell h\u00e4lt die Zeit garantiert genau ein, denn es verf\u00fcgt \u00fcber ein gepr\u00fcftes und verifiziertes Kal. 3135 und seiner beeindruckenden Gangreserve. Der Sekundenzeiger l\u00e4uft dank des Automatikwerks mit 28.800 Halbschwingungen pro Stunde m\u00fchelos und wird durch das von Rolex entwickelte Datumsfenster mit Schnellverstellung erg\u00e4nzt. Mit dem zeitlosen Design dieser Armbanduhr m\u00fcssen Sie sich keine Sorgen mehr machen, dass Sie zu Ihrem n\u00e4chsten wichtigen Termin zu sp\u00e4t kommen.<\/p>\n<p>Schlie\u00dfen Sie sich den Reihen der selbstbewussten und einflussreichen M\u00e4nner an, die sich zu Stil und Qualit\u00e4t bekennen, wenn Sie in die makellose Form und Funktion der Submariner 16610 investieren. Diese Sport-\/Taucheruhr in Erbst\u00fcckqualit\u00e4t wird ein t\u00e4gliches Accessoire sein, das Sie \u00fcber Generationen hinweg weitergeben k\u00f6nnen.<\/p>\n","protected":false},"excerpt":{"rendered":"<p>Rolex Oyster Perpetual Submariner Date Reference 16610 aus dem Jahr 1991 mit komplettem Set. Die Submariner 16610 misst ein 40mm Edelstahlgeh\u00e4use, ein Edelstahl-Oyster-Armband mit Fliplock-Schlie\u00dfe und schwarzer drehbarer L\u00fcnette. Die Submariner 16610 verf\u00fcgt \u00fcber ein Automatikkaliber 3135 mit Schnellverstellung des Datums, ein kratzfestes Saphirglas und ein schwarzes Zifferblatt mit Superluminova-Zeigern und -Indizes.<\/p>\n<p>Jede Uhr, die von Langedyk Vintage Watches verkauft wird, wird mit einer LVW-Uhrenbox, einem Echtheitsbericht und einem kostenlosen weltweiten (versicherten) Versand geliefert. Dar\u00fcber hinaus wird jede gebrauchte Uhr mit unserer 12-monatigen Garantie ab dem Kaufdatum angeboten.<\/p>\n<p>Werfen Sie auch einen Blick auf unsere komplette Kollektion von Rolex <a href=\"https:\/\/langedykvintagewatches.com\/de\/rolex-brands-de\/submariner-de\/\" data-mce-href=\"https:\/\/langedykvintagewatches.com\/de\/rolex-brands-de\/submariner-de\/\">Submariner<\/a> Uhren.<\/p>\n","protected":false},"featured_media":75862,"template":"","meta":{"_acf_changed":false},"product_brand":[],"product_cat":[1909,2004,2022,1910,1914,1915,2001,2021,2600],"product_tag":[],"class_list":{"0":"post-52375","1":"product","2":"type-product","3":"status-publish","4":"has-post-thumbnail","5":"product_cat-herrenuhren","6":"product_cat-16610-de","7":"product_cat-armbanduhren","8":"product_cat-neu-eingetroffen","9":"product_cat-rolex-de","10":"product_cat-rolex-brands-de","11":"product_cat-submariner-de","12":"product_cat-unisex-armbanduhren","13":"product_cat-verkaufte-uhren","15":"first","16":"outofstock","17":"taxable","18":"shipping-taxable","19":"purchasable","20":"product-type-simple"},"acf":[],"_links":{"self":[{"href":"https:\/\/langedykvintagewatches.com\/de\/wp-json\/wp\/v2\/product\/52375","targetHints":{"allow":["GET"]}}],"collection":[{"href":"https:\/\/langedykvintagewatches.com\/de\/wp-json\/wp\/v2\/product"}],"about":[{"href":"https:\/\/langedykvintagewatches.com\/de\/wp-json\/wp\/v2\/types\/product"}],"wp:featuredmedia":[{"embeddable":true,"href":"https:\/\/langedykvintagewatches.com\/de\/wp-json\/wp\/v2\/media\/75862"}],"wp:attachment":[{"href":"https:\/\/langedykvintagewatches.com\/de\/wp-json\/wp\/v2\/media?parent=52375"}],"wp:term":[{"taxonomy":"product_brand","embeddable":true,"href":"https:\/\/langedykvintagewatches.com\/de\/wp-json\/wp\/v2\/product_brand?post=52375"},{"taxonomy":"product_cat","embeddable":true,"href":"https:\/\/langedykvintagewatches.com\/de\/wp-json\/wp\/v2\/product_cat?post=52375"},{"taxonomy":"product_tag","embeddable":true,"href":"https:\/\/langedykvintagewatches.com\/de\/wp-json\/wp\/v2\/product_tag?post=52375"}],"curies":[{"name":"wp","href":"https:\/\/api.w.org\/{rel}","templated":true}]}}