{"id":52194,"date":"2023-12-18T07:37:17","date_gmt":"2023-12-14T13:43:29","guid":{"rendered":"https:\/\/langedykvintagewatches.com\/?post_type=product&#038;p=52194"},"modified":"2023-12-19T14:37:34","modified_gmt":"2023-12-19T14:37:34","slug":"rolex-sea-dweller-16600","status":"publish","type":"product","link":"https:\/\/langedykvintagewatches.com\/de\/produkt\/rolex-sea-dweller-16600\/","title":{"rendered":"Rolex Sea-Dweller Black 16600 2004 (Kollektor Satz)"},"content":{"rendered":"","protected":false},"excerpt":{"rendered":"<p>Rolex Sea-Dweller Referenz 16600 aus dem Jahr 2004 mit komplettem Set. Die Sea-Dweller Referenz 16600 misst ein 40mm Edelstahlgeh\u00e4use mit einem Edelstahl-Oysterbracelet mit Faltschlie\u00dfe und schwarzer drehbarer L\u00fcnette. Die Sea-Dweller 16600 verf\u00fcgt \u00fcber ein Automatikwerk Kaliber 3135 mit Schnellverstellung des Datums, ein kratzfestes Saphirglas und ein schwarzblaues Zifferblatt mit Chromalight-Anzeige.<\/p>\n<p>Jede Uhr aus unserer Kollektion wird mit einer LVW-Uhrenbox, einem Echtheitszertifikat und einer 12-monatigen Garantie geliefert. Dar\u00fcber hinaus werden alle unsere Uhren innerhalb Europas kostenlos und versichert versandt. Haben Sie Fragen oder m\u00f6chten Sie weitere Informationen zu dieser Uhr erhalten?<\/p>\n<p>Bitte z\u00f6gern Sie nicht, uns telefonisch zu kontaktieren oder uns eine E-Mail zu schicken. Wir werden versuchen, Ihre Anfrage so schnell wie m\u00f6glich innerhalb von 24 Stunden zu beantworten.<\/p>\n<p>Werfen Sie auch einen Blick auf unser komplettes Angebot an Rolex <a href=\"https:\/\/langedykvintagewatches.com\/de\/rolex-brands-de\/sea-dweller-de\/\">Sea-Dweller<\/a> Uhren.<\/p>\n","protected":false},"featured_media":52215,"template":"","meta":{"_acf_changed":false},"product_brand":[],"product_cat":[1995,2022,1909,1910,1914,1915,1993,2600],"product_tag":[],"class_list":{"0":"post-52194","1":"product","2":"type-product","3":"status-publish","4":"has-post-thumbnail","5":"product_cat-16660-de","6":"product_cat-armbanduhren","7":"product_cat-herrenuhren","8":"product_cat-neu-eingetroffen","9":"product_cat-rolex-de","10":"product_cat-rolex-brands-de","11":"product_cat-sea-dweller-de","12":"product_cat-verkaufte-uhren","14":"first","15":"outofstock","16":"taxable","17":"shipping-taxable","18":"purchasable","19":"product-type-simple"},"acf":[],"_links":{"self":[{"href":"https:\/\/langedykvintagewatches.com\/de\/wp-json\/wp\/v2\/product\/52194","targetHints":{"allow":["GET"]}}],"collection":[{"href":"https:\/\/langedykvintagewatches.com\/de\/wp-json\/wp\/v2\/product"}],"about":[{"href":"https:\/\/langedykvintagewatches.com\/de\/wp-json\/wp\/v2\/types\/product"}],"wp:featuredmedia":[{"embeddable":true,"href":"https:\/\/langedykvintagewatches.com\/de\/wp-json\/wp\/v2\/media\/52215"}],"wp:attachment":[{"href":"https:\/\/langedykvintagewatches.com\/de\/wp-json\/wp\/v2\/media?parent=52194"}],"wp:term":[{"taxonomy":"product_brand","embeddable":true,"href":"https:\/\/langedykvintagewatches.com\/de\/wp-json\/wp\/v2\/product_brand?post=52194"},{"taxonomy":"product_cat","embeddable":true,"href":"https:\/\/langedykvintagewatches.com\/de\/wp-json\/wp\/v2\/product_cat?post=52194"},{"taxonomy":"product_tag","embeddable":true,"href":"https:\/\/langedykvintagewatches.com\/de\/wp-json\/wp\/v2\/product_tag?post=52194"}],"curies":[{"name":"wp","href":"https:\/\/api.w.org\/{rel}","templated":true}]}}