{"id":52160,"date":"2024-11-11T13:03:47","date_gmt":"2024-11-11T13:03:47","guid":{"rendered":"https:\/\/langedykvintagewatches.com\/?post_type=product&#038;p=52160"},"modified":"2023-12-12T13:08:55","modified_gmt":"2023-12-12T13:08:55","slug":"rolex-daytona-zenith-patrizzi-16520","status":"publish","type":"product","link":"https:\/\/langedykvintagewatches.com\/de\/produkt\/rolex-daytona-zenith-patrizzi-16520\/","title":{"rendered":"Rolex Daytona Zenith &#8222;Patrizzi&#8220; 16520 1995 (Vollst\u00e4ndiger Satz)"},"content":{"rendered":"","protected":false},"excerpt":{"rendered":"<p>Rolex Daytona Zenith 16520 mit &#8222;Patrizzi&#8220; Zifferblatt inklusive komplettem Set. Die Rolex Daytona Referenz 16520 hat ein 40 mm gro\u00dfes Edelstahlgeh\u00e4use, ein Oyster-Edelstahlarmband und eine Tachymeterl\u00fcnette aus Edelstahl. Was die Rolex Daytona 16520 mit Patrizzi-Zifferblatt auszeichnet, ist die faszinierende Entwicklung ihrer Zifferblattfarbe. Im Laufe der Zeit wandelt sich das Zifferblatt durch eine chemische Reaktion von seinem urspr\u00fcnglichen schwarzen Farbton zu einem satten, warmen Braunton, so wie bei dem heute angebotenen Exemplar. Die Daytona 16520 wird von einem automatischen Zenith-Uhrwerk Kaliber 4030 angetrieben und verf\u00fcgt \u00fcber ein kratzfestes Saphirglas. Jede Uhr, die von Langedyk Vintage Watches verkauft wird, wird mit einer LVW-Uhrenbox, einem Echtheitsbericht und einem kostenlosen weltweiten (versicherten) Versand geliefert. Dar\u00fcber hinaus gilt f\u00fcr jede gebrauchte Uhr unsere 12-monatige Garantie ab dem Kaufdatum.<\/p>\n<p>Wenn Sie Fragen haben oder zus\u00e4tzliche Informationen zu dieser Uhr erhalten m\u00f6chten, k\u00f6nnen Sie uns gerne telefonisch oder per E-Mail kontaktieren. Wir werden Ihre Anfrage so schnell wie m\u00f6glich beantworten.<\/p>\n<p>Werfen Sie bitte auch einen Blick auf unser komplettes Angebot an Rolex <a href=\"https:\/\/langedykvintagewatches.com\/de\/rolex-brands-de\/daytona-de\/\">Daytona<\/a> Uhren.<\/p>\n","protected":false},"featured_media":81462,"template":"","meta":{"_acf_changed":false},"product_brand":[],"product_cat":[1909,1964,2022,1963,1910,1914,1915],"product_tag":[],"class_list":{"0":"post-52160","1":"product","2":"type-product","3":"status-publish","4":"has-post-thumbnail","5":"product_cat-herrenuhren","6":"product_cat-16520-de","7":"product_cat-armbanduhren","8":"product_cat-daytona-de","9":"product_cat-neu-eingetroffen","10":"product_cat-rolex-de","11":"product_cat-rolex-brands-de","13":"first","14":"outofstock","15":"taxable","16":"shipping-taxable","17":"purchasable","18":"product-type-simple"},"acf":[],"_links":{"self":[{"href":"https:\/\/langedykvintagewatches.com\/de\/wp-json\/wp\/v2\/product\/52160","targetHints":{"allow":["GET"]}}],"collection":[{"href":"https:\/\/langedykvintagewatches.com\/de\/wp-json\/wp\/v2\/product"}],"about":[{"href":"https:\/\/langedykvintagewatches.com\/de\/wp-json\/wp\/v2\/types\/product"}],"wp:featuredmedia":[{"embeddable":true,"href":"https:\/\/langedykvintagewatches.com\/de\/wp-json\/wp\/v2\/media\/81462"}],"wp:attachment":[{"href":"https:\/\/langedykvintagewatches.com\/de\/wp-json\/wp\/v2\/media?parent=52160"}],"wp:term":[{"taxonomy":"product_brand","embeddable":true,"href":"https:\/\/langedykvintagewatches.com\/de\/wp-json\/wp\/v2\/product_brand?post=52160"},{"taxonomy":"product_cat","embeddable":true,"href":"https:\/\/langedykvintagewatches.com\/de\/wp-json\/wp\/v2\/product_cat?post=52160"},{"taxonomy":"product_tag","embeddable":true,"href":"https:\/\/langedykvintagewatches.com\/de\/wp-json\/wp\/v2\/product_tag?post=52160"}],"curies":[{"name":"wp","href":"https:\/\/api.w.org\/{rel}","templated":true}]}}