{"id":51497,"date":"2024-01-16T08:03:47","date_gmt":"2023-11-30T14:32:24","guid":{"rendered":"https:\/\/langedykvintagewatches.com\/?post_type=product&#038;p=51497"},"modified":"2024-01-19T12:35:18","modified_gmt":"2024-01-19T12:35:18","slug":"rolex-daytona-116520","status":"publish","type":"product","link":"https:\/\/langedykvintagewatches.com\/de\/produkt\/rolex-daytona-116520\/","title":{"rendered":"Rolex Daytona Black Chromalight 116520 2015 (Vollst\u00e4ndiger Satz)"},"content":{"rendered":"","protected":false},"excerpt":{"rendered":"<p>Rolex Daytona Referenz 116520 aus dem Jahr 2015 inklusive Komplettset. Die Rolex Daytona Referenz 116520 misst ein 40-mm-Edelstahlgeh\u00e4use und verf\u00fcgt \u00fcber ein Oyster-Edelstahlarmband, eine L\u00fcnette mit Tachymeterskala und ein schwarzes Zifferblatt mit Chromalight-Anzeige. Die Rolex Daytona 116520 wird von einem hauseigenen Kaliber 4130 angetrieben, das \u00fcber eine Chronographenfunktion verf\u00fcgt, mit der Sie Ihre Aktivit\u00e4ten pr\u00e4zise und einfach messen k\u00f6nnen.<\/p>\n<p>Jede Uhr, die von Langedyk Vintage Watches verkauft wird, wird mit einer LVW-Uhrenbox, einem Echtheitsbericht und einem kostenlosen weltweiten (versicherten) Versand geliefert. Dar\u00fcber hinaus wird jede gebrauchte Uhr mit unserer 12-monatigen Garantie ab dem Kaufdatum angeboten.<\/p>\n<p>Wenn Sie Fragen haben oder zus\u00e4tzliche Informationen zu dieser Uhr erhalten m\u00f6chten, k\u00f6nnen Sie uns gerne telefonisch oder per E-Mail kontaktieren. Wir werden Ihre Anfrage so schnell wie m\u00f6glich beantworten.<\/p>\n<p>Werfen Sie bitte auch einen Blick auf unser komplettes Angebot an <a href=\"https:\/\/langedykvintagewatches.com\/de\/rolex-brands-de\/daytona-de\/\" data-mce-href=\"https:\/\/langedykvintagewatches.com\/de\/rolex-brands-de\/daytona-de\/\">Rolex Daytona<\/a> Uhren.<\/p>\n","protected":false},"featured_media":51639,"template":"","meta":{"_acf_changed":false},"product_brand":[],"product_cat":[1969,2022,1963,1909,1910,1914,1915,2600],"product_tag":[],"class_list":{"0":"post-51497","1":"product","2":"type-product","3":"status-publish","4":"has-post-thumbnail","5":"product_cat-116520-de","6":"product_cat-armbanduhren","7":"product_cat-daytona-de","8":"product_cat-herrenuhren","9":"product_cat-neu-eingetroffen","10":"product_cat-rolex-de","11":"product_cat-rolex-brands-de","12":"product_cat-verkaufte-uhren","14":"first","15":"outofstock","16":"taxable","17":"shipping-taxable","18":"purchasable","19":"product-type-simple"},"acf":[],"_links":{"self":[{"href":"https:\/\/langedykvintagewatches.com\/de\/wp-json\/wp\/v2\/product\/51497","targetHints":{"allow":["GET"]}}],"collection":[{"href":"https:\/\/langedykvintagewatches.com\/de\/wp-json\/wp\/v2\/product"}],"about":[{"href":"https:\/\/langedykvintagewatches.com\/de\/wp-json\/wp\/v2\/types\/product"}],"wp:featuredmedia":[{"embeddable":true,"href":"https:\/\/langedykvintagewatches.com\/de\/wp-json\/wp\/v2\/media\/51639"}],"wp:attachment":[{"href":"https:\/\/langedykvintagewatches.com\/de\/wp-json\/wp\/v2\/media?parent=51497"}],"wp:term":[{"taxonomy":"product_brand","embeddable":true,"href":"https:\/\/langedykvintagewatches.com\/de\/wp-json\/wp\/v2\/product_brand?post=51497"},{"taxonomy":"product_cat","embeddable":true,"href":"https:\/\/langedykvintagewatches.com\/de\/wp-json\/wp\/v2\/product_cat?post=51497"},{"taxonomy":"product_tag","embeddable":true,"href":"https:\/\/langedykvintagewatches.com\/de\/wp-json\/wp\/v2\/product_tag?post=51497"}],"curies":[{"name":"wp","href":"https:\/\/api.w.org\/{rel}","templated":true}]}}