{"id":51493,"date":"2026-03-03T09:59:24","date_gmt":"2026-03-03T08:59:24","guid":{"rendered":"https:\/\/langedykvintagewatches.com\/?post_type=product&#038;p=51493"},"modified":"2026-03-03T09:59:24","modified_gmt":"2026-03-03T08:59:24","slug":"rolex-day-date-118239","status":"publish","type":"product","link":"https:\/\/langedykvintagewatches.com\/de\/produkt\/rolex-day-date-118239\/","title":{"rendered":"Rolex Day-Date Black 118239 2007"},"content":{"rendered":"","protected":false},"excerpt":{"rendered":"<p>Rolex Oyster Perpetual Day-Date Referenz 118239 aus dem Jahr 2007. Die Day-Date 118239 misst ein 36mm 18k Wei\u00dfgold Geh\u00e4use, ein 18k Wei\u00dfgold Pr\u00e4sident Armband mit Crownclasp und geriffelte 18k Wei\u00dfgold L\u00fcnette. Die Day-Date 118239 verf\u00fcgt \u00fcber ein Automatikwerk Kaliber 3155 mit doppelter Schnellverstellung von Datum und Wochentag, ein kratzfestes Saphirglas und ein schwarzes Zifferblatt.<\/p>\n<p>Jede Uhr, die von Langedyk Vintage Watches verkauft wird, wird mit einer LVW-Uhrenbox, einem Echtheitsbericht und einem kostenlosen weltweiten (versicherten) Versand geliefert. Dar\u00fcber hinaus gilt f\u00fcr jede gebrauchte Uhr unsere 12-monatige Garantie ab dem Kaufdatum.<\/p>\n<p>Wenn Sie Fragen haben oder zus\u00e4tzliche Informationen zu dieser Uhr erhalten m\u00f6chten, k\u00f6nnen Sie uns gerne telefonisch oder per E-Mail kontaktieren. Wir werden Ihre Anfrage so schnell wie m\u00f6glich beantworten.<\/p>\n<p>Werfen Sie auch einen Blick auf unsere komplette Kollektion von Rolex <a href=\"https:\/\/langedykvintagewatches.com\/de\/day-date-de\/\">Day-Date<\/a> Uhren.<\/p>\n","protected":false},"featured_media":105355,"template":"","meta":{"_acf_changed":false},"product_brand":[],"product_cat":[1909,1957,2022,2023,1951,1910,1914,1915,2021],"product_tag":[],"class_list":{"0":"post-51493","1":"product","2":"type-product","3":"status-publish","4":"has-post-thumbnail","5":"product_cat-herrenuhren","6":"product_cat-118239-de","7":"product_cat-armbanduhren","8":"product_cat-damenuhren","9":"product_cat-day-date-de","10":"product_cat-neu-eingetroffen","11":"product_cat-rolex-de","12":"product_cat-rolex-brands-de","13":"product_cat-unisex-armbanduhren","15":"first","16":"outofstock","17":"purchasable","18":"product-type-simple"},"acf":[],"_links":{"self":[{"href":"https:\/\/langedykvintagewatches.com\/de\/wp-json\/wp\/v2\/product\/51493","targetHints":{"allow":["GET"]}}],"collection":[{"href":"https:\/\/langedykvintagewatches.com\/de\/wp-json\/wp\/v2\/product"}],"about":[{"href":"https:\/\/langedykvintagewatches.com\/de\/wp-json\/wp\/v2\/types\/product"}],"wp:featuredmedia":[{"embeddable":true,"href":"https:\/\/langedykvintagewatches.com\/de\/wp-json\/wp\/v2\/media\/105355"}],"wp:attachment":[{"href":"https:\/\/langedykvintagewatches.com\/de\/wp-json\/wp\/v2\/media?parent=51493"}],"wp:term":[{"taxonomy":"product_brand","embeddable":true,"href":"https:\/\/langedykvintagewatches.com\/de\/wp-json\/wp\/v2\/product_brand?post=51493"},{"taxonomy":"product_cat","embeddable":true,"href":"https:\/\/langedykvintagewatches.com\/de\/wp-json\/wp\/v2\/product_cat?post=51493"},{"taxonomy":"product_tag","embeddable":true,"href":"https:\/\/langedykvintagewatches.com\/de\/wp-json\/wp\/v2\/product_tag?post=51493"}],"curies":[{"name":"wp","href":"https:\/\/api.w.org\/{rel}","templated":true}]}}