{"id":51483,"date":"2023-11-28T19:33:14","date_gmt":"2023-11-28T19:33:18","guid":{"rendered":"https:\/\/langedykvintagewatches.com\/?post_type=product&#038;p=51483"},"modified":"2023-11-28T19:36:13","modified_gmt":"2023-11-28T19:36:13","slug":"rolex-daytona-16520","status":"publish","type":"product","link":"https:\/\/langedykvintagewatches.com\/de\/produkt\/rolex-daytona-16520\/","title":{"rendered":"Rolex Daytona Zenith 16520 1998 (Box und Brosch\u00fcren)"},"content":{"rendered":"","protected":false},"excerpt":{"rendered":"<p>Rolex Daytona Zenith 16520 mit &#8222;Patrizzi&#8220; Dial einschlie\u00dflich Box, Brosch\u00fcren und Tag. Die Rolex Daytona Referenz 16520 hat ein 40mm Edelstahlgeh\u00e4use, ein Oyster Edelstahlarmband und eine Tachymeterl\u00fcnette aus Edelstahl. Was die Rolex Daytona 16520 mit Patrizzi-Zifferblatt auszeichnet, ist die faszinierende Entwicklung ihrer Zifferblattfarbe. Im Laufe der Zeit verwandelt sich das Zifferblatt durch eine chemische Reaktion von seinem urspr\u00fcnglichen Schwarz in einen satten, warmen Braunton, so wie bei dem heute angebotenen Exemplar.<\/p>\n<p>Die Daytona 16520 wird von einem automatischen Zenith-Uhrwerk Kaliber 4030 angetrieben und verf\u00fcgt \u00fcber ein kratzfestes Saphirglas. Jede Uhr, die von Langedyk Vintage Watches verkauft wird, wird mit einer LVW-Uhrenbox, einem Echtheitsbericht und einem kostenlosen weltweiten (versicherten) Versand geliefert. Dar\u00fcber hinaus gilt f\u00fcr jede gebrauchte Uhr unsere 12-monatige Garantie ab dem Kaufdatum.<\/p>\n<p>Wenn Sie Fragen haben oder zus\u00e4tzliche Informationen zu dieser Uhr erhalten m\u00f6chten, k\u00f6nnen Sie uns gerne telefonisch oder per E-Mail kontaktieren. Wir werden Ihre Anfrage so schnell wie m\u00f6glich beantworten.<\/p>\n<p>Werfen Sie bitte auch einen Blick auf unser komplettes Angebot an Rolex <a href=\"https:\/\/langedykvintagewatches.com\/de\/rolex-brands-de\/daytona-de\/\">Daytona<\/a> Uhren.<\/p>\n","protected":false},"featured_media":50496,"template":"","meta":{"_acf_changed":false},"product_brand":[],"product_cat":[1909,1964,2022,1963,1910,1914,1915,2600],"product_tag":[],"class_list":{"0":"post-51483","1":"product","2":"type-product","3":"status-publish","4":"has-post-thumbnail","5":"product_cat-herrenuhren","6":"product_cat-16520-de","7":"product_cat-armbanduhren","8":"product_cat-daytona-de","9":"product_cat-neu-eingetroffen","10":"product_cat-rolex-de","11":"product_cat-rolex-brands-de","12":"product_cat-verkaufte-uhren","14":"first","15":"outofstock","16":"taxable","17":"shipping-taxable","18":"purchasable","19":"product-type-simple"},"acf":[],"_links":{"self":[{"href":"https:\/\/langedykvintagewatches.com\/de\/wp-json\/wp\/v2\/product\/51483","targetHints":{"allow":["GET"]}}],"collection":[{"href":"https:\/\/langedykvintagewatches.com\/de\/wp-json\/wp\/v2\/product"}],"about":[{"href":"https:\/\/langedykvintagewatches.com\/de\/wp-json\/wp\/v2\/types\/product"}],"wp:featuredmedia":[{"embeddable":true,"href":"https:\/\/langedykvintagewatches.com\/de\/wp-json\/wp\/v2\/media\/50496"}],"wp:attachment":[{"href":"https:\/\/langedykvintagewatches.com\/de\/wp-json\/wp\/v2\/media?parent=51483"}],"wp:term":[{"taxonomy":"product_brand","embeddable":true,"href":"https:\/\/langedykvintagewatches.com\/de\/wp-json\/wp\/v2\/product_brand?post=51483"},{"taxonomy":"product_cat","embeddable":true,"href":"https:\/\/langedykvintagewatches.com\/de\/wp-json\/wp\/v2\/product_cat?post=51483"},{"taxonomy":"product_tag","embeddable":true,"href":"https:\/\/langedykvintagewatches.com\/de\/wp-json\/wp\/v2\/product_tag?post=51483"}],"curies":[{"name":"wp","href":"https:\/\/api.w.org\/{rel}","templated":true}]}}