{"id":50296,"date":"2026-03-03T09:59:22","date_gmt":"2026-03-03T08:59:22","guid":{"rendered":"https:\/\/langedykvintagewatches.com\/?post_type=product&#038;p=50296"},"modified":"2026-03-03T09:59:23","modified_gmt":"2026-03-03T08:59:23","slug":"rolex-lady-datejust-79173-11","status":"publish","type":"product","link":"https:\/\/langedykvintagewatches.com\/de\/produkt\/rolex-lady-datejust-79173-11\/","title":{"rendered":"Rolex Lady-Datejust Creme Pyramid 79173 1996 (Vollst\u00e4ndiger Satz)"},"content":{"rendered":"","protected":false},"excerpt":{"rendered":"<p>Rolex Oyster Perpetual Lady-Datejust Referenz 79173 aus dem Jahr 1996 mit komplettem Set. Die Lady-Datejust 79173 misst ein 26mm Gold und Edelstahlgeh\u00e4use, ein zweifarbiges Jubil\u00e4umsarmband und eine geriffelte 14k Goldl\u00fcnette. Diese Lady-Datejust 79173 verf\u00fcgt \u00fcber ein Automatikwerk Kaliber 2235 mit Quickset-Datum-Funktion, ein kratzfestes Saphirglas und ein Creme Pyramidenzifferblatt.<\/p>\n<p>Jede Uhr, die von Langedyk Vintage Watches verkauft wird, wird mit einer LVW-Uhrenbox, einem Echtheitsbericht und einem kostenlosen weltweiten (versicherten) Versand geliefert. Dar\u00fcber hinaus gilt f\u00fcr jede gebrauchte Uhr unsere 12-monatige Garantie ab dem Kaufdatum.<\/p>\n<p>Wenn Sie Fragen haben oder zus\u00e4tzliche Informationen zu dieser Uhr erhalten m\u00f6chten, k\u00f6nnen Sie uns gerne telefonisch oder per E-Mail kontaktieren. Wir werden Ihre Anfrage so schnell wie m\u00f6glich beantworten.<\/p>\n<p>Werfen Sie auch einen Blick auf unser komplettes Angebot an Rolex <a href=\"https:\/\/langedykvintagewatches.com\/de\/rolex-brands-de\/datejust-lady-de\/\">Datejust<\/a> Uhren.<\/p>\n","protected":false},"featured_media":105451,"template":"","meta":{"_acf_changed":false},"product_brand":[],"product_cat":[1910,1948,2022,2023,1943,1914,1915,2021],"product_tag":[],"class_list":{"0":"post-50296","1":"product","2":"type-product","3":"status-publish","4":"has-post-thumbnail","5":"product_cat-neu-eingetroffen","6":"product_cat-79173-de","7":"product_cat-armbanduhren","8":"product_cat-damenuhren","9":"product_cat-datejust-lady-de","10":"product_cat-rolex-de","11":"product_cat-rolex-brands-de","12":"product_cat-unisex-armbanduhren","14":"first","15":"instock","16":"taxable","17":"shipping-taxable","18":"purchasable","19":"product-type-simple"},"acf":[],"_links":{"self":[{"href":"https:\/\/langedykvintagewatches.com\/de\/wp-json\/wp\/v2\/product\/50296","targetHints":{"allow":["GET"]}}],"collection":[{"href":"https:\/\/langedykvintagewatches.com\/de\/wp-json\/wp\/v2\/product"}],"about":[{"href":"https:\/\/langedykvintagewatches.com\/de\/wp-json\/wp\/v2\/types\/product"}],"wp:featuredmedia":[{"embeddable":true,"href":"https:\/\/langedykvintagewatches.com\/de\/wp-json\/wp\/v2\/media\/105451"}],"wp:attachment":[{"href":"https:\/\/langedykvintagewatches.com\/de\/wp-json\/wp\/v2\/media?parent=50296"}],"wp:term":[{"taxonomy":"product_brand","embeddable":true,"href":"https:\/\/langedykvintagewatches.com\/de\/wp-json\/wp\/v2\/product_brand?post=50296"},{"taxonomy":"product_cat","embeddable":true,"href":"https:\/\/langedykvintagewatches.com\/de\/wp-json\/wp\/v2\/product_cat?post=50296"},{"taxonomy":"product_tag","embeddable":true,"href":"https:\/\/langedykvintagewatches.com\/de\/wp-json\/wp\/v2\/product_tag?post=50296"}],"curies":[{"name":"wp","href":"https:\/\/api.w.org\/{rel}","templated":true}]}}