{"id":49873,"date":"2023-11-06T08:21:26","date_gmt":"2023-11-06T08:29:21","guid":{"rendered":"https:\/\/langedykvintagewatches.com\/?post_type=product&#038;p=49873"},"modified":"2023-11-06T08:29:21","modified_gmt":"2023-11-06T08:29:21","slug":"rolex-day-date-128238","status":"publish","type":"product","link":"https:\/\/langedykvintagewatches.com\/de\/produkt\/rolex-day-date-128238\/","title":{"rendered":"NUE Rolex Day-Date 36 Diamonds 128238 2022 (Vollst\u00e4ndiger Satz)"},"content":{"rendered":"","protected":false},"excerpt":{"rendered":"<p>NUE Rolex Day-Date Referenz 128238 aus dem Jahr 2022 mit komplettem Set. Die Day-Date 128238 misst ein 36-mm-Geh\u00e4use aus 18 Karat Gold, ein 18-Karat-Gold-Pr\u00e4sidentenarmband mit Kronenschlie\u00dfe und kannelierter 18-Karat-Goldl\u00fcnette. Die Day-Date 128238 verf\u00fcgt \u00fcber ein Automatikwerk Kaliber 3255 mit doppelter Schnellverstellung von Datum und Wochentag, ein kratzfestes Saphirglas und ein dunkelgraues Zifferblatt mit Diamantindexen.<\/p>\n<p>Jede Uhr, die von Langedyk Vintage Watches verkauft wird, wird mit einer LVW-Uhrenbox, einem Echtheitsbericht und einem kostenlosen weltweiten (versicherten) Versand geliefert. Dar\u00fcber hinaus gilt f\u00fcr jede gebrauchte Uhr unsere 12-monatige Garantie ab dem Kaufdatum.<\/p>\n<p>Wenn Sie Fragen haben oder zus\u00e4tzliche Informationen zu dieser Uhr erhalten m\u00f6chten, k\u00f6nnen Sie uns gerne telefonisch oder per E-Mail kontaktieren. Wir werden Ihre Anfrage so schnell wie m\u00f6glich beantworten.<\/p>\n<p>Werfen Sie auch einen Blick auf unsere komplette Kollektion von Rolex <a href=\"https:\/\/langedykvintagewatches.com\/de\/rolex-brands-de\/day-date-de\/\">Day-Date<\/a> Uhren.<\/p>\n","protected":false},"featured_media":50195,"template":"","meta":{"_acf_changed":false},"product_brand":[],"product_cat":[1958,2022,2023,1951,1909,1910,1915,1914,2021,2600],"product_tag":[],"class_list":{"0":"post-49873","1":"product","2":"type-product","3":"status-publish","4":"has-post-thumbnail","5":"product_cat-118338-de","6":"product_cat-armbanduhren","7":"product_cat-damenuhren","8":"product_cat-day-date-de","9":"product_cat-herrenuhren","10":"product_cat-neu-eingetroffen","11":"product_cat-rolex-brands-de","12":"product_cat-rolex-de","13":"product_cat-unisex-armbanduhren","14":"product_cat-verkaufte-uhren","16":"first","17":"outofstock","18":"purchasable","19":"product-type-simple"},"acf":[],"_links":{"self":[{"href":"https:\/\/langedykvintagewatches.com\/de\/wp-json\/wp\/v2\/product\/49873","targetHints":{"allow":["GET"]}}],"collection":[{"href":"https:\/\/langedykvintagewatches.com\/de\/wp-json\/wp\/v2\/product"}],"about":[{"href":"https:\/\/langedykvintagewatches.com\/de\/wp-json\/wp\/v2\/types\/product"}],"wp:featuredmedia":[{"embeddable":true,"href":"https:\/\/langedykvintagewatches.com\/de\/wp-json\/wp\/v2\/media\/50195"}],"wp:attachment":[{"href":"https:\/\/langedykvintagewatches.com\/de\/wp-json\/wp\/v2\/media?parent=49873"}],"wp:term":[{"taxonomy":"product_brand","embeddable":true,"href":"https:\/\/langedykvintagewatches.com\/de\/wp-json\/wp\/v2\/product_brand?post=49873"},{"taxonomy":"product_cat","embeddable":true,"href":"https:\/\/langedykvintagewatches.com\/de\/wp-json\/wp\/v2\/product_cat?post=49873"},{"taxonomy":"product_tag","embeddable":true,"href":"https:\/\/langedykvintagewatches.com\/de\/wp-json\/wp\/v2\/product_tag?post=49873"}],"curies":[{"name":"wp","href":"https:\/\/api.w.org\/{rel}","templated":true}]}}