{"id":49459,"date":"2024-01-15T08:44:23","date_gmt":"2023-10-30T08:47:30","guid":{"rendered":"https:\/\/langedykvintagewatches.com\/?post_type=product&#038;p=49459"},"modified":"2023-11-10T17:24:09","modified_gmt":"2023-11-10T17:24:09","slug":"rolex-datejust-16013","status":"publish","type":"product","link":"https:\/\/langedykvintagewatches.com\/de\/produkt\/rolex-datejust-16013\/","title":{"rendered":"Rolex Oyster Perpetual Datejust Champagner 16013 1984"},"content":{"rendered":"","protected":false},"excerpt":{"rendered":"<p>Rolex Oyster Perpetual Datejust Referenz 16013 von 1984. Die Datejust 16013 misst ein 36-mm-Geh\u00e4use aus Gold und Edelstahl, ein zweifarbiges Jubilee-Armband und eine kannelierte L\u00fcnette aus 18 Karat Gold. Diese Datejust 16013 verf\u00fcgt \u00fcber ein Automatikwerk Kaliber 3035 mit einem Quickset-Datum Funktion, ein Plexiglas und ein Champagner-Stick Zifferblatt.<\/p>\n<p>Jede Uhr, die von Langedyk Vintage Watches verkauft wird, wird mit einer LVW-Uhrenbox, einem Echtheitsbericht und einem kostenlosen weltweiten (versicherten) Versand geliefert. Dar\u00fcber hinaus gilt f\u00fcr jede gebrauchte Uhr unsere 12-monatige Garantie ab dem Kaufdatum.<\/p>\n<p>Wenn Sie Fragen haben oder weitere Informationen zu dieser Uhr erhalten m\u00f6chten, k\u00f6nnen Sie uns gerne telefonisch oder per E-Mail kontaktieren. Wir werden Ihre Anfrage so schnell wie m\u00f6glich beantworten.<\/p>\n<p>Werfen Sie auch einen Blick auf unsere komplette Kollektion von Rolex <a href=\"https:\/\/langedykvintagewatches.com\/de\/rolex-brands-de\/datejust-de\/\">Datejust<\/a> Uhren.<\/p>\n","protected":false},"featured_media":49758,"template":"","meta":{"_acf_changed":false},"product_brand":[],"product_cat":[1923,2022,2023,1922,1909,1910,1914,1915,2021,2600],"product_tag":[],"class_list":{"0":"post-49459","1":"product","2":"type-product","3":"status-publish","4":"has-post-thumbnail","5":"product_cat-16013-de","6":"product_cat-armbanduhren","7":"product_cat-damenuhren","8":"product_cat-datejust-de","9":"product_cat-herrenuhren","10":"product_cat-neu-eingetroffen","11":"product_cat-rolex-de","12":"product_cat-rolex-brands-de","13":"product_cat-unisex-armbanduhren","14":"product_cat-verkaufte-uhren","16":"first","17":"outofstock","18":"taxable","19":"shipping-taxable","20":"purchasable","21":"product-type-simple"},"acf":[],"_links":{"self":[{"href":"https:\/\/langedykvintagewatches.com\/de\/wp-json\/wp\/v2\/product\/49459","targetHints":{"allow":["GET"]}}],"collection":[{"href":"https:\/\/langedykvintagewatches.com\/de\/wp-json\/wp\/v2\/product"}],"about":[{"href":"https:\/\/langedykvintagewatches.com\/de\/wp-json\/wp\/v2\/types\/product"}],"wp:featuredmedia":[{"embeddable":true,"href":"https:\/\/langedykvintagewatches.com\/de\/wp-json\/wp\/v2\/media\/49758"}],"wp:attachment":[{"href":"https:\/\/langedykvintagewatches.com\/de\/wp-json\/wp\/v2\/media?parent=49459"}],"wp:term":[{"taxonomy":"product_brand","embeddable":true,"href":"https:\/\/langedykvintagewatches.com\/de\/wp-json\/wp\/v2\/product_brand?post=49459"},{"taxonomy":"product_cat","embeddable":true,"href":"https:\/\/langedykvintagewatches.com\/de\/wp-json\/wp\/v2\/product_cat?post=49459"},{"taxonomy":"product_tag","embeddable":true,"href":"https:\/\/langedykvintagewatches.com\/de\/wp-json\/wp\/v2\/product_tag?post=49459"}],"curies":[{"name":"wp","href":"https:\/\/api.w.org\/{rel}","templated":true}]}}