{"id":49456,"date":"2024-05-19T08:44:24","date_gmt":"2023-10-30T08:47:30","guid":{"rendered":"https:\/\/langedykvintagewatches.com\/?post_type=product&#038;p=49456"},"modified":"2024-11-24T10:18:06","modified_gmt":"2024-11-24T10:18:06","slug":"rolex-datejust-16233","status":"publish","type":"product","link":"https:\/\/langedykvintagewatches.com\/de\/produkt\/rolex-datejust-16233\/","title":{"rendered":"Rolex Oyster Perpetual Datejust Champagne 16233 1990"},"content":{"rendered":"","protected":false},"excerpt":{"rendered":"<p>Rolex Oyster Perpetual Datejust Referenz 16233 aus dem Jahr 1990. Die Datejust 16233 misst ein 36-mm-Geh\u00e4use aus Gold und Edelstahl, ein zweifarbiges Jubilee-Armband und eine kannelierte L\u00fcnette aus 18 Karat Gold. Diese Datejust 16233 verf\u00fcgt \u00fcber ein automatisches Uhrwerk Kaliber 3135 mit Schnellverstellung des Datums, ein kratzfestes Saphirglas und ein champagner Zifferblatt.<\/p>\n<p>Jede Uhr, die von Langedyk Vintage Watches verkauft wird, wird mit einer LVW-Uhrenbox, einem Echtheitsbericht und einem kostenlosen weltweiten (versicherten) Versand geliefert. Dar\u00fcber hinaus gilt f\u00fcr jede gebrauchte Uhr unsere 12-monatige Garantie ab dem Kaufdatum.<\/p>\n<p>Wenn Sie Fragen haben oder weitere Informationen zu dieser Uhr erhalten m\u00f6chten, k\u00f6nnen Sie uns gerne telefonisch oder per E-Mail kontaktieren. Wir werden Ihre Anfrage so schnell wie m\u00f6glich beantworten.<\/p>\n<p>Werfen Sie auch einen Blick auf unsere komplette Kollektion von Rolex <a href=\"https:\/\/langedykvintagewatches.com\/de\/rolex-brands-de\/datejust-de\/\">Datejust<\/a> Uhren.<\/p>\n","protected":false},"featured_media":59336,"template":"","meta":{"_acf_changed":false},"product_brand":[],"product_cat":[1909,1928,2022,2023,1922,1910,1915,1914,2021],"product_tag":[],"class_list":{"0":"post-49456","1":"product","2":"type-product","3":"status-publish","4":"has-post-thumbnail","5":"product_cat-herrenuhren","6":"product_cat-16233-de","7":"product_cat-armbanduhren","8":"product_cat-damenuhren","9":"product_cat-datejust-de","10":"product_cat-neu-eingetroffen","11":"product_cat-rolex-brands-de","12":"product_cat-rolex-de","13":"product_cat-unisex-armbanduhren","15":"first","16":"outofstock","17":"taxable","18":"shipping-taxable","19":"purchasable","20":"product-type-simple"},"acf":[],"_links":{"self":[{"href":"https:\/\/langedykvintagewatches.com\/de\/wp-json\/wp\/v2\/product\/49456","targetHints":{"allow":["GET"]}}],"collection":[{"href":"https:\/\/langedykvintagewatches.com\/de\/wp-json\/wp\/v2\/product"}],"about":[{"href":"https:\/\/langedykvintagewatches.com\/de\/wp-json\/wp\/v2\/types\/product"}],"wp:featuredmedia":[{"embeddable":true,"href":"https:\/\/langedykvintagewatches.com\/de\/wp-json\/wp\/v2\/media\/59336"}],"wp:attachment":[{"href":"https:\/\/langedykvintagewatches.com\/de\/wp-json\/wp\/v2\/media?parent=49456"}],"wp:term":[{"taxonomy":"product_brand","embeddable":true,"href":"https:\/\/langedykvintagewatches.com\/de\/wp-json\/wp\/v2\/product_brand?post=49456"},{"taxonomy":"product_cat","embeddable":true,"href":"https:\/\/langedykvintagewatches.com\/de\/wp-json\/wp\/v2\/product_cat?post=49456"},{"taxonomy":"product_tag","embeddable":true,"href":"https:\/\/langedykvintagewatches.com\/de\/wp-json\/wp\/v2\/product_tag?post=49456"}],"curies":[{"name":"wp","href":"https:\/\/api.w.org\/{rel}","templated":true}]}}