{"id":48609,"date":"2026-03-31T09:32:58","date_gmt":"2026-03-31T07:32:58","guid":{"rendered":"https:\/\/langedykvintagewatches.com\/?post_type=product&#038;p=48609"},"modified":"2026-03-31T09:32:58","modified_gmt":"2026-03-31T07:32:58","slug":"rolex-day-date-1803","status":"publish","type":"product","link":"https:\/\/langedykvintagewatches.com\/de\/produkt\/rolex-day-date-1803\/","title":{"rendered":"Rolex Day-Date White 1803 1966"},"content":{"rendered":"","protected":false},"excerpt":{"rendered":"<p>Rolex Oyster Perpetual Day-Date Referenz 1803 aus dem Jahr 1966. Die Day-Date 1803 misst ein 36-mm-Geh\u00e4use aus 18-kar\u00e4tigem Gold, ein 18-kar\u00e4tiges Pr\u00e4sidentenarmband mit Kronenschlie\u00dfe und eine kannelierte L\u00fcnette aus 18-kar\u00e4tigem Gold. Die Day-Date 1803 verf\u00fcgt \u00fcber ein Automatikwerk Kaliber 1555\/1556, ein kratzfestes Plexiglass und ein Wei\u00dfes Stabzifferblatt mit Tritiumzeigern.<\/p>\n<p>Jede Uhr, die von Langedyk Vintage Watches verkauft wird, wird mit einer LVW-Uhrenbox, einem Echtheitsbericht und einem kostenlosen weltweiten (versicherten) Versand geliefert. Dar\u00fcber hinaus wird jede gebrauchte Uhr mit unserer 12-monatigen Garantie ab dem Kaufdatum angeboten.<\/p>\n<p>Wenn Sie Fragen haben oder zus\u00e4tzliche Informationen zu dieser Uhr erhalten m\u00f6chten, k\u00f6nnen Sie uns gerne telefonisch oder per E-Mail kontaktieren. Wir werden Ihre Anfrage so schnell wie m\u00f6glich beantworten.<\/p>\n<p>Werfen Sie auch einen Blick auf unsere komplette Kollektion von Rolex <a href=\"https:\/\/langedykvintagewatches.com\/de\/day-date-de\/\">Day-Date<\/a> Uhren.<\/p>\n","protected":false},"featured_media":106864,"template":"","meta":{"_acf_changed":false},"product_brand":[],"product_cat":[1909,2022,2023,1951,1910,1914,1915,2021],"product_tag":[],"class_list":{"0":"post-48609","1":"product","2":"type-product","3":"status-publish","4":"has-post-thumbnail","5":"product_cat-herrenuhren","6":"product_cat-armbanduhren","7":"product_cat-damenuhren","8":"product_cat-day-date-de","9":"product_cat-neu-eingetroffen","10":"product_cat-rolex-de","11":"product_cat-rolex-brands-de","12":"product_cat-unisex-armbanduhren","14":"first","15":"instock","16":"purchasable","17":"product-type-simple"},"acf":[],"_links":{"self":[{"href":"https:\/\/langedykvintagewatches.com\/de\/wp-json\/wp\/v2\/product\/48609","targetHints":{"allow":["GET"]}}],"collection":[{"href":"https:\/\/langedykvintagewatches.com\/de\/wp-json\/wp\/v2\/product"}],"about":[{"href":"https:\/\/langedykvintagewatches.com\/de\/wp-json\/wp\/v2\/types\/product"}],"wp:featuredmedia":[{"embeddable":true,"href":"https:\/\/langedykvintagewatches.com\/de\/wp-json\/wp\/v2\/media\/106864"}],"wp:attachment":[{"href":"https:\/\/langedykvintagewatches.com\/de\/wp-json\/wp\/v2\/media?parent=48609"}],"wp:term":[{"taxonomy":"product_brand","embeddable":true,"href":"https:\/\/langedykvintagewatches.com\/de\/wp-json\/wp\/v2\/product_brand?post=48609"},{"taxonomy":"product_cat","embeddable":true,"href":"https:\/\/langedykvintagewatches.com\/de\/wp-json\/wp\/v2\/product_cat?post=48609"},{"taxonomy":"product_tag","embeddable":true,"href":"https:\/\/langedykvintagewatches.com\/de\/wp-json\/wp\/v2\/product_tag?post=48609"}],"curies":[{"name":"wp","href":"https:\/\/api.w.org\/{rel}","templated":true}]}}