{"id":48559,"date":"2023-10-20T13:02:33","date_gmt":"2023-10-11T18:31:01","guid":{"rendered":"https:\/\/langedykvintagewatches.com\/?post_type=product&#038;p=48559"},"modified":"2023-10-11T18:31:02","modified_gmt":"2023-10-11T18:31:02","slug":"rolex-datejust-16234-1989","status":"publish","type":"product","link":"https:\/\/langedykvintagewatches.com\/de\/produkt\/rolex-datejust-16234-1989\/","title":{"rendered":"Rolex Oyster Perpetual Datejust Black 16234 1989 (Vollst\u00e4ndiger Satz)"},"content":{"rendered":"<p>Die 1988 eingef\u00fchrte Rolex Datejust 16234 ist der Staatsmann unter den Damenuhren aus Edelstahl und die erste Wahl, wenn es darum geht, die ultimative Zeitmessung mit dem bew\u00e4hrten klassischen Stil und der kannelierten L\u00fcnette aus 18 Karat Wei\u00dfgold zu verbinden. Dieses Modell verf\u00fcgt \u00fcber ein bis zu 100 m wasserdichtes Edelstahlgeh\u00e4use (36 mm) und ein Edelstahl-Jubil\u00e4umsarmband, das aus voller Kehle &#8222;Dress Watch&#8220; schreit. Doch die gro\u00dfe Auswahl an Zifferbl\u00e4ttern mit Sonnenschliff oder Textur fl\u00fcstert leise, dass diese Uhr die Antwort auf jede Gelegenheit ist, die sich Ihnen bietet.<\/p>\n<p>Auch wenn viele die Breite von 36 mm im Vergleich zu aktuellen Herrenuhren als nominell betrachten, sieht die Rolex Datejust 16234 am Handgelenk eher wie eine 40-mm-Uhr aus. Diese Vintage-Rolex ist mit dem zuverl\u00e4ssigen und stets pr\u00e4zisen Automatikwerk Kaliber 3135 Perpetual ausgestattet, f\u00fcr das Rolex ber\u00fchmt ist. Es ist au\u00dferdem COSC-zertifiziert und wird von echten Handwerkern zusammen mit der von Rolex hergestellten Breguet-Spirale gefertigt. Dieser elegante Zeitmesser verf\u00fcgt \u00fcber die revolution\u00e4re Quickset-Datumsfunktion, die die Datejust-Modelle bei ihrem Erscheinen auf die Landkarte setzte.<\/p>\n<p>Von Winston Churchill \u00fcber FDR bis hin zu James Bond &#8211; Rolex-Uhren aller Marken und Modelle sind f\u00fcr die einflussreichsten und innovativsten Menschen der Welt zu einem Symbol f\u00fcr Eleganz, Klasse und Pr\u00e4zisionsdesign geworden. Sie sind in der Tat eine zeitlose Armbanduhr, die mit der meisterhaftesten Handwerkskunst hergestellt wird, die man in einem Zeitmesser von h\u00f6chster Erbst\u00fcckqualit\u00e4t finden kann. Erleben Sie den Unterschied in Eleganz und Handwerkskunst, den die Rolex Datejust 16234 ausmacht, und entdecken Sie wahre Vielseitigkeit und Klasse an Ihrem Handgelenk.<\/p>\n","protected":false},"excerpt":{"rendered":"<p>Rolex Oyster Perpetual Datejust Referenz 16234 aus dem Jahr 1989 mit komplettem Set. Die Datejust 16234 Datejust misst ein 36mm Edelstahlgeh\u00e4use, ein Edelstahl-Jubil\u00e4umsarmband und eine kannelierte 18k Wei\u00dfgold L\u00fcnette. Diese Datejust 16234 verf\u00fcgt \u00fcber ein Automatikwerk Kaliber 3135 mit Quickset Datum Funktion, eine Kratzfestigkeit Saphirglas und ein schwarzes Zifferblatt mit Tritium Zeiger. Auf jede gebrauchte Uhr, die wir verkaufen, gew\u00e4hren wir 12 Monate Garantie ab Kaufdatum. Jede Uhr, die von Langedyk Vintage Watches verkauft wird, wird mit einer LVW-Uhrenbox, einem Echtheitsbericht und einem kostenlosen weltweiten (versicherten) Versand geliefert.<\/p>\n","protected":false},"featured_media":49261,"template":"","meta":{"_acf_changed":false},"product_brand":[],"product_cat":[1929,2022,2023,1922,1909,1910,1914,1915,2021,2600],"product_tag":[],"class_list":{"0":"post-48559","1":"product","2":"type-product","3":"status-publish","4":"has-post-thumbnail","5":"product_cat-16234-de","6":"product_cat-armbanduhren","7":"product_cat-damenuhren","8":"product_cat-datejust-de","9":"product_cat-herrenuhren","10":"product_cat-neu-eingetroffen","11":"product_cat-rolex-de","12":"product_cat-rolex-brands-de","13":"product_cat-unisex-armbanduhren","14":"product_cat-verkaufte-uhren","16":"first","17":"outofstock","18":"virtual","19":"taxable","20":"purchasable","21":"product-type-simple"},"acf":[],"_links":{"self":[{"href":"https:\/\/langedykvintagewatches.com\/de\/wp-json\/wp\/v2\/product\/48559","targetHints":{"allow":["GET"]}}],"collection":[{"href":"https:\/\/langedykvintagewatches.com\/de\/wp-json\/wp\/v2\/product"}],"about":[{"href":"https:\/\/langedykvintagewatches.com\/de\/wp-json\/wp\/v2\/types\/product"}],"wp:featuredmedia":[{"embeddable":true,"href":"https:\/\/langedykvintagewatches.com\/de\/wp-json\/wp\/v2\/media\/49261"}],"wp:attachment":[{"href":"https:\/\/langedykvintagewatches.com\/de\/wp-json\/wp\/v2\/media?parent=48559"}],"wp:term":[{"taxonomy":"product_brand","embeddable":true,"href":"https:\/\/langedykvintagewatches.com\/de\/wp-json\/wp\/v2\/product_brand?post=48559"},{"taxonomy":"product_cat","embeddable":true,"href":"https:\/\/langedykvintagewatches.com\/de\/wp-json\/wp\/v2\/product_cat?post=48559"},{"taxonomy":"product_tag","embeddable":true,"href":"https:\/\/langedykvintagewatches.com\/de\/wp-json\/wp\/v2\/product_tag?post=48559"}],"curies":[{"name":"wp","href":"https:\/\/api.w.org\/{rel}","templated":true}]}}