{"id":48551,"date":"2024-11-01T08:44:19","date_gmt":"2023-10-30T08:47:33","guid":{"rendered":"https:\/\/langedykvintagewatches.com\/?post_type=product&#038;p=48551"},"modified":"2024-11-02T18:54:59","modified_gmt":"2024-11-02T18:54:59","slug":"rolex-milgauss-116400gv","status":"publish","type":"product","link":"https:\/\/langedykvintagewatches.com\/de\/produkt\/rolex-milgauss-116400gv\/","title":{"rendered":"Rolex Milgauss Black 116400GV 2020 (Vollst\u00e4ndiger Satz) Aufkleber"},"content":{"rendered":"","protected":false},"excerpt":{"rendered":"<p>&nbsp;<\/p>\n<p>Rolex Milgauss Referenz 116400GV aus dem Jahr 2020 einschlie\u00dflich voller Satz in Aufkleber. Die Milgauss 116400GV misst ein 40mm Edelstahlgeh\u00e4use, ein Edelstahl-Oyster-Armband mit Oysterlock-Schlie\u00dfe und glatter L\u00fcnette. Die Milgauss 116400GV verf\u00fcgt \u00fcber ein Automatikkaliber 3131 mit einem kratzfesten Saphirglas und einem mattschwarzen Zifferblatt mit Chromalight-Anzeige.<\/p>\n<p>Jede Uhr, die von Langedyk Vintage Watches verkauft wird, wird mit einer LVW-Uhrenbox, einem Echtheitsbericht und einem kostenlosen weltweiten (versicherten) Versand geliefert. Dar\u00fcber hinaus wird jede gebrauchte Uhr mit unserer 12-monatigen Garantie ab Kaufdatum angeboten.<\/p>\n<p>Wenn Sie Fragen haben oder zus\u00e4tzliche Informationen zu dieser Uhr erhalten m\u00f6chten, k\u00f6nnen Sie uns gerne telefonisch oder per E-Mail kontaktieren. Wir werden Ihre Anfrage so schnell wie m\u00f6glich beantworten.<\/p>\n<p>Werfen Sie bitte auch einen Blick auf unser komplettes Angebot an Rolex <a href=\"https:\/\/langedykvintagewatches.com\/de\/rolex-brands-de\/milgauss-de\/\">Milgauss<\/a> Uhren.<\/p>\n","protected":false},"featured_media":49686,"template":"","meta":{"_acf_changed":false},"product_brand":[],"product_cat":[1987,2022,1909,1985,1910,1914,1915,2021],"product_tag":[],"class_list":{"0":"post-48551","1":"product","2":"type-product","3":"status-publish","4":"has-post-thumbnail","5":"product_cat-116400gv-de","6":"product_cat-armbanduhren","7":"product_cat-herrenuhren","8":"product_cat-milgauss-de","9":"product_cat-neu-eingetroffen","10":"product_cat-rolex-de","11":"product_cat-rolex-brands-de","12":"product_cat-unisex-armbanduhren","14":"first","15":"instock","16":"taxable","17":"shipping-taxable","18":"purchasable","19":"product-type-simple"},"acf":[],"_links":{"self":[{"href":"https:\/\/langedykvintagewatches.com\/de\/wp-json\/wp\/v2\/product\/48551","targetHints":{"allow":["GET"]}}],"collection":[{"href":"https:\/\/langedykvintagewatches.com\/de\/wp-json\/wp\/v2\/product"}],"about":[{"href":"https:\/\/langedykvintagewatches.com\/de\/wp-json\/wp\/v2\/types\/product"}],"wp:featuredmedia":[{"embeddable":true,"href":"https:\/\/langedykvintagewatches.com\/de\/wp-json\/wp\/v2\/media\/49686"}],"wp:attachment":[{"href":"https:\/\/langedykvintagewatches.com\/de\/wp-json\/wp\/v2\/media?parent=48551"}],"wp:term":[{"taxonomy":"product_brand","embeddable":true,"href":"https:\/\/langedykvintagewatches.com\/de\/wp-json\/wp\/v2\/product_brand?post=48551"},{"taxonomy":"product_cat","embeddable":true,"href":"https:\/\/langedykvintagewatches.com\/de\/wp-json\/wp\/v2\/product_cat?post=48551"},{"taxonomy":"product_tag","embeddable":true,"href":"https:\/\/langedykvintagewatches.com\/de\/wp-json\/wp\/v2\/product_tag?post=48551"}],"curies":[{"name":"wp","href":"https:\/\/api.w.org\/{rel}","templated":true}]}}