{"id":48542,"date":"2023-11-29T09:32:18","date_gmt":"2023-10-11T16:43:04","guid":{"rendered":"https:\/\/langedykvintagewatches.com\/?post_type=product&#038;p=48542"},"modified":"2023-10-11T16:43:04","modified_gmt":"2023-10-11T16:43:04","slug":"rolex-air-king-116900-2021","status":"publish","type":"product","link":"https:\/\/langedykvintagewatches.com\/de\/produkt\/rolex-air-king-116900-2021\/","title":{"rendered":"Rolex Air-King Black Arabic 116900 2021 (Vollst\u00e4ndiger Satz)"},"content":{"rendered":"","protected":false},"excerpt":{"rendered":"<p>&nbsp;<\/p>\n<p>Rolex Air-King Referenz 116900 aus dem Jahr 2021. Die Air-King 116900 misst ein 40mm Edelstahlgeh\u00e4use, ein Edelstahl-Oyster-Armband mit Oysterlock-Schlie\u00dfe und glatter L\u00fcnette. Die Air-King 116900 verf\u00fcgt \u00fcber ein Automatikkaliber 3131 mit einem kratzfesten Saphirglas und einem schwarzen Zifferblatt mit Chromalight-Anzeige. Jede Uhr, die von Langedyk Vintage Watches verkauft wird, wird mit einer LVW-Uhrenbox, einem Echtheitsbericht und einem kostenlosen weltweiten (versicherten) Versand geliefert. Dar\u00fcber hinaus wird jede gebrauchte Uhr mit unserer 12-monatigen Garantie ab Kaufdatum angeboten.<\/p>\n<p>Wenn Sie Fragen haben oder zus\u00e4tzliche Informationen zu dieser Uhr erhalten m\u00f6chten, k\u00f6nnen Sie uns gerne telefonisch oder per E-Mail kontaktieren. Wir werden Ihre Anfrage so schnell wie m\u00f6glich beantworten.<\/p>\n<p>Werfen Sie auch einen Blick auf unsere komplette Kollektion von Rolex<a href=\"https:\/\/langedykvintagewatches.com\/de\/rolex-brands-de\/air-king-de\"> Air-King<\/a> Uhren.<\/p>\n","protected":false},"featured_media":51762,"template":"","meta":{"_acf_changed":false},"product_brand":[],"product_cat":[1916],"product_tag":[],"class_list":{"0":"post-48542","1":"product","2":"type-product","3":"status-publish","4":"has-post-thumbnail","5":"product_cat-air-king","7":"first","8":"instock","9":"taxable","10":"shipping-taxable","11":"purchasable","12":"product-type-simple"},"acf":[],"_links":{"self":[{"href":"https:\/\/langedykvintagewatches.com\/de\/wp-json\/wp\/v2\/product\/48542","targetHints":{"allow":["GET"]}}],"collection":[{"href":"https:\/\/langedykvintagewatches.com\/de\/wp-json\/wp\/v2\/product"}],"about":[{"href":"https:\/\/langedykvintagewatches.com\/de\/wp-json\/wp\/v2\/types\/product"}],"wp:featuredmedia":[{"embeddable":true,"href":"https:\/\/langedykvintagewatches.com\/de\/wp-json\/wp\/v2\/media\/51762"}],"wp:attachment":[{"href":"https:\/\/langedykvintagewatches.com\/de\/wp-json\/wp\/v2\/media?parent=48542"}],"wp:term":[{"taxonomy":"product_brand","embeddable":true,"href":"https:\/\/langedykvintagewatches.com\/de\/wp-json\/wp\/v2\/product_brand?post=48542"},{"taxonomy":"product_cat","embeddable":true,"href":"https:\/\/langedykvintagewatches.com\/de\/wp-json\/wp\/v2\/product_cat?post=48542"},{"taxonomy":"product_tag","embeddable":true,"href":"https:\/\/langedykvintagewatches.com\/de\/wp-json\/wp\/v2\/product_tag?post=48542"}],"curies":[{"name":"wp","href":"https:\/\/api.w.org\/{rel}","templated":true}]}}