{"id":48521,"date":"2023-11-11T08:00:05","date_gmt":"2023-10-10T12:50:11","guid":{"rendered":"https:\/\/langedykvintagewatches.com\/?post_type=product&#038;p=48521"},"modified":"2023-10-11T15:22:42","modified_gmt":"2023-10-11T15:22:42","slug":"rolex-datejust-116334-2013","status":"publish","type":"product","link":"https:\/\/langedykvintagewatches.com\/de\/produkt\/rolex-datejust-116334-2013\/","title":{"rendered":"Rolex Datejust 41 Arabic 116334 2013 (Vollst\u00e4ndiger Satz)"},"content":{"rendered":"","protected":false},"excerpt":{"rendered":"<p>Rolex Oyster Perpetual Datejust Referenz 116334 aus dem Jahr 2013 einschlie\u00dflich voller Satz. Die Datejust 116334 misst ein 41-mm-Edelstahlgeh\u00e4use, ein Edelstahl-Oyster-Armband mit Oysterclasp und kannelierte 18k Wei\u00dfgold L\u00fcnette. Diese Datejust 116334 verf\u00fcgt \u00fcber ein Automatikwerk Kaliber 3135 mit einem Quickset-Datum-Funktion, eine Kratzfestigkeit Saphirglas und silberfarbenen Zifferblatt mit blauen arabischen Ziffern. Auf jede gebrauchte Uhr, die wir verkaufen, gew\u00e4hren wir 12 Monate Garantie ab Kaufdatum. Jede Uhr, die von Langedyk Vintage Watches verkauft wird, wird mit einer LVW-Uhrenbox, einem Echtheitsbericht und einem kostenlosen weltweiten (versicherten) Versand geliefert.<\/p>\n","protected":false},"featured_media":50570,"template":"","meta":{"_acf_changed":false},"product_brand":[],"product_cat":[2022,1922,1909,1910,1914,1915,2600],"product_tag":[],"class_list":{"0":"post-48521","1":"product","2":"type-product","3":"status-publish","4":"has-post-thumbnail","5":"product_cat-armbanduhren","6":"product_cat-datejust-de","7":"product_cat-herrenuhren","8":"product_cat-neu-eingetroffen","9":"product_cat-rolex-de","10":"product_cat-rolex-brands-de","11":"product_cat-verkaufte-uhren","13":"first","14":"outofstock","15":"taxable","16":"shipping-taxable","17":"purchasable","18":"product-type-simple"},"acf":[],"_links":{"self":[{"href":"https:\/\/langedykvintagewatches.com\/de\/wp-json\/wp\/v2\/product\/48521","targetHints":{"allow":["GET"]}}],"collection":[{"href":"https:\/\/langedykvintagewatches.com\/de\/wp-json\/wp\/v2\/product"}],"about":[{"href":"https:\/\/langedykvintagewatches.com\/de\/wp-json\/wp\/v2\/types\/product"}],"wp:featuredmedia":[{"embeddable":true,"href":"https:\/\/langedykvintagewatches.com\/de\/wp-json\/wp\/v2\/media\/50570"}],"wp:attachment":[{"href":"https:\/\/langedykvintagewatches.com\/de\/wp-json\/wp\/v2\/media?parent=48521"}],"wp:term":[{"taxonomy":"product_brand","embeddable":true,"href":"https:\/\/langedykvintagewatches.com\/de\/wp-json\/wp\/v2\/product_brand?post=48521"},{"taxonomy":"product_cat","embeddable":true,"href":"https:\/\/langedykvintagewatches.com\/de\/wp-json\/wp\/v2\/product_cat?post=48521"},{"taxonomy":"product_tag","embeddable":true,"href":"https:\/\/langedykvintagewatches.com\/de\/wp-json\/wp\/v2\/product_tag?post=48521"}],"curies":[{"name":"wp","href":"https:\/\/api.w.org\/{rel}","templated":true}]}}