{"id":48511,"date":"2024-05-13T12:58:51","date_gmt":"2023-10-10T11:41:30","guid":{"rendered":"https:\/\/langedykvintagewatches.com\/?post_type=product&#038;p=48511"},"modified":"2024-01-29T10:38:09","modified_gmt":"2024-01-29T10:38:09","slug":"rolex-datejust-126231-2021","status":"publish","type":"product","link":"https:\/\/langedykvintagewatches.com\/de\/produkt\/rolex-datejust-126231-2021\/","title":{"rendered":"Rolex Oyster Perpetual Datejust Chocolate Logo Diamond 126231 2021 (Vollst\u00e4ndiger Satz)"},"content":{"rendered":"","protected":false},"excerpt":{"rendered":"<p>Rolex Oyster Perpetual Datejust Referenz 126231 aus dem Jahr 2021 mit komplettem Set. Die Datejust 126231 misst ein 36-mm-Edelstahlgeh\u00e4use, ein Ros\u00e9gold\/Edelstahl-Jubilee-Armband mit Oysterclasp und eine Ros\u00e9gold geriffelte L\u00fcnette. Diese Datejust 126231 verf\u00fcgt \u00fcber ein Automatikwerk Kaliber 3235 mit Quickset-Datum-Funktion, kratzfestes Saphirglas und ein Schokoladen-Logo-Zifferblatt mit Diamantmarkierungen. Auf jede gebrauchte Uhr, die wir verkaufen, gew\u00e4hren wir eine 12-monatige Garantie ab dem Kaufdatum. Jede Uhr, die von Langedyk Vintage Watches verkauft wird, wird mit einer LVW-Uhrenbox, einem Echtheitsbericht und einem kostenlosen weltweiten (versicherten) Versand geliefert.<\/p>\n","protected":false},"featured_media":50094,"template":"","meta":{"_acf_changed":false},"product_brand":[],"product_cat":[1935,2022,2023,1922,1909,1910,1914,1915,2021,2600],"product_tag":[],"class_list":{"0":"post-48511","1":"product","2":"type-product","3":"status-publish","4":"has-post-thumbnail","5":"product_cat-126231-de","6":"product_cat-armbanduhren","7":"product_cat-damenuhren","8":"product_cat-datejust-de","9":"product_cat-herrenuhren","10":"product_cat-neu-eingetroffen","11":"product_cat-rolex-de","12":"product_cat-rolex-brands-de","13":"product_cat-unisex-armbanduhren","14":"product_cat-verkaufte-uhren","16":"first","17":"outofstock","18":"taxable","19":"shipping-taxable","20":"purchasable","21":"product-type-simple"},"acf":[],"_links":{"self":[{"href":"https:\/\/langedykvintagewatches.com\/de\/wp-json\/wp\/v2\/product\/48511","targetHints":{"allow":["GET"]}}],"collection":[{"href":"https:\/\/langedykvintagewatches.com\/de\/wp-json\/wp\/v2\/product"}],"about":[{"href":"https:\/\/langedykvintagewatches.com\/de\/wp-json\/wp\/v2\/types\/product"}],"wp:featuredmedia":[{"embeddable":true,"href":"https:\/\/langedykvintagewatches.com\/de\/wp-json\/wp\/v2\/media\/50094"}],"wp:attachment":[{"href":"https:\/\/langedykvintagewatches.com\/de\/wp-json\/wp\/v2\/media?parent=48511"}],"wp:term":[{"taxonomy":"product_brand","embeddable":true,"href":"https:\/\/langedykvintagewatches.com\/de\/wp-json\/wp\/v2\/product_brand?post=48511"},{"taxonomy":"product_cat","embeddable":true,"href":"https:\/\/langedykvintagewatches.com\/de\/wp-json\/wp\/v2\/product_cat?post=48511"},{"taxonomy":"product_tag","embeddable":true,"href":"https:\/\/langedykvintagewatches.com\/de\/wp-json\/wp\/v2\/product_tag?post=48511"}],"curies":[{"name":"wp","href":"https:\/\/api.w.org\/{rel}","templated":true}]}}