{"id":48490,"date":"2023-10-09T08:00:44","date_gmt":"2023-10-10T07:40:57","guid":{"rendered":"https:\/\/langedykvintagewatches.com\/?post_type=product&#038;p=48490"},"modified":"2023-10-10T07:40:57","modified_gmt":"2023-10-10T07:40:57","slug":"rolex-submariner-serti-16613-2","status":"publish","type":"product","link":"https:\/\/langedykvintagewatches.com\/de\/produkt\/rolex-submariner-serti-16613-2\/","title":{"rendered":"Rolex Submariner Date Serti 16613 1997 (Vollst\u00e4ndiger Satz)"},"content":{"rendered":"","protected":false},"excerpt":{"rendered":"<p>Rolex Oyster Perpetual Submariner Date Reference 16613 aus dem Jahr 1997 mit komplettem Set. Die Submariner 16613 misst ein 40mm Edelstahl\/Gold Geh\u00e4use, ein Edelstahl\/Gold Oyster Armband mit Fliplock Schlie\u00dfe und blauer drehbarer L\u00fcnette. Die Submariner 16613 verf\u00fcgt \u00fcber ein Automatikkaliber 3135 mit Schnellverstellung des Datums, ein kratzfestes Saphirglas und ein champagnerfarbenes Serti-Zifferblatt mit Tritiumzeigern und Diamant-\/Saphirindexen. Jede Uhr, die von Langedyk Vintage Watches verkauft wird, wird mit einer LVW-Uhrenbox, einem Echtheitsbericht und einem kostenlosen weltweiten (versicherten) Versand geliefert. Dar\u00fcber hinaus gilt f\u00fcr jede gebrauchte Uhr unsere 12-monatige Garantie ab dem Kaufdatum.<\/p>\n<p>Wenn Sie Fragen haben oder zus\u00e4tzliche Informationen zu dieser Uhr erhalten m\u00f6chten, k\u00f6nnen Sie uns gerne telefonisch oder per E-Mail kontaktieren. Wir werden Ihre Anfrage so schnell wie m\u00f6glich beantworten.<\/p>\n<p>Werfen Sie auch einen Blick auf unser komplettes Angebot an <a href=\"https:\/\/langedykvintagewatches.com\/rolex-brands\/submariner\/\">Rolex Submariner<\/a> Uhren.<\/p>\n","protected":false},"featured_media":48328,"template":"","meta":{"_acf_changed":false},"product_brand":[],"product_cat":[2005,2022,1909,1910,1914,1915,2001,2021,2600],"product_tag":[],"class_list":{"0":"post-48490","1":"product","2":"type-product","3":"status-publish","4":"has-post-thumbnail","5":"product_cat-16613-de","6":"product_cat-armbanduhren","7":"product_cat-herrenuhren","8":"product_cat-neu-eingetroffen","9":"product_cat-rolex-de","10":"product_cat-rolex-brands-de","11":"product_cat-submariner-de","12":"product_cat-unisex-armbanduhren","13":"product_cat-verkaufte-uhren","15":"first","16":"outofstock","17":"taxable","18":"shipping-taxable","19":"purchasable","20":"product-type-simple"},"acf":[],"_links":{"self":[{"href":"https:\/\/langedykvintagewatches.com\/de\/wp-json\/wp\/v2\/product\/48490","targetHints":{"allow":["GET"]}}],"collection":[{"href":"https:\/\/langedykvintagewatches.com\/de\/wp-json\/wp\/v2\/product"}],"about":[{"href":"https:\/\/langedykvintagewatches.com\/de\/wp-json\/wp\/v2\/types\/product"}],"wp:featuredmedia":[{"embeddable":true,"href":"https:\/\/langedykvintagewatches.com\/de\/wp-json\/wp\/v2\/media\/48328"}],"wp:attachment":[{"href":"https:\/\/langedykvintagewatches.com\/de\/wp-json\/wp\/v2\/media?parent=48490"}],"wp:term":[{"taxonomy":"product_brand","embeddable":true,"href":"https:\/\/langedykvintagewatches.com\/de\/wp-json\/wp\/v2\/product_brand?post=48490"},{"taxonomy":"product_cat","embeddable":true,"href":"https:\/\/langedykvintagewatches.com\/de\/wp-json\/wp\/v2\/product_cat?post=48490"},{"taxonomy":"product_tag","embeddable":true,"href":"https:\/\/langedykvintagewatches.com\/de\/wp-json\/wp\/v2\/product_tag?post=48490"}],"curies":[{"name":"wp","href":"https:\/\/api.w.org\/{rel}","templated":true}]}}