{"id":48195,"date":"2023-09-30T08:35:34","date_gmt":"2023-10-06T13:40:16","guid":{"rendered":"https:\/\/langedykvintagewatches.com\/?post_type=product&#038;p=48195"},"modified":"2023-10-24T11:55:27","modified_gmt":"2023-10-24T11:55:27","slug":"rolex-datejust-116233-2013","status":"publish","type":"product","link":"https:\/\/langedykvintagewatches.com\/de\/produkt\/rolex-datejust-116233-2013\/","title":{"rendered":"Rolex Oyster Perpetual Datejust Champagne 116233 2013 (Vollst\u00e4ndiger Satz)"},"content":{"rendered":"","protected":false},"excerpt":{"rendered":"<p>&nbsp;<\/p>\n<p>Rolex Oyster Perpetual Datejust Referenz 116233 aus dem Jahr 2013 einschlie\u00dflich voller Satz. Die Datejust 116233 misst eine 36mm Gold und Edelstahl Geh\u00e4use, eine zweifarbige Jubilee Armband mit Kronenschlie\u00dfe und kannelierte 18k Gold L\u00fcnette. Diese Datejust 116233 verf\u00fcgt \u00fcber ein Automatikwerk Kaliber 3135 mit Quickset Datum Funktion, eine Kratzfestigkeit Saphirglas und ein Champagner-Zifferblatt. Jede Uhr, die von Langedyk Vintage Watches verkauft wird, wird mit einer LVW-Uhrenbox, einem Echtheitsbericht und einem kostenlosen weltweiten (versicherten) Versand geliefert. Dar\u00fcber hinaus gilt f\u00fcr jede gebrauchte Uhr unsere 12-monatige Garantie ab dem Kaufdatum.<\/p>\n<p>Wenn Sie Fragen haben oder zus\u00e4tzliche Informationen zu dieser Uhr erhalten m\u00f6chten, k\u00f6nnen Sie uns gerne telefonisch oder per E-Mail kontaktieren. Wir werden Ihre Anfrage so schnell wie m\u00f6glich beantworten.<\/p>\n<p>Werfen Sie auch einen Blick auf unsere komplette Kollektion von Rolex <a href=\"https:\/\/langedykvintagewatches.com\/de\/rolex-brands-de\/datejust-de\/\">Datejust<\/a> Uhren.<\/p>\n","protected":false},"featured_media":47815,"template":"","meta":{"_acf_changed":false},"product_brand":[],"product_cat":[1932,2022,1922,1909,1910,1914,1915,2021,2600],"product_tag":[],"class_list":{"0":"post-48195","1":"product","2":"type-product","3":"status-publish","4":"has-post-thumbnail","5":"product_cat-116233-de","6":"product_cat-armbanduhren","7":"product_cat-datejust-de","8":"product_cat-herrenuhren","9":"product_cat-neu-eingetroffen","10":"product_cat-rolex-de","11":"product_cat-rolex-brands-de","12":"product_cat-unisex-armbanduhren","13":"product_cat-verkaufte-uhren","15":"first","16":"outofstock","17":"taxable","18":"shipping-taxable","19":"purchasable","20":"product-type-simple"},"acf":[],"_links":{"self":[{"href":"https:\/\/langedykvintagewatches.com\/de\/wp-json\/wp\/v2\/product\/48195","targetHints":{"allow":["GET"]}}],"collection":[{"href":"https:\/\/langedykvintagewatches.com\/de\/wp-json\/wp\/v2\/product"}],"about":[{"href":"https:\/\/langedykvintagewatches.com\/de\/wp-json\/wp\/v2\/types\/product"}],"wp:featuredmedia":[{"embeddable":true,"href":"https:\/\/langedykvintagewatches.com\/de\/wp-json\/wp\/v2\/media\/47815"}],"wp:attachment":[{"href":"https:\/\/langedykvintagewatches.com\/de\/wp-json\/wp\/v2\/media?parent=48195"}],"wp:term":[{"taxonomy":"product_brand","embeddable":true,"href":"https:\/\/langedykvintagewatches.com\/de\/wp-json\/wp\/v2\/product_brand?post=48195"},{"taxonomy":"product_cat","embeddable":true,"href":"https:\/\/langedykvintagewatches.com\/de\/wp-json\/wp\/v2\/product_cat?post=48195"},{"taxonomy":"product_tag","embeddable":true,"href":"https:\/\/langedykvintagewatches.com\/de\/wp-json\/wp\/v2\/product_tag?post=48195"}],"curies":[{"name":"wp","href":"https:\/\/api.w.org\/{rel}","templated":true}]}}